{"id":1410783802,"date":"2025-05-09T21:06:36","date_gmt":"2025-05-10T00:06:36","guid":{"rendered":"https:\/\/dinhosreef.com\/produto\/golden-filhotes-frango-mini-bits-101-kg\/"},"modified":"2026-01-12T17:52:39","modified_gmt":"2026-01-12T20:52:39","slug":"golden-filhotes-frango-mini-bits-101-kg","status":"publish","type":"product","link":"https:\/\/dinhosreef.com\/en\/product\/golden-filhotes-frango-mini-bits-101-kg\/","title":{"rendered":"GOLDEN FILHOTES FRANGO MINI BITS 10,1 KG"},"content":{"rendered":"<section id=\"description\" class=\"description\">\n<div class=\"container\">\n<div class=\"spec-content\">\n<p>&#8211; Indicada para c\u00e3es filhotes de porte pequeno;<br \/>\n&#8211; Sa\u00fade oral, auxilia a redu\u00e7\u00e3o da forma\u00e7\u00e3o do t\u00e1rtaro;<br \/>\n&#8211; Redu\u00e7\u00e3o do odor das fezes, sele\u00e7\u00e3o de ingredientes especiais que auxiliam na redu\u00e7\u00e3o do odor das fezes;<br \/>\n&#8211; Intestino saud\u00e1vel, combina\u00e7\u00e3o de nutrientes de alta digestibilidade e fibras naturais;<br \/>\n&#8211; Crescimento saud\u00e1vel, feito com DHA e prote\u00edna de qualidade elevada;<br \/>\n&#8211; Dispon\u00edvel em embalagens com 1kg, 3kg e 10,1kg.<\/p>\n<\/div>\n<\/div>\n<\/section>\n<section id=\"specifications\">\n<div class=\"container\">\n<h2 class=\"section-title\">Especifica\u00e7\u00f5es<\/h2>\n<ul>\n<li class=\"specifications\"><span class=\"spec-key\">Idade<\/span><span class=\"spec-value\">Filhote<\/span><\/li>\n<li class=\"specifications\"><span class=\"spec-key\">Linha<\/span><span class=\"spec-value\">Premium<\/span><\/li>\n<li class=\"specifications\"><span class=\"spec-key\">Pet<\/span><span class=\"spec-value\">Cachorros<\/span><\/li>\n<li class=\"specifications\"><span class=\"spec-key\">Porte de Ra\u00e7a<\/span><span class=\"spec-value\">Pequeno<\/span><\/li>\n<li class=\"specifications\"><span class=\"spec-key\">Transg\u00eanico<\/span><span class=\"spec-value\">Sim<\/span><\/li>\n<li class=\"specifications\"><span class=\"spec-key\">Formato Alimento<\/span><span class=\"spec-value\">Gr\u00e3os<\/span><\/li>\n<li class=\"specifications\"><span class=\"spec-key\">Ra\u00e7a Cachorro<\/span><span class=\"spec-value\">Todas<\/span><\/li>\n<li class=\"specifications\"><span class=\"spec-key\">Tipo Alimento<\/span><span class=\"spec-value\">Comum<\/span><\/li>\n<li class=\"specifications\"><span class=\"spec-key\">Sabor Principal<\/span><span class=\"spec-value\">Frango<\/span><\/li>\n<li class=\"specifications\"><span class=\"spec-key\">Corante<\/span><span class=\"spec-value\">Natural<\/span><\/li>\n<li class=\"specifications\"><span class=\"spec-key\">Tipo<\/span><span class=\"spec-value\">Ra\u00e7\u00f5es secas<\/span><\/li>\n<li class=\"specifications\"><span class=\"spec-key\">Sabor Completo<\/span><span class=\"spec-value\">Frango e Arroz<\/span><\/li>\n<li class=\"specifications\"><span class=\"spec-key\">Indica\u00e7\u00e3o Veterin\u00e1ria<\/span><span class=\"spec-value\">Alimenta\u00e7\u00e3o Di\u00e1ria<\/span><\/li>\n<li class=\"specifications\"><span class=\"spec-key\">Apresenta\u00e7\u00e3o<\/span><span class=\"spec-value\">Dispon\u00edvel em embalagens com 1kg, 3kg e 10,1kg<\/span><\/li>\n<li class=\"specifications specifications-table\"><span class=\"spec-key\">N\u00edveis de Garantia<\/span><span class=\"spec-value\">Umidade (m\u00e1x.) 10,00% 100,00 g\/kg Prote\u00edna Bruta (m\u00edn.) 27,00% 270,00 g\/kg Extrato Et\u00e9reo (m\u00edn.) 13,00% 130,00 g\/kg Mat\u00e9ria Mineral (m\u00e1x.) 8,50% 85,00 g\/kg Mat\u00e9ria Fibrosa (m\u00e1x.) 3,25% 32,50 g\/kg C\u00e1lcio (m\u00e1x.) 1,60% 16,00 g\/kg C\u00e1lcio (m\u00edn.) 1,00% 10,00 g\/kg F\u00f3sforo (m\u00edn.) 0,90% 9.000,00 mg\/kg S\u00f3dio (m\u00edn.) 0,22% 2.200,00 mg\/kg Pot\u00e1ssio (m\u00edn.) 0,50% 5.000,00 mg\/kg \u00d4mega 6 (m\u00edn.) 2,00% 20,00 g\/kg \u00d4mega 3 (m\u00edn.) 0,15% 1.500,00 mg\/kg EPA+DHA (m\u00edn.) 0,06% 600,00 mg\/kg Energia Metaboliz\u00e1vel 3.834,00 kcal\/kg.<\/span><\/li>\n<li class=\"specifications specifications-table\"><span class=\"spec-key\">Composi\u00e7\u00e3o<\/span><span class=\"spec-value\">Farinha de v\u00edsceras de frango, farelo de gl\u00faten de milho 60*, prote\u00edna isolada de su\u00edno, milho integral mo\u00eddo*, quirera de arroz, polpa de beterraba, farelo de arroz desengordurado, gordura de frango, \u00f3leo de peixe, hidrolisado de su\u00edno e frango, \u00e1cido propi\u00f4nico, antioxidantes BHA e BHT, cloreto de pot\u00e1ssio, cloreto de s\u00f3dio, extrato de yucca (0,04%), hexametafosfato de s\u00f3dio (0,1%), levedura seca de cana-de-a\u00e7\u00facar, levedura seca de cervejaria, bentonita, vitamina A, vitamina B12, vitamina C, vitamina D3, vitamina E, vitamina K3, \u00e1cido f\u00f3lico, \u00e1cido pantot\u00eanico, biotina, cloreto de colina, niacina, piridoxina, riboflavina, tiamina, iodeto de pot\u00e1ssio, sel\u00eanio metionina, sulfato de cobre, sulfato de ferro, sulfato de mangan\u00eas, sulfato de zinco. *Cont\u00e9m milho e farelo de gl\u00faten de milho 60 transg\u00eanicos (esp\u00e9cies doadoras de gene: Bacillus thuringiensis, Agrobacterium tumefaciens, Streptomyces viridochromogenes, Zea mays).<\/span><\/li>\n<\/ul>\n<\/div>\n<\/section>","protected":false},"excerpt":{"rendered":"<p>&#8211; Indicada para c\u00e3es filhotes de porte pequeno; &#8211; Sa\u00fade oral, auxilia a redu\u00e7\u00e3o da forma\u00e7\u00e3o do t\u00e1rtaro; &#8211; Redu\u00e7\u00e3o do odor das fezes, sele\u00e7\u00e3o de ingredientes especiais que auxiliam na redu\u00e7\u00e3o do odor das fezes; &#8211; Intestino saud\u00e1vel, combina\u00e7\u00e3o de nutrientes de alta digestibilidade e fibras naturais; &#8211; Crescimento saud\u00e1vel, feito com DHA e [&hellip;]<\/p>\n","protected":false},"featured_media":1410783801,"comment_status":"open","ping_status":"closed","template":"","meta":{"googlesitekit_rrm_CAow0N7NCw:productID":"","content-type":"","pmpro_default_level":"","_themeisle_gutenberg_block_has_review":false},"product_brand":[329],"product_cat":[259],"product_tag":[],"class_list":{"0":"post-1410783802","1":"product","2":"type-product","3":"status-publish","4":"has-post-thumbnail","6":"product_brand-golden","7":"product_cat-racoes-alimento-petisco-e-suplemento-caes","8":"pmpro-has-access","10":"first","11":"outofstock","12":"taxable","13":"shipping-taxable","14":"purchasable","15":"product-type-simple"},"_links":{"self":[{"href":"https:\/\/dinhosreef.com\/en\/wp-json\/wp\/v2\/product\/1410783802","targetHints":{"allow":["GET"]}}],"collection":[{"href":"https:\/\/dinhosreef.com\/en\/wp-json\/wp\/v2\/product"}],"about":[{"href":"https:\/\/dinhosreef.com\/en\/wp-json\/wp\/v2\/types\/product"}],"replies":[{"embeddable":true,"href":"https:\/\/dinhosreef.com\/en\/wp-json\/wp\/v2\/comments?post=1410783802"}],"wp:featuredmedia":[{"embeddable":true,"href":"https:\/\/dinhosreef.com\/en\/wp-json\/wp\/v2\/media\/1410783801"}],"wp:attachment":[{"href":"https:\/\/dinhosreef.com\/en\/wp-json\/wp\/v2\/media?parent=1410783802"}],"wp:term":[{"taxonomy":"product_brand","embeddable":true,"href":"https:\/\/dinhosreef.com\/en\/wp-json\/wp\/v2\/product_brand?post=1410783802"},{"taxonomy":"product_cat","embeddable":true,"href":"https:\/\/dinhosreef.com\/en\/wp-json\/wp\/v2\/product_cat?post=1410783802"},{"taxonomy":"product_tag","embeddable":true,"href":"https:\/\/dinhosreef.com\/en\/wp-json\/wp\/v2\/product_tag?post=1410783802"}],"curies":[{"name":"wp","href":"https:\/\/api.w.org\/{rel}","templated":true}]}}