{"id":1410783810,"date":"2025-05-09T21:07:13","date_gmt":"2025-05-10T00:07:13","guid":{"rendered":"https:\/\/dinhosreef.com\/produto\/golden-gatos-adultos-carne-101-kg\/"},"modified":"2026-05-09T10:12:55","modified_gmt":"2026-05-09T13:12:55","slug":"golden-gatos-adultos-carne-101-kg","status":"publish","type":"product","link":"https:\/\/dinhosreef.com\/en\/product\/golden-gatos-adultos-carne-101-kg\/","title":{"rendered":"GOLDEN GATOS ADULTOS CARNE 10,1 KG"},"content":{"rendered":"<ul>\n<li>Sabor inigual\u00e1vel: m\u00e1xima satisfa\u00e7\u00e3o para o paladar;<\/li>\n<li>Trato urin\u00e1rio saud\u00e1vel: minerais balanceados e controle do pH urin\u00e1rio;<\/li>\n<li>Intestino saud\u00e1vel: combina\u00e7\u00e3o de ingredientes de alta digestibilidade e prebi\u00f3ticos;<\/li>\n<li>\n<p>Redu\u00e7\u00e3o do odor das fezes: sele\u00e7\u00e3o de ingredientes especiais que auxiliam na redu\u00e7\u00e3o do odor das fezes.<\/p>\n<\/li>\n<li>\n<p>Este produto possui Satisfa\u00e7\u00e3o Garantida. Saiba mais abaixo na descri\u00e7\u00e3o.<\/p>\n<\/li>\n<\/ul>","protected":false},"excerpt":{"rendered":"<p>Sabor inigual\u00e1vel: m\u00e1xima satisfa\u00e7\u00e3o para o paladar; Trato urin\u00e1rio saud\u00e1vel: minerais balanceados e controle do pH urin\u00e1rio; Intestino saud\u00e1vel: combina\u00e7\u00e3o de ingredientes de alta digestibilidade e prebi\u00f3ticos; Redu\u00e7\u00e3o do odor das fezes: sele\u00e7\u00e3o de ingredientes especiais que auxiliam na redu\u00e7\u00e3o do odor das fezes. Este produto possui Satisfa\u00e7\u00e3o Garantida. Saiba mais abaixo na descri\u00e7\u00e3o.<\/p>","protected":false},"featured_media":1410783809,"comment_status":"open","ping_status":"closed","template":"","meta":{"googlesitekit_rrm_CAow0N7NCw:productID":"","content-type":"","pmpro_default_level":"","_themeisle_gutenberg_block_has_review":false},"product_brand":[329],"product_cat":[256],"product_tag":[],"class_list":{"0":"post-1410783810","1":"product","2":"type-product","3":"status-publish","4":"has-post-thumbnail","6":"product_brand-golden","7":"product_cat-racoes","8":"pmpro-has-access","10":"first","11":"instock","12":"taxable","13":"shipping-taxable","14":"purchasable","15":"product-type-simple"},"_links":{"self":[{"href":"https:\/\/dinhosreef.com\/en\/wp-json\/wp\/v2\/product\/1410783810","targetHints":{"allow":["GET"]}}],"collection":[{"href":"https:\/\/dinhosreef.com\/en\/wp-json\/wp\/v2\/product"}],"about":[{"href":"https:\/\/dinhosreef.com\/en\/wp-json\/wp\/v2\/types\/product"}],"replies":[{"embeddable":true,"href":"https:\/\/dinhosreef.com\/en\/wp-json\/wp\/v2\/comments?post=1410783810"}],"wp:featuredmedia":[{"embeddable":true,"href":"https:\/\/dinhosreef.com\/en\/wp-json\/wp\/v2\/media\/1410783809"}],"wp:attachment":[{"href":"https:\/\/dinhosreef.com\/en\/wp-json\/wp\/v2\/media?parent=1410783810"}],"wp:term":[{"taxonomy":"product_brand","embeddable":true,"href":"https:\/\/dinhosreef.com\/en\/wp-json\/wp\/v2\/product_brand?post=1410783810"},{"taxonomy":"product_cat","embeddable":true,"href":"https:\/\/dinhosreef.com\/en\/wp-json\/wp\/v2\/product_cat?post=1410783810"},{"taxonomy":"product_tag","embeddable":true,"href":"https:\/\/dinhosreef.com\/en\/wp-json\/wp\/v2\/product_tag?post=1410783810"}],"curies":[{"name":"wp","href":"https:\/\/api.w.org\/{rel}","templated":true}]}}