{"id":1410783824,"date":"2025-05-09T21:08:14","date_gmt":"2025-05-10T00:08:14","guid":{"rendered":"https:\/\/dinhosreef.com\/produto\/filtro-ext-hang-on-soma-hf-500-500l-h-8w-127v\/"},"modified":"2025-09-03T23:04:33","modified_gmt":"2025-09-04T02:04:33","slug":"filtro-ext-hang-on-soma-hf-500-500l-h-8w-127v","status":"publish","type":"product","link":"https:\/\/dinhosreef.com\/en\/product\/filtro-ext-hang-on-soma-hf-500-500l-h-8w-127v\/","title":{"rendered":"Filtro Ext Hang-on Soma Hf-500 &#8211; 500l\/h 8w 127v"},"content":{"rendered":"<p>Nova linha de filtros Hang-On Soma.<\/p>\n<p>Modelo HF-500<\/p>\n<p>Voltagem :127V<\/p>\n<p>&#8211; Com 8 WATTS de pot\u00eancia.<br \/>&#8211; Filtragem mec\u00e2nica, biol\u00f3gica e qu\u00edmica<br \/>&#8211; Vaz\u00e3o de 500L\/H<br \/>&#8211; Capacidade m\u00e1xima recomendada de 65 litros.<br \/>&#8211; Acompanha extrator de superf\u00edcie.<\/p>\n<p>Dimens\u00e3o aproximada: 31 x 15 x 15<\/p>","protected":false},"excerpt":{"rendered":"<p>Nova linha de filtros Hang-On Soma. Modelo HF-500 Voltagem :127V &#8211; Com 8 WATTS de pot\u00eancia.&#8211; Filtragem mec\u00e2nica, biol\u00f3gica e qu\u00edmica&#8211; Vaz\u00e3o de 500L\/H&#8211; Capacidade m\u00e1xima recomendada de 65 litros.&#8211; Acompanha extrator de superf\u00edcie. Dimens\u00e3o aproximada: 31 x 15 x 15<\/p>","protected":false},"featured_media":1410784021,"comment_status":"open","ping_status":"closed","template":"","meta":{"googlesitekit_rrm_CAow0N7NCw:productID":"","content-type":"","pmpro_default_level":"","_themeisle_gutenberg_block_has_review":false},"product_brand":[],"product_cat":[155],"product_tag":[],"class_list":{"0":"post-1410783824","1":"product","2":"type-product","3":"status-publish","4":"has-post-thumbnail","6":"product_cat-outros","7":"pmpro-has-access","9":"first","10":"outofstock","11":"taxable","12":"shipping-taxable","13":"purchasable","14":"product-type-simple"},"_links":{"self":[{"href":"https:\/\/dinhosreef.com\/en\/wp-json\/wp\/v2\/product\/1410783824","targetHints":{"allow":["GET"]}}],"collection":[{"href":"https:\/\/dinhosreef.com\/en\/wp-json\/wp\/v2\/product"}],"about":[{"href":"https:\/\/dinhosreef.com\/en\/wp-json\/wp\/v2\/types\/product"}],"replies":[{"embeddable":true,"href":"https:\/\/dinhosreef.com\/en\/wp-json\/wp\/v2\/comments?post=1410783824"}],"wp:featuredmedia":[{"embeddable":true,"href":"https:\/\/dinhosreef.com\/en\/wp-json\/wp\/v2\/media\/1410784021"}],"wp:attachment":[{"href":"https:\/\/dinhosreef.com\/en\/wp-json\/wp\/v2\/media?parent=1410783824"}],"wp:term":[{"taxonomy":"product_brand","embeddable":true,"href":"https:\/\/dinhosreef.com\/en\/wp-json\/wp\/v2\/product_brand?post=1410783824"},{"taxonomy":"product_cat","embeddable":true,"href":"https:\/\/dinhosreef.com\/en\/wp-json\/wp\/v2\/product_cat?post=1410783824"},{"taxonomy":"product_tag","embeddable":true,"href":"https:\/\/dinhosreef.com\/en\/wp-json\/wp\/v2\/product_tag?post=1410783824"}],"curies":[{"name":"wp","href":"https:\/\/api.w.org\/{rel}","templated":true}]}}