{"id":1410783846,"date":"2025-05-11T21:04:24","date_gmt":"2025-05-12T00:04:24","guid":{"rendered":"https:\/\/dinhosreef.com\/produto\/golden-adultos-frango-mini-bits-150-kg\/"},"modified":"2026-02-15T22:22:37","modified_gmt":"2026-02-16T01:22:37","slug":"golden-adultos-frango-mini-bits-150-kg","status":"publish","type":"product","link":"https:\/\/dinhosreef.com\/en\/product\/golden-adultos-frango-mini-bits-150-kg\/","title":{"rendered":"GOLDEN ADULTOS FRANGO MINI BITS 15,0 KG"},"content":{"rendered":"<p>A\u00a0<strong>Ra\u00e7\u00e3o Premier\u00a0<a href=\"https:\/\/www.petlove.com.br\/golden\" target=\"_blank\" rel=\"noopener\">Golden<\/a>\u00a0Formula C\u00e3es Adultos Frango e Arroz Mini Bits<\/strong> \u00e9 um alimento Premium Especial desenvolvido para c\u00e3es adultos de pequeno porte. Os c\u00e3es s\u00e3o essencialmente carn\u00edvoros e digerem muito melhor alimentos de origem animal. Apresenta gr\u00e3os adequados para animais de pequeno porte, facilitando a mastiga\u00e7\u00e3o. \u00c9 um produto completo e visa, acima de tudo, proporcionar aos c\u00e3es o n\u00edvel ideal de todos os nutrientes que eles necessitam para uma vida longa e saud\u00e1vel.<\/p>","protected":false},"excerpt":{"rendered":"<p>A\u00a0Ra\u00e7\u00e3o Premier\u00a0Golden\u00a0Formula C\u00e3es Adultos Frango e Arroz Mini Bits \u00e9 um alimento Premium Especial desenvolvido para c\u00e3es adultos de pequeno porte. Os c\u00e3es s\u00e3o essencialmente carn\u00edvoros e digerem muito melhor alimentos de origem animal. Apresenta gr\u00e3os adequados para animais de pequeno porte, facilitando a mastiga\u00e7\u00e3o. \u00c9 um produto completo e visa, acima de tudo, proporcionar [&hellip;]<\/p>\n","protected":false},"featured_media":1410783845,"comment_status":"open","ping_status":"closed","template":"","meta":{"googlesitekit_rrm_CAow0N7NCw:productID":"","content-type":"","pmpro_default_level":"","_themeisle_gutenberg_block_has_review":false},"product_brand":[329],"product_cat":[259],"product_tag":[],"class_list":{"0":"post-1410783846","1":"product","2":"type-product","3":"status-publish","4":"has-post-thumbnail","6":"product_brand-golden","7":"product_cat-racoes-alimento-petisco-e-suplemento-caes","8":"pmpro-has-access","10":"first","11":"outofstock","12":"taxable","13":"shipping-taxable","14":"purchasable","15":"product-type-simple"},"_links":{"self":[{"href":"https:\/\/dinhosreef.com\/en\/wp-json\/wp\/v2\/product\/1410783846","targetHints":{"allow":["GET"]}}],"collection":[{"href":"https:\/\/dinhosreef.com\/en\/wp-json\/wp\/v2\/product"}],"about":[{"href":"https:\/\/dinhosreef.com\/en\/wp-json\/wp\/v2\/types\/product"}],"replies":[{"embeddable":true,"href":"https:\/\/dinhosreef.com\/en\/wp-json\/wp\/v2\/comments?post=1410783846"}],"wp:featuredmedia":[{"embeddable":true,"href":"https:\/\/dinhosreef.com\/en\/wp-json\/wp\/v2\/media\/1410783845"}],"wp:attachment":[{"href":"https:\/\/dinhosreef.com\/en\/wp-json\/wp\/v2\/media?parent=1410783846"}],"wp:term":[{"taxonomy":"product_brand","embeddable":true,"href":"https:\/\/dinhosreef.com\/en\/wp-json\/wp\/v2\/product_brand?post=1410783846"},{"taxonomy":"product_cat","embeddable":true,"href":"https:\/\/dinhosreef.com\/en\/wp-json\/wp\/v2\/product_cat?post=1410783846"},{"taxonomy":"product_tag","embeddable":true,"href":"https:\/\/dinhosreef.com\/en\/wp-json\/wp\/v2\/product_tag?post=1410783846"}],"curies":[{"name":"wp","href":"https:\/\/api.w.org\/{rel}","templated":true}]}}