{"id":1410783861,"date":"2025-05-15T08:23:52","date_gmt":"2025-05-15T11:23:52","guid":{"rendered":"https:\/\/dinhosreef.com\/produto\/quatree-gourmet-gato-ad-peixe-10-1kg\/"},"modified":"2026-03-20T16:07:50","modified_gmt":"2026-03-20T19:07:50","slug":"quatree-gourmet-gato-ad-peixe-10-1kg","status":"publish","type":"product","link":"https:\/\/dinhosreef.com\/en\/product\/quatree-gourmet-gato-ad-peixe-10-1kg\/","title":{"rendered":"QUATREE GOURMET GATO AD PEIXE 10.1KG"},"content":{"rendered":"<p>Descri\u00e7\u00e3o:<br \/>\nQuatree Gourmet Gatos Adultos Peixe \u00e9 um alimento completo especialmente desenvolvido para garantir o m\u00e1ximo em sa\u00fade e vitalidade para o gato adulto. \u00c9 rico em prote\u00edna de alta qualidade e \u00f4megas 3 e 6, ingredientes que proporcionam maior digestibilidade e pelagem bonita e saud\u00e1vel. Quatree Gourmet Gatos Adultos Peixe fornece perfeito balanceamento de minerais para a sa\u00fade do trato urin\u00e1rio, garantindo maior longevidade. Possui delicioso sabor de peixe que seu gato vai adorar.<\/p>\n<p>N\u00cdVEIS DE GARANTIA:<\/p>\n<p>Prote\u00edna Bruta (m\u00edn.) 310g\/kg 31,00%<br \/>\nExtrato Et\u00e9reo (m\u00edn.) 120g\/kg 12,00%<br \/>\nFibra Bruta (m\u00e1x.) 30g\/kg 3,00%<br \/>\nMat\u00e9ria Mineral (m\u00e1x.) 85g\/kg 8,5%<br \/>\nC\u00e1lcio (m\u00edn.) 8g\/kg 0,80%<br \/>\nC\u00e1lcio (m\u00e1x.) 20g\/kg 2,00%<br \/>\nF\u00f3sforo (m\u00edn.) 8.000mg\/kg 0,80%<br \/>\nS\u00f3dio (m\u00edn.) 3.000mg\/kg 0,30%<br \/>\nPot\u00e1ssio (m\u00edn.) 6.500mg\/kg 0,65%<br \/>\nMetionina (m\u00edn.) 6.200mg\/kg 0,62%<br \/>\nLisina (m\u00edn.) 7.500mg\/kg 0,75%<br \/>\nTaurina (m\u00edn.) 1.000mg\/kg 0,10%<br \/>\n\u00c1cido Linoleico (m\u00edn.) 20.000mg\/kg 2,00%<br \/>\n\u00c1cido Linol\u00eanico (m\u00edn.) 800mg\/kg 0,08%<br \/>\nUmidade (m\u00e1x.) 90g\/kg 9,00%<br \/>\npH Urin\u00e1rio \u00a0 \u00a0 \u00a0 \u00a0 \u00a0 6,2-6,8<\/p>\n<p>MODO DE USAR:<br \/>\nQuantidade di\u00e1ria de Quatree Gourmet Gatos Adultos Peixe para satisfazer as necessidades do seu gato.<\/p>\n<p>Peso \u00a0 \u00a0 \u00a0 \u00a0 \u00a0Quantidade Di\u00e1ria<br \/>\n2 a 4kg \u00a0 \u00a0 \u00a0 \u00a0 40 a 65g<br \/>\n4 a 6kg \u00a0 \u00a0 \u00a0 \u00a0 65 a 90g<br \/>\n6 a 8kg\u00a0 \u00a0 \u00a0 \u00a0 \u00a0 \u00a0 \u00a090 a 105g<br \/>\nEnergia Metaboliz\u00e1vel 3.800kcal\/kg<\/p>\n<p>As quantidades recomendadas podem variar de acordo com a ra\u00e7a, tamanho e apetite do seu gato, podendo ser graduadas conforme a necessidade do animal ou por recomenda\u00e7\u00e3o do m\u00e9dico veterin\u00e1rio.<br \/>\nUm copo de 250ml equivale a aproximadamente 105g de Quatree Gourmet Gatos Adultos Peixe.<\/p>\n<p>COMPOSI\u00c7\u00c3O B\u00c1SICA DO PRODUTO:<br \/>\nFarinha de peixe, farinha de v\u00edsceras de frango, farinha de carne e ossos, gordura de frango, gordura su\u00edna, \u00f3leo de soja refinado\u00b9, milho integral mo\u00eddo\u00b2, quirera de arroz, farelo de soja\u00b9, farelo de gl\u00faten de milho-60\u00b2, gl\u00faten de trigo, levedura de cerveja, celulose, cloreto de s\u00f3dio (sal comum), taurina, metionina, \u00e1cido fosf\u00f3rico, cloreto de pot\u00e1ssio, cloreto de colina, extrato de yucca (m\u00edn. 0,025%), mananoligossacar\u00eddeo (MOS), premix vitam\u00ednico mineral, hidrolisado de f\u00edgado de frango e su\u00edno, glucanos, BHT, vitaminas (A, D3, E, B1, B2, B6, B12, C, K3, biotina, niacina, \u00e1cido f\u00f3lico, \u00e1cido pantot\u00eanico), minerais (sulfato de cobre, sulfato de ferro, mon\u00f3xido de mangan\u00eas, sulfato de zinco, selenito de s\u00f3dio, iodato de c\u00e1lcio).<\/p>\n<p>EVENTUAIS SUBSTITUTIVOS:<br \/>\nSorgo integral mo\u00eddo, farinha de carne e ossos su\u00edna, prote\u00edna isolada de su\u00edno, farinha de trigo.<br \/>\nEsp\u00e9cies doadoras do gene: Agrobacterium tumefaciens (1,2), Bacillus thuringiensis (1,2), Streptomyces viridochromogenes (1,2), Arabidopsis thaliana (1) e Zea mays (2).<\/p>\n<p>Enriquecimento por quilograma de produto:<br \/>\nVitamina A (10.000UI), vitamina D3 (800UI), vitamina E (75UI), vitamina B1 (5,00mg), vitamina B2 (3,50mg), vitamina B6 (3,00mg), vitamina B12 (15,00mcg), vitamina K3 (0,50mg), vitamina C (100mg), niacina (32,00mg), \u00e1cido pantot\u00eanico (3,50mg), \u00e1cido f\u00f3lico (0,50mg), biotina (0,60mg), cloreto de colina (1.200,00mg), ferro (40,00mg), cobre (7,50mg), mangan\u00eas (12,00mg), zinco (130,00mg), iodo (0,50mg), sel\u00eanio (0,12mg).<\/p>","protected":false},"excerpt":{"rendered":"<p>Descri\u00e7\u00e3o: Quatree Gourmet Gatos Adultos Peixe \u00e9 um alimento completo especialmente desenvolvido para garantir o m\u00e1ximo em sa\u00fade e vitalidade para o gato adulto. \u00c9 rico em prote\u00edna de alta qualidade e \u00f4megas 3 e 6, ingredientes que proporcionam maior digestibilidade e pelagem bonita e saud\u00e1vel. Quatree Gourmet Gatos Adultos Peixe fornece perfeito balanceamento de [&hellip;]<\/p>\n","protected":false},"featured_media":1410784155,"comment_status":"open","ping_status":"closed","template":"","meta":{"googlesitekit_rrm_CAow0N7NCw:productID":"","content-type":"","pmpro_default_level":"","_themeisle_gutenberg_block_has_review":false},"product_brand":[336],"product_cat":[256],"product_tag":[],"class_list":{"0":"post-1410783861","1":"product","2":"type-product","3":"status-publish","4":"has-post-thumbnail","6":"product_brand-quatree","7":"product_cat-racoes","8":"pmpro-has-access","10":"first","11":"outofstock","12":"taxable","13":"shipping-taxable","14":"purchasable","15":"product-type-simple"},"_links":{"self":[{"href":"https:\/\/dinhosreef.com\/en\/wp-json\/wp\/v2\/product\/1410783861","targetHints":{"allow":["GET"]}}],"collection":[{"href":"https:\/\/dinhosreef.com\/en\/wp-json\/wp\/v2\/product"}],"about":[{"href":"https:\/\/dinhosreef.com\/en\/wp-json\/wp\/v2\/types\/product"}],"replies":[{"embeddable":true,"href":"https:\/\/dinhosreef.com\/en\/wp-json\/wp\/v2\/comments?post=1410783861"}],"wp:featuredmedia":[{"embeddable":true,"href":"https:\/\/dinhosreef.com\/en\/wp-json\/wp\/v2\/media\/1410784155"}],"wp:attachment":[{"href":"https:\/\/dinhosreef.com\/en\/wp-json\/wp\/v2\/media?parent=1410783861"}],"wp:term":[{"taxonomy":"product_brand","embeddable":true,"href":"https:\/\/dinhosreef.com\/en\/wp-json\/wp\/v2\/product_brand?post=1410783861"},{"taxonomy":"product_cat","embeddable":true,"href":"https:\/\/dinhosreef.com\/en\/wp-json\/wp\/v2\/product_cat?post=1410783861"},{"taxonomy":"product_tag","embeddable":true,"href":"https:\/\/dinhosreef.com\/en\/wp-json\/wp\/v2\/product_tag?post=1410783861"}],"curies":[{"name":"wp","href":"https:\/\/api.w.org\/{rel}","templated":true}]}}