{"id":1410783865,"date":"2025-05-15T08:24:10","date_gmt":"2025-05-15T11:24:10","guid":{"rendered":"https:\/\/dinhosreef.com\/produto\/quatree-gourmet-gato-ad-carne-10-1kg\/"},"modified":"2026-01-07T16:01:28","modified_gmt":"2026-01-07T19:01:28","slug":"quatree-gourmet-gato-ad-carne-10-1kg","status":"publish","type":"product","link":"https:\/\/dinhosreef.com\/en\/product\/quatree-gourmet-gato-ad-carne-10-1kg\/","title":{"rendered":"QUATREE GOURMET GATO AD CARNE 10.1KG PREMIUM PLUS"},"content":{"rendered":"<p>Quatree Gourmet Gatos Adultos Carne \u00e9 um alimento completo especialmente desenvolvido para garantir o m\u00e1ximo em sa\u00fade e vitalidade para o gato adulto. \u00c9 rico em prote\u00edna de alta qualidade e \u00f4megas 3 e 6, ingredientes que proporcionam maior digestibilidade e pelagem bonita e saud\u00e1vel. Quatree Gourmet Gatos Adultos Carne fornece perfeito balanceamento de minerais para a sa\u00fade do trato urin\u00e1rio, garantindo maior longevidade. Possui delicioso sabor de carne que seu gato vai adorar.<\/p>\n<p>N\u00cdVEIS DE GARANTIA<\/p>\n<p>Prote\u00edna Bruta (m\u00edn.)\u00a0\u00a0\u00a0\u00a0\u00a0310g\/kg\u00a0\u00a0\u00a0\u00a0\u00a0\u00a0\u00a0\u00a0\u00a0\u00a0\u00a0\u00a0\u00a0\u00a0\u00a031,00%<br \/>\nExtrato Et\u00e9reo (m\u00edn.)\u00a0\u00a0\u00a0\u00a0\u00a0120g\/kg\u00a0\u00a0\u00a0\u00a0\u00a0\u00a0\u00a0\u00a0\u00a0\u00a0\u00a0\u00a0\u00a0\u00a0\u00a012,00%<br \/>\nFibra Bruta (m\u00e1x.)\u00a0\u00a0\u00a0\u00a0\u00a0\u00a0\u00a0\u00a0\u00a0\u00a0\u00a030g\/kg 3,00%<br \/>\nMat\u00e9ria Mineral (m\u00e1x.) 85g\/kg\u00a0\u00a08,5%<br \/>\nC\u00e1lcio (m\u00edn.)\u00a0\u00a0\u00a0\u00a0\u00a0\u00a08g\/kg\u00a0\u00a0\u00a0\u00a0\u00a00,80%<br \/>\nC\u00e1lcio (m\u00e1x.)\u00a0\u00a0\u00a0\u00a0\u00a020g\/kg\u00a0\u00a02,00%<br \/>\nF\u00f3sforo (m\u00edn.)\u00a0\u00a0\u00a08.000mg\/kg\u00a0\u00a0\u00a0\u00a0\u00a0\u00a0\u00a0\u00a00,80%<br \/>\nS\u00f3dio (m\u00edn.)\u00a0\u00a0\u00a0\u00a0\u00a0\u00a0\u00a03.000mg\/kg\u00a0\u00a0\u00a0\u00a0\u00a0\u00a0\u00a0\u00a00,30%<br \/>\nPot\u00e1ssio (m\u00edn.) 6.500mg\/kg\u00a0\u00a0\u00a0\u00a0\u00a0\u00a0\u00a0\u00a00,65%<br \/>\nMetionina (m\u00edn.)\u00a0\u00a0\u00a0\u00a0\u00a0\u00a0\u00a0\u00a0\u00a0\u00a0\u00a0\u00a0\u00a06.200mg\/kg\u00a0\u00a0\u00a0\u00a0\u00a0\u00a0\u00a0\u00a00,62%<br \/>\nLisina (m\u00edn.)\u00a0\u00a0\u00a0\u00a0\u00a0\u00a0\u00a07.500mg\/kg\u00a0\u00a0\u00a0\u00a0\u00a0\u00a0\u00a0\u00a00,75%<br \/>\nTaurina (m\u00edn.)\u00a0\u00a0\u00a01.000mg\/kg\u00a0\u00a0\u00a0\u00a0\u00a0\u00a0\u00a0\u00a00,10%<br \/>\n\u00c1cido Linoleico (m\u00edn.)\u00a0\u00a0\u00a0\u00a020.000mg\/kg\u00a0\u00a0\u00a0\u00a0\u00a02,00%<br \/>\n\u00c1cido Linol\u00eanico (m\u00edn.) 800mg\/kg\u00a0\u00a0\u00a0\u00a0\u00a0\u00a0\u00a0\u00a0\u00a0\u00a0\u00a00,08%<br \/>\nUmidade (m\u00e1x.)\u00a0\u00a0\u00a0\u00a0\u00a0\u00a0\u00a0\u00a0\u00a0\u00a0\u00a0\u00a0\u00a0\u00a0\u00a090g\/kg\u00a0\u00a09,00%<br \/>\npH Urin\u00e1rio\u00a0\u00a0\u00a0\u00a0\u00a0\u00a0\u00a0\u00a0\u00a0\u00a0\u00a0\u00a0\u00a0\u00a0\u00a0\u00a0\u00a0\u00a0\u00a0\u00a0\u00a0\u00a0\u00a0\u00a0\u00a0\u00a0\u00a0\u00a0\u00a0\u00a0\u00a0\u00a0\u00a0\u00a0\u00a0\u00a0\u00a0\u00a0\u00a0\u00a06,2-6,8<\/p>","protected":false},"excerpt":{"rendered":"<p>Quatree Gourmet Gatos Adultos Carne \u00e9 um alimento completo especialmente desenvolvido para garantir o m\u00e1ximo em sa\u00fade e vitalidade para o gato adulto. \u00c9 rico em prote\u00edna de alta qualidade e \u00f4megas 3 e 6, ingredientes que proporcionam maior digestibilidade e pelagem bonita e saud\u00e1vel. Quatree Gourmet Gatos Adultos Carne fornece perfeito balanceamento de minerais [&hellip;]<\/p>\n","protected":false},"featured_media":1410784162,"comment_status":"open","ping_status":"closed","template":"","meta":{"googlesitekit_rrm_CAow0N7NCw:productID":"","content-type":"","pmpro_default_level":"","_themeisle_gutenberg_block_has_review":false},"product_brand":[336],"product_cat":[256],"product_tag":[],"class_list":{"0":"post-1410783865","1":"product","2":"type-product","3":"status-publish","4":"has-post-thumbnail","6":"product_brand-quatree","7":"product_cat-racoes","8":"pmpro-has-access","10":"first","11":"outofstock","12":"taxable","13":"shipping-taxable","14":"purchasable","15":"product-type-simple"},"_links":{"self":[{"href":"https:\/\/dinhosreef.com\/en\/wp-json\/wp\/v2\/product\/1410783865","targetHints":{"allow":["GET"]}}],"collection":[{"href":"https:\/\/dinhosreef.com\/en\/wp-json\/wp\/v2\/product"}],"about":[{"href":"https:\/\/dinhosreef.com\/en\/wp-json\/wp\/v2\/types\/product"}],"replies":[{"embeddable":true,"href":"https:\/\/dinhosreef.com\/en\/wp-json\/wp\/v2\/comments?post=1410783865"}],"wp:featuredmedia":[{"embeddable":true,"href":"https:\/\/dinhosreef.com\/en\/wp-json\/wp\/v2\/media\/1410784162"}],"wp:attachment":[{"href":"https:\/\/dinhosreef.com\/en\/wp-json\/wp\/v2\/media?parent=1410783865"}],"wp:term":[{"taxonomy":"product_brand","embeddable":true,"href":"https:\/\/dinhosreef.com\/en\/wp-json\/wp\/v2\/product_brand?post=1410783865"},{"taxonomy":"product_cat","embeddable":true,"href":"https:\/\/dinhosreef.com\/en\/wp-json\/wp\/v2\/product_cat?post=1410783865"},{"taxonomy":"product_tag","embeddable":true,"href":"https:\/\/dinhosreef.com\/en\/wp-json\/wp\/v2\/product_tag?post=1410783865"}],"curies":[{"name":"wp","href":"https:\/\/api.w.org\/{rel}","templated":true}]}}