{"id":1410783889,"date":"2025-05-18T11:13:43","date_gmt":"2025-05-18T14:13:43","guid":{"rendered":"https:\/\/dinhosreef.com\/produto\/kadi-bifinho-frango-55g\/"},"modified":"2025-08-20T12:09:13","modified_gmt":"2025-08-20T15:09:13","slug":"kadi-bifinho-frango-55g","status":"publish","type":"product","link":"https:\/\/dinhosreef.com\/en\/product\/kadi-bifinho-frango-55g\/","title":{"rendered":"KADI-BIFINHO FRANGO 55G"},"content":{"rendered":"<section id=\"description\" class=\"description\">\n<div class=\"container\">\n<div class=\"spec-content\">\n<p>&#8211; Indicado para c\u00e3es;\u00a0<br \/>&#8211; Sabor delicioso;\u00a0<br \/>&#8211; Produto livre transg\u00eanicos;\u00a0<br \/>&#8211; Serve como premia\u00e7\u00e3o para o seu c\u00e3ozinho;\u00a0<br \/>&#8211; Dispon\u00edvel em embalagem com 55g.<\/p>\n<p>\u00a0<\/p>\n<p>\u00a0<\/p>\n<\/p><\/div>\n<\/p><\/div>\n<\/section>\n<section id=\"specifications\">\n<div class=\"container\">\n<h2 class=\"section-title\">Especifica\u00e7\u00f5es<\/h2>\n<ul>\n<li class=\"specifications\"><span class=\"spec-key\">Idade<\/span><span class=\"spec-value\">Adulto, S\u00eanior e Filhote<\/span><\/li>\n<li class=\"specifications\"><span class=\"spec-key\">Linha<\/span><span class=\"spec-value\">Standard<\/span><\/li>\n<li class=\"specifications\"><span class=\"spec-key\">Pet<\/span><span class=\"spec-value\">Cachorros<\/span><\/li>\n<li class=\"specifications\"><span class=\"spec-key\">Porte de Ra\u00e7a<\/span><span class=\"spec-value\">Pequeno, Grande e M\u00e9dio<\/span><\/li>\n<li class=\"specifications\"><span class=\"spec-key\">Corante<\/span><span class=\"spec-value\">N\u00e3o<\/span><\/li>\n<li class=\"specifications\"><span class=\"spec-key\">Transg\u00eanico<\/span><span class=\"spec-value\">Sim<\/span><\/li>\n<li class=\"specifications\"><span class=\"spec-key\">Tamanho<\/span><span class=\"spec-value\">M\u00e9dio<\/span><\/li>\n<li class=\"specifications\"><span class=\"spec-key\">Textura<\/span><span class=\"spec-value\">Macio<\/span><\/li>\n<li class=\"specifications\"><span class=\"spec-key\">Sabor Completo<\/span><span class=\"spec-value\">Frango<\/span><\/li>\n<li class=\"specifications\"><span class=\"spec-key\">Embalagem<\/span><span class=\"spec-value\">Pacote<\/span><\/li>\n<li class=\"specifications\"><span class=\"spec-key\">Formato Petisco<\/span><span class=\"spec-value\">Palito<\/span><\/li>\n<li class=\"specifications\"><span class=\"spec-key\">Sabor Principal<\/span><span class=\"spec-value\">Frango<\/span><\/li>\n<li class=\"specifications\"><span class=\"spec-key\">Tipo Petisco<\/span><span class=\"spec-value\">Bifinho<\/span><\/li>\n<li class=\"specifications\"><span class=\"spec-key\">Caracter\u00edstica Petisco<\/span><span class=\"spec-value\">Recompensa Di\u00e1ria<\/span><\/li>\n<li class=\"specifications\"><span class=\"spec-key\">Indica\u00e7\u00e3o Petisco<\/span><span class=\"spec-value\">Agrado e Recompensa<\/span><\/li>\n<li class=\"specifications\"><span class=\"spec-key\">Apresenta\u00e7\u00e3o<\/span>\n<p>Dispon\u00edvel em embalagem com 55g<\/p>\n<\/li>\n<li class=\"specifications\"><span class=\"spec-key\">Composi\u00e7\u00e3o<\/span>\n<p>Carne, Mi\u00fados bovinos, prote\u00edna texturizada de soja dextrose, cloreto de s\u00f3dio (sal comum), glutamato monoss\u00f3dico, glicerina, estabilizante, aditivo palatabilizante e aditivo acidificante<\/p>\n<\/li>\n<\/ul><\/div>\n<\/section>","protected":false},"excerpt":{"rendered":"<p>&#8211; Indicado para c\u00e3es;\u00a0&#8211; Sabor delicioso;\u00a0&#8211; Produto livre transg\u00eanicos;\u00a0&#8211; Serve como premia\u00e7\u00e3o para o seu c\u00e3ozinho;\u00a0&#8211; Dispon\u00edvel em embalagem com 55g. \u00a0 \u00a0 Especifica\u00e7\u00f5es IdadeAdulto, S\u00eanior e Filhote LinhaStandard PetCachorros Porte de Ra\u00e7aPequeno, Grande e M\u00e9dio CoranteN\u00e3o Transg\u00eanicoSim TamanhoM\u00e9dio TexturaMacio Sabor CompletoFrango EmbalagemPacote Formato PetiscoPalito Sabor PrincipalFrango Tipo PetiscoBifinho Caracter\u00edstica PetiscoRecompensa Di\u00e1ria Indica\u00e7\u00e3o PetiscoAgrado e [&hellip;]<\/p>\n","protected":false},"featured_media":1410783888,"comment_status":"open","ping_status":"closed","template":"","meta":{"googlesitekit_rrm_CAow0N7NCw:productID":"","content-type":"","pmpro_default_level":"","_themeisle_gutenberg_block_has_review":false},"product_brand":[],"product_cat":[264],"product_tag":[],"class_list":{"0":"post-1410783889","1":"product","2":"type-product","3":"status-publish","4":"has-post-thumbnail","6":"product_cat-bifinhos-para-caes","7":"pmpro-has-access","9":"first","10":"instock","11":"taxable","12":"shipping-taxable","13":"purchasable","14":"product-type-simple"},"_links":{"self":[{"href":"https:\/\/dinhosreef.com\/en\/wp-json\/wp\/v2\/product\/1410783889","targetHints":{"allow":["GET"]}}],"collection":[{"href":"https:\/\/dinhosreef.com\/en\/wp-json\/wp\/v2\/product"}],"about":[{"href":"https:\/\/dinhosreef.com\/en\/wp-json\/wp\/v2\/types\/product"}],"replies":[{"embeddable":true,"href":"https:\/\/dinhosreef.com\/en\/wp-json\/wp\/v2\/comments?post=1410783889"}],"wp:featuredmedia":[{"embeddable":true,"href":"https:\/\/dinhosreef.com\/en\/wp-json\/wp\/v2\/media\/1410783888"}],"wp:attachment":[{"href":"https:\/\/dinhosreef.com\/en\/wp-json\/wp\/v2\/media?parent=1410783889"}],"wp:term":[{"taxonomy":"product_brand","embeddable":true,"href":"https:\/\/dinhosreef.com\/en\/wp-json\/wp\/v2\/product_brand?post=1410783889"},{"taxonomy":"product_cat","embeddable":true,"href":"https:\/\/dinhosreef.com\/en\/wp-json\/wp\/v2\/product_cat?post=1410783889"},{"taxonomy":"product_tag","embeddable":true,"href":"https:\/\/dinhosreef.com\/en\/wp-json\/wp\/v2\/product_tag?post=1410783889"}],"curies":[{"name":"wp","href":"https:\/\/api.w.org\/{rel}","templated":true}]}}