{"id":1410783908,"date":"2025-05-18T11:15:03","date_gmt":"2025-05-18T14:15:03","guid":{"rendered":"https:\/\/dinhosreef.com\/produto\/kadi-bifinho-banana-e-quinoa-55g\/"},"modified":"2025-05-18T11:15:03","modified_gmt":"2025-05-18T14:15:03","slug":"kadi-bifinho-banana-e-quinoa-55g","status":"publish","type":"product","link":"https:\/\/dinhosreef.com\/en\/product\/kadi-bifinho-banana-e-quinoa-55g\/","title":{"rendered":"KADI-BIFINHO BANANA E QUINOA 55G"},"content":{"rendered":"<p>Principais caracter\u00edsticas:<br \/>&#8211; Criados para servir como recompensas durante passeios e sess\u00f5es de adestramento.<br \/>&#8211; Desenvolvido especificamente para c\u00e3es, n\u00e3o sendo indicado para outros animais.<br \/>&#8211; O uso deste produto deve sempre ser supervisionado pelo tutor.<br \/>&#8211; Conservar em local fresco, seco e protegido da luz solar direta. Ap\u00f3s abrir, armazenar em um recipiente com tampa ou na embalagem original bem fechada.<br \/>&#8211; Adequado para c\u00e3es de todos os tamanhos e ra\u00e7as.<\/p>","protected":false},"excerpt":{"rendered":"<p>Principais caracter\u00edsticas:&#8211; Criados para servir como recompensas durante passeios e sess\u00f5es de adestramento.&#8211; Desenvolvido especificamente para c\u00e3es, n\u00e3o sendo indicado para outros animais.&#8211; O uso deste produto deve sempre ser supervisionado pelo tutor.&#8211; Conservar em local fresco, seco e protegido da luz solar direta. Ap\u00f3s abrir, armazenar em um recipiente com tampa ou na embalagem [&hellip;]<\/p>\n","protected":false},"featured_media":1410783905,"comment_status":"open","ping_status":"closed","template":"","meta":{"googlesitekit_rrm_CAow0N7NCw:productID":"","content-type":"","pmpro_default_level":"","_themeisle_gutenberg_block_has_review":false},"product_brand":[],"product_cat":[264],"product_tag":[],"class_list":{"0":"post-1410783908","1":"product","2":"type-product","3":"status-publish","4":"has-post-thumbnail","6":"product_cat-bifinhos-para-caes","7":"aux-has-gallery","8":"pmpro-has-access","10":"first","11":"instock","12":"taxable","13":"shipping-taxable","14":"purchasable","15":"product-type-simple"},"_links":{"self":[{"href":"https:\/\/dinhosreef.com\/en\/wp-json\/wp\/v2\/product\/1410783908","targetHints":{"allow":["GET"]}}],"collection":[{"href":"https:\/\/dinhosreef.com\/en\/wp-json\/wp\/v2\/product"}],"about":[{"href":"https:\/\/dinhosreef.com\/en\/wp-json\/wp\/v2\/types\/product"}],"replies":[{"embeddable":true,"href":"https:\/\/dinhosreef.com\/en\/wp-json\/wp\/v2\/comments?post=1410783908"}],"wp:featuredmedia":[{"embeddable":true,"href":"https:\/\/dinhosreef.com\/en\/wp-json\/wp\/v2\/media\/1410783905"}],"wp:attachment":[{"href":"https:\/\/dinhosreef.com\/en\/wp-json\/wp\/v2\/media?parent=1410783908"}],"wp:term":[{"taxonomy":"product_brand","embeddable":true,"href":"https:\/\/dinhosreef.com\/en\/wp-json\/wp\/v2\/product_brand?post=1410783908"},{"taxonomy":"product_cat","embeddable":true,"href":"https:\/\/dinhosreef.com\/en\/wp-json\/wp\/v2\/product_cat?post=1410783908"},{"taxonomy":"product_tag","embeddable":true,"href":"https:\/\/dinhosreef.com\/en\/wp-json\/wp\/v2\/product_tag?post=1410783908"}],"curies":[{"name":"wp","href":"https:\/\/api.w.org\/{rel}","templated":true}]}}