{"id":1410783928,"date":"2025-05-19T11:24:45","date_gmt":"2025-05-19T14:24:45","guid":{"rendered":"https:\/\/dinhosreef.com\/produto\/abacate-cat-nip-napi-lambe-lambe-interativo-para-gatos\/"},"modified":"2026-02-05T10:09:40","modified_gmt":"2026-02-05T13:09:40","slug":"abacate-cat-nip-napi-lambe-lambe-interativo-para-gatos","status":"publish","type":"product","link":"https:\/\/dinhosreef.com\/en\/product\/abacate-cat-nip-napi-lambe-lambe-interativo-para-gatos\/","title":{"rendered":"ABACATE CAT NIP NAPI Lambe Lambe Interativo Para Gatos"},"content":{"rendered":"<p>Brinquedo Abacate com Catnip para Gatos<\/p>\n<p>Descubra agora a \u00fanica maneira de tornar seu gatinho menos agressivo e eliminar a chance dos m\u00f3veis serem destru\u00eddos!<\/p>\n<p>Com o Brinquedo Abacate com Catnip voc\u00ea pode melhorar o comportamento do seu gatinho, deixando ele mais calmo ou at\u00e9 mesmo estimulando ele caso seja mais pregui\u00e7oso.<\/p>\n<p>O Brinquedo Abacate com Catnip n\u00e3o apenas limpa a boca e os dentes, mas tamb\u00e9m expulsa as bolas de pelo, al\u00e9m de promover o sistema intestinal, estimula o apetite e os deixa felizes. Contendo vitaminas \u00f3timas para sa\u00fade do seu gato.<br \/>Inofensivo para a sa\u00fade do seu Pet;<br \/>Feito com ervas naturais;<br \/>Ajuda na limpeza bucal;<br \/>Alivia o estresse;<br \/>Estimula os sentidos do gato.<\/p>\n<p>Melhora o sistema intestinal!<br \/>Ajuda a promover o sistema intestinal, aumentando o apetite e deixando seu gatinho mais saud\u00e1vel.<\/p>\n<p>Do que \u00e9 feito a bolinha de catnip?<br \/>Catnip \u00e9 um mix de ervas derivadas do hortel\u00e3 com clorofila, que traz diversos benef\u00edcios para a sa\u00fade do gato e tem um gostinho irresist\u00edvel que eles amam.<\/p>\n<p>Especifica\u00e7\u00f5es:<br \/>Material: ABS, Catnip<br \/>Tamanho: 6 x 4,6 cm<br \/>Di\u00e2metro da esfera: 27mm<br \/>Peso: Cerca de 25 gramas<\/p>\n<p>=======================================================================<\/p>\n<p>PRODUTO A PRONTA ENTREGA.<\/p>\n<p>ENVIO R\u00c1PIDO.<\/p>\n<p>=======================================================================<\/p>\n<p>INFORMA\u00c7\u00d5ES IMPORTANTES<\/p>\n<p>OBS.: Pode haver varia\u00e7\u00e3o na tonalidade da cor dos produtos.<\/p>\n<p>=======================================================================<\/p>","protected":false},"excerpt":{"rendered":"<p>Brinquedo Abacate com Catnip para Gatos Descubra agora a \u00fanica maneira de tornar seu gatinho menos agressivo e eliminar a chance dos m\u00f3veis serem destru\u00eddos! Com o Brinquedo Abacate com Catnip voc\u00ea pode melhorar o comportamento do seu gatinho, deixando ele mais calmo ou at\u00e9 mesmo estimulando ele caso seja mais pregui\u00e7oso. O Brinquedo Abacate [&hellip;]<\/p>\n","protected":false},"featured_media":1410783922,"comment_status":"open","ping_status":"closed","template":"","meta":{"googlesitekit_rrm_CAow0N7NCw:productID":"","content-type":"","pmpro_default_level":"","_themeisle_gutenberg_block_has_review":false},"product_brand":[],"product_cat":[265],"product_tag":[],"class_list":{"0":"post-1410783928","1":"product","2":"type-product","3":"status-publish","4":"has-post-thumbnail","6":"product_cat-brinquedos-gatos","7":"aux-has-gallery","8":"pmpro-has-access","10":"first","11":"instock","12":"taxable","13":"shipping-taxable","14":"purchasable","15":"product-type-simple"},"_links":{"self":[{"href":"https:\/\/dinhosreef.com\/en\/wp-json\/wp\/v2\/product\/1410783928","targetHints":{"allow":["GET"]}}],"collection":[{"href":"https:\/\/dinhosreef.com\/en\/wp-json\/wp\/v2\/product"}],"about":[{"href":"https:\/\/dinhosreef.com\/en\/wp-json\/wp\/v2\/types\/product"}],"replies":[{"embeddable":true,"href":"https:\/\/dinhosreef.com\/en\/wp-json\/wp\/v2\/comments?post=1410783928"}],"wp:featuredmedia":[{"embeddable":true,"href":"https:\/\/dinhosreef.com\/en\/wp-json\/wp\/v2\/media\/1410783922"}],"wp:attachment":[{"href":"https:\/\/dinhosreef.com\/en\/wp-json\/wp\/v2\/media?parent=1410783928"}],"wp:term":[{"taxonomy":"product_brand","embeddable":true,"href":"https:\/\/dinhosreef.com\/en\/wp-json\/wp\/v2\/product_brand?post=1410783928"},{"taxonomy":"product_cat","embeddable":true,"href":"https:\/\/dinhosreef.com\/en\/wp-json\/wp\/v2\/product_cat?post=1410783928"},{"taxonomy":"product_tag","embeddable":true,"href":"https:\/\/dinhosreef.com\/en\/wp-json\/wp\/v2\/product_tag?post=1410783928"}],"curies":[{"name":"wp","href":"https:\/\/api.w.org\/{rel}","templated":true}]}}