{"id":1410783942,"date":"2025-05-20T20:17:33","date_gmt":"2025-05-20T23:17:33","guid":{"rendered":"https:\/\/dinhosreef.com\/produto\/all-bird-periquito-e-calopsita-500-g\/"},"modified":"2026-05-09T12:16:15","modified_gmt":"2026-05-09T15:16:15","slug":"all-bird-periquito-e-calopsita-500-g","status":"publish","type":"product","link":"https:\/\/dinhosreef.com\/en\/product\/all-bird-periquito-e-calopsita-500-g\/","title":{"rendered":"ALL BIRD PERIQUITO E CALOPSITA 500 G"},"content":{"rendered":"<p>All Bird \u00e9 indicado para alimenta\u00e7\u00e3o de pequenos psitac\u00eddeos como: Periquito, Calopsita e Agapornis. Prepara\u00e7\u00f5es destinadas a fornecer ao animal a totalidade dos elementos nutritivos necess\u00e1rios para uma alimenta\u00e7\u00e3o di\u00e1ria racional e equilibrada (alimentos compostos completos).<\/p>","protected":false},"excerpt":{"rendered":"<p>All Bird \u00e9 indicado para alimenta\u00e7\u00e3o de pequenos psitac\u00eddeos como: Periquito, Calopsita e Agapornis. Prepara\u00e7\u00f5es destinadas a fornecer ao animal a totalidade dos elementos nutritivos necess\u00e1rios para uma alimenta\u00e7\u00e3o di\u00e1ria racional e equilibrada (alimentos compostos completos).<\/p>","protected":false},"featured_media":1410783941,"comment_status":"open","ping_status":"closed","template":"","meta":{"googlesitekit_rrm_CAow0N7NCw:productID":"","content-type":"","pmpro_default_level":"","_themeisle_gutenberg_block_has_review":false},"product_brand":[],"product_cat":[227],"product_tag":[],"class_list":{"0":"post-1410783942","1":"product","2":"type-product","3":"status-publish","4":"has-post-thumbnail","6":"product_cat-racao","7":"pmpro-has-access","9":"first","10":"instock","11":"taxable","12":"shipping-taxable","13":"purchasable","14":"product-type-simple"},"_links":{"self":[{"href":"https:\/\/dinhosreef.com\/en\/wp-json\/wp\/v2\/product\/1410783942","targetHints":{"allow":["GET"]}}],"collection":[{"href":"https:\/\/dinhosreef.com\/en\/wp-json\/wp\/v2\/product"}],"about":[{"href":"https:\/\/dinhosreef.com\/en\/wp-json\/wp\/v2\/types\/product"}],"replies":[{"embeddable":true,"href":"https:\/\/dinhosreef.com\/en\/wp-json\/wp\/v2\/comments?post=1410783942"}],"wp:featuredmedia":[{"embeddable":true,"href":"https:\/\/dinhosreef.com\/en\/wp-json\/wp\/v2\/media\/1410783941"}],"wp:attachment":[{"href":"https:\/\/dinhosreef.com\/en\/wp-json\/wp\/v2\/media?parent=1410783942"}],"wp:term":[{"taxonomy":"product_brand","embeddable":true,"href":"https:\/\/dinhosreef.com\/en\/wp-json\/wp\/v2\/product_brand?post=1410783942"},{"taxonomy":"product_cat","embeddable":true,"href":"https:\/\/dinhosreef.com\/en\/wp-json\/wp\/v2\/product_cat?post=1410783942"},{"taxonomy":"product_tag","embeddable":true,"href":"https:\/\/dinhosreef.com\/en\/wp-json\/wp\/v2\/product_tag?post=1410783942"}],"curies":[{"name":"wp","href":"https:\/\/api.w.org\/{rel}","templated":true}]}}