{"id":1410783950,"date":"2025-05-20T20:18:18","date_gmt":"2025-05-20T23:18:18","guid":{"rendered":"https:\/\/dinhosreef.com\/produto\/all-bird-calopsita-fd-500-g\/"},"modified":"2025-10-27T09:42:31","modified_gmt":"2025-10-27T12:42:31","slug":"all-bird-calopsita-fd-500-g","status":"publish","type":"product","link":"https:\/\/dinhosreef.com\/en\/product\/all-bird-calopsita-fd-500-g\/","title":{"rendered":"ALL BIRD CALOPSITA  FD 500 G"},"content":{"rendered":"<p><main id=\"primary\" class=\"site-main single-produtos\"><\/p>\n<section class=\"section-tabs\">\n<div class=\"container\">\n<div class=\"tab-content\">\n<div id=\"niveis_nutricionais\" class=\"tab-pane fade show active\" aria-labelledby=\"niveis_nutricionais-tab\"> All Bird Calopsita \u00e9 indicado para alimenta\u00e7\u00e3o de psitac\u00eddeos de pequeno e m\u00e9dio porte como: Calopsita, Periquito e Agapornis. Prepara\u00e7\u00f5es destinadas a fornecer ao animal a totalidade dos elementos nutritivos necess\u00e1rios para uma alimenta\u00e7\u00e3o di\u00e1ria racional e equilibrada (alimentos compostos completos).<\/p>\n<p>Umidade (m\u00e1x.) 120,00 g; prote\u00edna bruta (m\u00edn.) 125,00 g; mat\u00e9ria fibrosa (m\u00e1x.) 100,00 g; L-Lisina (m\u00edn.) 2.600,00 mg; metionina (m\u00edn.) 1.300,00 mg; treonina (m\u00edn.) 1.900,00 mg; \u00f4mega 6 (m\u00edn.) 15,00 g; \u00f4mega 3 (m\u00edn.) 1.200,00 mg; extrato et\u00e9reo (m\u00edn.) 85,00 g; mat\u00e9ria mineral (m\u00e1x.) 80,00 g; c\u00e1lcio (m\u00edn.) 5.000,00 mg; c\u00e1lcio (m\u00e1x.) 15,00 g; f\u00f3sforo (m\u00edn.) 4.000,00 mg; s\u00f3dio (m\u00edn.) 200,00 mg; <em>Lactobacillus acidophilus\u00a0<\/em>(m\u00edn.) 2,60E+08 UFC;<em>\u00a0Enterococus faecium\u00a0<\/em>(m\u00edn.) 5,20E+08 UFC;\u00a0<em>Bacillus subtilis\u00a0<\/em>(m\u00edn.)\u00a07,20E+08 UFC;\u00a0<em>Bifidobacterium bfidum\u00a0<\/em>(m\u00edn.) 5,00E+08 UFC; \u03b1-amilase (m\u00edn.) 2,30 KNU; xilanase (m\u00edn.) 5,50 FXU; protease (m\u00edn.) 850,00 PROT; \u03b2-glucanase (m\u00edn.) 4,00 FBG.<\/p>\n<\/p><\/div>\n<\/p><\/div>\n<\/p><\/div>\n<\/section>\n<p><\/main><\/p>\n<footer class=\"site-footer\">\n<div class=\"cta-negocie cta-newsletter\">\n<div class=\"container\">\n<div class=\"row\">\u00a0<\/div>\n<\/p><\/div>\n<\/p><\/div>\n<\/footer>","protected":false},"excerpt":{"rendered":"<p>All Bird Calopsita \u00e9 indicado para alimenta\u00e7\u00e3o de psitac\u00eddeos de pequeno e m\u00e9dio porte como: Calopsita, Periquito e Agapornis. Prepara\u00e7\u00f5es destinadas a fornecer ao animal a totalidade dos elementos nutritivos necess\u00e1rios para uma alimenta\u00e7\u00e3o di\u00e1ria racional e equilibrada (alimentos compostos completos). Umidade (m\u00e1x.) 120,00 g; prote\u00edna bruta (m\u00edn.) 125,00 g; mat\u00e9ria fibrosa (m\u00e1x.) 100,00 g; [&hellip;]<\/p>\n","protected":false},"featured_media":1410783949,"comment_status":"open","ping_status":"closed","template":"","meta":{"googlesitekit_rrm_CAow0N7NCw:productID":"","content-type":"","pmpro_default_level":"","_themeisle_gutenberg_block_has_review":false},"product_brand":[],"product_cat":[227],"product_tag":[],"class_list":{"0":"post-1410783950","1":"product","2":"type-product","3":"status-publish","4":"has-post-thumbnail","6":"product_cat-racao","7":"pmpro-has-access","9":"first","10":"outofstock","11":"taxable","12":"shipping-taxable","13":"purchasable","14":"product-type-simple"},"_links":{"self":[{"href":"https:\/\/dinhosreef.com\/en\/wp-json\/wp\/v2\/product\/1410783950","targetHints":{"allow":["GET"]}}],"collection":[{"href":"https:\/\/dinhosreef.com\/en\/wp-json\/wp\/v2\/product"}],"about":[{"href":"https:\/\/dinhosreef.com\/en\/wp-json\/wp\/v2\/types\/product"}],"replies":[{"embeddable":true,"href":"https:\/\/dinhosreef.com\/en\/wp-json\/wp\/v2\/comments?post=1410783950"}],"wp:featuredmedia":[{"embeddable":true,"href":"https:\/\/dinhosreef.com\/en\/wp-json\/wp\/v2\/media\/1410783949"}],"wp:attachment":[{"href":"https:\/\/dinhosreef.com\/en\/wp-json\/wp\/v2\/media?parent=1410783950"}],"wp:term":[{"taxonomy":"product_brand","embeddable":true,"href":"https:\/\/dinhosreef.com\/en\/wp-json\/wp\/v2\/product_brand?post=1410783950"},{"taxonomy":"product_cat","embeddable":true,"href":"https:\/\/dinhosreef.com\/en\/wp-json\/wp\/v2\/product_cat?post=1410783950"},{"taxonomy":"product_tag","embeddable":true,"href":"https:\/\/dinhosreef.com\/en\/wp-json\/wp\/v2\/product_tag?post=1410783950"}],"curies":[{"name":"wp","href":"https:\/\/api.w.org\/{rel}","templated":true}]}}