{"id":1410783954,"date":"2025-05-22T21:03:17","date_gmt":"2025-05-23T00:03:17","guid":{"rendered":"https:\/\/dinhosreef.com\/produto\/flourish-excel-500ml-seachem\/"},"modified":"2026-03-19T14:26:40","modified_gmt":"2026-03-19T17:26:40","slug":"flourish-excel-500ml-seachem","status":"publish","type":"product","link":"https:\/\/dinhosreef.com\/en\/product\/flourish-excel-500ml-seachem\/","title":{"rendered":"FLOURISH EXCEL 500ML  &#8211;  SEACHEM"},"content":{"rendered":"<p>Suplemento de elementos tra\u00e7os<br \/>Descri\u00e7\u00e3o do Produto: Flourish Excel \u00e9 uma fonte de carbono org\u00e2nico para aqu\u00e1rios plantados. Todas as plantas requerem uma fonte de carbono. Isto \u00e9 normalmente obtido a partir de CO 2, mas, tamb\u00e9m podem ser derivadas de compostos org\u00e2nicos simples (como fotosint\u00e9tica interm\u00e9dios). A utiliza\u00e7\u00e3o de qualquer inje\u00e7\u00e3o de CO 2 ou Flourish Excel n\u00e3o necessariamente negam o uso do outro. Porque os processos de produ\u00e7\u00e3o fotossint\u00e9ticos interm\u00e9dios e construir para elas ocorrem em simult\u00e2neo, um pode extrair um benef\u00edcio substancial com a utiliza\u00e7\u00e3o de Flourish Excel isoladamente ou em conjuga\u00e7\u00e3o com CO 2. A combina\u00e7\u00e3o \u00e9 particularmente ideal para situa\u00e7\u00f5es em que continuamos a adicionar CO 2 pode resultar em n\u00edveis perigosamente baixo p H. Flourish Excel ferro reduzindo tamb\u00e9m tem propriedades que promovem o estado ferroso de ferro (Fe +2), que \u00e9 mais facilmente utilizados pelas plantas que f\u00e9rrico ferro (Fe +3).<\/p>\n<p>Indica\u00e7\u00e3o de uso: A raz\u00e3o plantas precisam de CO 2 \u00e9 mais longa cadeia de carbono para a produ\u00e7\u00e3o de compostos tamb\u00e9m conhecidos como fotossint\u00e9tica interm\u00e9dios. Fotossint\u00e9tica interm\u00e9dios inclui compostos como o ribulose-difosfato-carboxilase\/oxigenase 1,5-bisfosfato, e 2-carboxi-3-ceto-D-arabinitol 1,5 bisfosfato. Embora os nomes sejam complicados, as estruturas s\u00e3o bastante simples (5 cadeias de carbono). Flourish Excel n\u00e3o contem esses compostos espec\u00edficos, por si s\u00f3, mas um que \u00e9 bastante semelhante. Ao dosagem Flourish com Excel voc\u00ea ignora o envolvimento de CO 2 e de introduzir o j\u00e1 terminado, compostos estruturalmente semelhantes. \u00c9 na sua semelhan\u00e7a estrutural que florescem Excel \u00e9 capaz de ser utilizada na constru\u00e7\u00e3o da cadeia de carbono processo de fotoss\u00edntese. Simples qu\u00edmicos ou enzim\u00e1ticos passos pode facilmente converter-lo para qualquer um a qualquer um dos acima nomeados compostos (ou uma variedade de outros).<\/p>\n<p>Modo de usar: Na primeira utiliza\u00e7\u00e3o ou ap\u00f3s uma grande (&gt; 40%) de a \u00e1gua mudar, utilizar 1 tampinha (5 ml) para cada 40 L (10 gal\u00f5es *). Posteriormente utiliza\u00e7\u00e3o 1 tampinha para cada 200 L (50 gal\u00f5es *) diariamente ou dia sim, dia n\u00e3o. A dosagem pode ser aumentada lentamente em alta crescimento aqu\u00e1rios.<br \/>500ml<\/p>","protected":false},"excerpt":{"rendered":"<p>Suplemento de elementos tra\u00e7osDescri\u00e7\u00e3o do Produto: Flourish Excel \u00e9 uma fonte de carbono org\u00e2nico para aqu\u00e1rios plantados. Todas as plantas requerem uma fonte de carbono. Isto \u00e9 normalmente obtido a partir de CO 2, mas, tamb\u00e9m podem ser derivadas de compostos org\u00e2nicos simples (como fotosint\u00e9tica interm\u00e9dios). A utiliza\u00e7\u00e3o de qualquer inje\u00e7\u00e3o de CO 2 ou [&hellip;]<\/p>\n","protected":false},"featured_media":1410783953,"comment_status":"open","ping_status":"closed","template":"","meta":{"googlesitekit_rrm_CAow0N7NCw:productID":"","content-type":"","pmpro_default_level":"","_themeisle_gutenberg_block_has_review":false},"product_brand":[402],"product_cat":[47],"product_tag":[],"class_list":{"0":"post-1410783954","1":"product","2":"type-product","3":"status-publish","4":"has-post-thumbnail","6":"product_brand-seachem","7":"product_cat-condicionadores-de-agua","8":"pmpro-has-access","10":"first","11":"outofstock","12":"taxable","13":"shipping-taxable","14":"purchasable","15":"product-type-simple"},"_links":{"self":[{"href":"https:\/\/dinhosreef.com\/en\/wp-json\/wp\/v2\/product\/1410783954","targetHints":{"allow":["GET"]}}],"collection":[{"href":"https:\/\/dinhosreef.com\/en\/wp-json\/wp\/v2\/product"}],"about":[{"href":"https:\/\/dinhosreef.com\/en\/wp-json\/wp\/v2\/types\/product"}],"replies":[{"embeddable":true,"href":"https:\/\/dinhosreef.com\/en\/wp-json\/wp\/v2\/comments?post=1410783954"}],"wp:featuredmedia":[{"embeddable":true,"href":"https:\/\/dinhosreef.com\/en\/wp-json\/wp\/v2\/media\/1410783953"}],"wp:attachment":[{"href":"https:\/\/dinhosreef.com\/en\/wp-json\/wp\/v2\/media?parent=1410783954"}],"wp:term":[{"taxonomy":"product_brand","embeddable":true,"href":"https:\/\/dinhosreef.com\/en\/wp-json\/wp\/v2\/product_brand?post=1410783954"},{"taxonomy":"product_cat","embeddable":true,"href":"https:\/\/dinhosreef.com\/en\/wp-json\/wp\/v2\/product_cat?post=1410783954"},{"taxonomy":"product_tag","embeddable":true,"href":"https:\/\/dinhosreef.com\/en\/wp-json\/wp\/v2\/product_tag?post=1410783954"}],"curies":[{"name":"wp","href":"https:\/\/api.w.org\/{rel}","templated":true}]}}