{"id":1410783960,"date":"2025-05-22T21:03:59","date_gmt":"2025-05-23T00:03:59","guid":{"rendered":"https:\/\/dinhosreef.com\/produto\/flourish-excel-50ml-seachem\/"},"modified":"2026-02-20T18:11:01","modified_gmt":"2026-02-20T21:11:01","slug":"flourish-excel-50ml-seachem","status":"publish","type":"product","link":"https:\/\/dinhosreef.com\/en\/product\/flourish-excel-50ml-seachem\/","title":{"rendered":"FLOURISH EXCEL 50ML  &#8211;  SEACHEM"},"content":{"rendered":"<p>Flourish Excel\u00e9 uma fonte de carbono org\u00e2nico biodispon\u00edvel. Todas as plantas necessitam de uma fonte de carbono. Isto \u00e9 tipicamente obtido a partir de CO2 , mas, tamb\u00e9m pode ser derivada a partir de compostos org\u00e2nicos simples (como intermedi\u00e1rios fotossint\u00e9ticos).<\/p>\n<p>A utiliza\u00e7\u00e3o de inje\u00e7\u00e3o de CO2 Flourish Excel n\u00e3o necessariamente nega o uso do outro. Uma vez que os processos de produ\u00e7\u00e3o de intermedi\u00e1rios fotossint\u00e9ticas e na constru\u00e7\u00e3o para eles ocorrem em simult\u00e2neo, pode-se derivar um benef\u00edcio substancial com o uso de Flourish Excel, quer isoladamente ou em conjunto com CO2 .<\/p>\n<p>A combina\u00e7\u00e3o \u00e9 particularmente ideal para situa\u00e7\u00f5es em que aumentar o uso de CO 2 pode resultar em n\u00edveis perigosamente baixos de pH. Florescer Excel tamb\u00e9m tem propriedades de redu\u00e7\u00e3o de ferro que promovem o estado ferroso de ferro (Fe 2 ), que \u00e9 mais facilmente utilizada pelas plantas de ferro f\u00e9rrico (Fe +3 ).<\/p>","protected":false},"excerpt":{"rendered":"<p>Flourish Excel\u00e9 uma fonte de carbono org\u00e2nico biodispon\u00edvel. Todas as plantas necessitam de uma fonte de carbono. Isto \u00e9 tipicamente obtido a partir de CO2 , mas, tamb\u00e9m pode ser derivada a partir de compostos org\u00e2nicos simples (como intermedi\u00e1rios fotossint\u00e9ticos). A utiliza\u00e7\u00e3o de inje\u00e7\u00e3o de CO2 Flourish Excel n\u00e3o necessariamente nega o uso do outro. [&hellip;]<\/p>\n","protected":false},"featured_media":1410783959,"comment_status":"open","ping_status":"closed","template":"","meta":{"googlesitekit_rrm_CAow0N7NCw:productID":"","content-type":"","pmpro_default_level":"","_themeisle_gutenberg_block_has_review":false},"product_brand":[402],"product_cat":[47],"product_tag":[],"class_list":{"0":"post-1410783960","1":"product","2":"type-product","3":"status-publish","4":"has-post-thumbnail","6":"product_brand-seachem","7":"product_cat-condicionadores-de-agua","8":"pmpro-has-access","10":"first","11":"instock","12":"taxable","13":"shipping-taxable","14":"purchasable","15":"product-type-simple"},"_links":{"self":[{"href":"https:\/\/dinhosreef.com\/en\/wp-json\/wp\/v2\/product\/1410783960","targetHints":{"allow":["GET"]}}],"collection":[{"href":"https:\/\/dinhosreef.com\/en\/wp-json\/wp\/v2\/product"}],"about":[{"href":"https:\/\/dinhosreef.com\/en\/wp-json\/wp\/v2\/types\/product"}],"replies":[{"embeddable":true,"href":"https:\/\/dinhosreef.com\/en\/wp-json\/wp\/v2\/comments?post=1410783960"}],"wp:featuredmedia":[{"embeddable":true,"href":"https:\/\/dinhosreef.com\/en\/wp-json\/wp\/v2\/media\/1410783959"}],"wp:attachment":[{"href":"https:\/\/dinhosreef.com\/en\/wp-json\/wp\/v2\/media?parent=1410783960"}],"wp:term":[{"taxonomy":"product_brand","embeddable":true,"href":"https:\/\/dinhosreef.com\/en\/wp-json\/wp\/v2\/product_brand?post=1410783960"},{"taxonomy":"product_cat","embeddable":true,"href":"https:\/\/dinhosreef.com\/en\/wp-json\/wp\/v2\/product_cat?post=1410783960"},{"taxonomy":"product_tag","embeddable":true,"href":"https:\/\/dinhosreef.com\/en\/wp-json\/wp\/v2\/product_tag?post=1410783960"}],"curies":[{"name":"wp","href":"https:\/\/api.w.org\/{rel}","templated":true}]}}