{"id":1410783962,"date":"2025-05-22T21:05:01","date_gmt":"2025-05-23T00:05:01","guid":{"rendered":"https:\/\/dinhosreef.com\/produto\/rede-06-ocean-tech-verde\/"},"modified":"2025-08-22T09:58:39","modified_gmt":"2025-08-22T12:58:39","slug":"rede-06-ocean-tech-verde","status":"publish","type":"product","link":"https:\/\/dinhosreef.com\/en\/product\/rede-06-ocean-tech-verde\/","title":{"rendered":"REDE &#8211; 06  &#8211;  OCEAN TECH VERDE"},"content":{"rendered":"<p>Ol\u00e1, \u00e9 um prazer ter voc\u00ea aqui conosco!<br \/>Queremos proporcionar a voc\u00ea a melhor experi\u00eancia em compras online.<br \/>Oferecemos produtos de qualidade e um atendimento personalizado, onde acompanhamos o seu pedido at\u00e9 sua chegada.<\/p>\n<p>Nunca remova seus peixes do aqu\u00e1rio com a m\u00e3o ou usando copos, uma rede como essa \u00e9 perfeita de ser utilizada para fazer a remo\u00e7\u00e3o durante uma limpeza ou mudan\u00e7a de aqu\u00e1rio. \u00c9 macia e at\u00f3xica, portanto, n\u00e3o prejudica seus peixes.<\/p>\n<p>&#8211; Malha Padr\u00e3o;<br \/>&#8211; Tamanho aproximado: 15 cm \/ 6&#8243;<br \/>&#8211; Tamanho cabo: 27cm<\/p>\n<p>Estamos sempre \u00e0 disposi\u00e7\u00e3o para tirar qualquer d\u00favida.<br \/>Aguardamos o seu pedido!<\/p>","protected":false},"excerpt":{"rendered":"<p>Ol\u00e1, \u00e9 um prazer ter voc\u00ea aqui conosco!Queremos proporcionar a voc\u00ea a melhor experi\u00eancia em compras online.Oferecemos produtos de qualidade e um atendimento personalizado, onde acompanhamos o seu pedido at\u00e9 sua chegada. Nunca remova seus peixes do aqu\u00e1rio com a m\u00e3o ou usando copos, uma rede como essa \u00e9 perfeita de ser utilizada para fazer [&hellip;]<\/p>\n","protected":false},"featured_media":1410783961,"comment_status":"open","ping_status":"closed","template":"","meta":{"googlesitekit_rrm_CAow0N7NCw:productID":"","content-type":"","pmpro_default_level":"","_themeisle_gutenberg_block_has_review":false},"product_brand":[],"product_cat":[266],"product_tag":[],"class_list":{"0":"post-1410783962","1":"product","2":"type-product","3":"status-publish","4":"has-post-thumbnail","6":"product_cat-redes","7":"pmpro-has-access","9":"first","10":"outofstock","11":"taxable","12":"shipping-taxable","13":"purchasable","14":"product-type-simple"},"_links":{"self":[{"href":"https:\/\/dinhosreef.com\/en\/wp-json\/wp\/v2\/product\/1410783962","targetHints":{"allow":["GET"]}}],"collection":[{"href":"https:\/\/dinhosreef.com\/en\/wp-json\/wp\/v2\/product"}],"about":[{"href":"https:\/\/dinhosreef.com\/en\/wp-json\/wp\/v2\/types\/product"}],"replies":[{"embeddable":true,"href":"https:\/\/dinhosreef.com\/en\/wp-json\/wp\/v2\/comments?post=1410783962"}],"wp:featuredmedia":[{"embeddable":true,"href":"https:\/\/dinhosreef.com\/en\/wp-json\/wp\/v2\/media\/1410783961"}],"wp:attachment":[{"href":"https:\/\/dinhosreef.com\/en\/wp-json\/wp\/v2\/media?parent=1410783962"}],"wp:term":[{"taxonomy":"product_brand","embeddable":true,"href":"https:\/\/dinhosreef.com\/en\/wp-json\/wp\/v2\/product_brand?post=1410783962"},{"taxonomy":"product_cat","embeddable":true,"href":"https:\/\/dinhosreef.com\/en\/wp-json\/wp\/v2\/product_cat?post=1410783962"},{"taxonomy":"product_tag","embeddable":true,"href":"https:\/\/dinhosreef.com\/en\/wp-json\/wp\/v2\/product_tag?post=1410783962"}],"curies":[{"name":"wp","href":"https:\/\/api.w.org\/{rel}","templated":true}]}}