{"id":1410783979,"date":"2025-05-23T12:07:21","date_gmt":"2025-05-23T15:07:21","guid":{"rendered":"https:\/\/dinhosreef.com\/produto\/cilindro-de-co2-soma-cylinder-equipment-30l-aluminio-padrao-abnt\/"},"modified":"2026-04-07T13:31:16","modified_gmt":"2026-04-07T16:31:16","slug":"cilindro-de-co2-soma-cylinder-equipment-30l-aluminio-padrao-abnt","status":"publish","type":"product","link":"https:\/\/dinhosreef.com\/en\/product\/cilindro-de-co2-soma-cylinder-equipment-30l-aluminio-padrao-abnt\/","title":{"rendered":"CILINDRO DE CO2 SOMA CYLINDER EQUIPMENT &#8211; 3,0L (ALUMINIO-PADRAO ABNT)"},"content":{"rendered":"<p>Compre\u00a0<strong>CILINDRO DE CO2 SOMA CYLINDER EQUIPMENT-3,0L(ALUMINIO- ABNT).\u00a0<\/strong>Informa\u00e7\u00f5es: Altura: 50,5 Largura: 11 Profundidade: 11 Peso: 2,63<\/p>\n<p>Aqui voc\u00ea encontra os melhores produtos da SOMA.<\/p>\n<p><strong>D\u00favidas<\/strong>: Os produtos s\u00e3o sempre novos e de alta qualidade. Todas as mercadorias s\u00e3o para pronta entrega. Todos os produtos possuem garantia de 3 meses.<\/p>","protected":false},"excerpt":{"rendered":"<p>Compre\u00a0CILINDRO DE CO2 SOMA CYLINDER EQUIPMENT-3,0L(ALUMINIO- ABNT).\u00a0Informa\u00e7\u00f5es: Altura: 50,5 Largura: 11 Profundidade: 11 Peso: 2,63 Aqui voc\u00ea encontra os melhores produtos da SOMA. D\u00favidas: Os produtos s\u00e3o sempre novos e de alta qualidade. Todas as mercadorias s\u00e3o para pronta entrega. Todos os produtos possuem garantia de 3 meses.<\/p>","protected":false},"featured_media":1410783978,"comment_status":"open","ping_status":"closed","template":"","meta":{"googlesitekit_rrm_CAow0N7NCw:productID":"","content-type":"","pmpro_default_level":"","_themeisle_gutenberg_block_has_review":false},"product_brand":[],"product_cat":[16],"product_tag":[],"class_list":{"0":"post-1410783979","1":"product","2":"type-product","3":"status-publish","4":"has-post-thumbnail","6":"product_cat-diversos","7":"pmpro-has-access","9":"first","10":"outofstock","11":"taxable","12":"shipping-taxable","13":"purchasable","14":"product-type-simple"},"_links":{"self":[{"href":"https:\/\/dinhosreef.com\/en\/wp-json\/wp\/v2\/product\/1410783979","targetHints":{"allow":["GET"]}}],"collection":[{"href":"https:\/\/dinhosreef.com\/en\/wp-json\/wp\/v2\/product"}],"about":[{"href":"https:\/\/dinhosreef.com\/en\/wp-json\/wp\/v2\/types\/product"}],"replies":[{"embeddable":true,"href":"https:\/\/dinhosreef.com\/en\/wp-json\/wp\/v2\/comments?post=1410783979"}],"wp:featuredmedia":[{"embeddable":true,"href":"https:\/\/dinhosreef.com\/en\/wp-json\/wp\/v2\/media\/1410783978"}],"wp:attachment":[{"href":"https:\/\/dinhosreef.com\/en\/wp-json\/wp\/v2\/media?parent=1410783979"}],"wp:term":[{"taxonomy":"product_brand","embeddable":true,"href":"https:\/\/dinhosreef.com\/en\/wp-json\/wp\/v2\/product_brand?post=1410783979"},{"taxonomy":"product_cat","embeddable":true,"href":"https:\/\/dinhosreef.com\/en\/wp-json\/wp\/v2\/product_cat?post=1410783979"},{"taxonomy":"product_tag","embeddable":true,"href":"https:\/\/dinhosreef.com\/en\/wp-json\/wp\/v2\/product_tag?post=1410783979"}],"curies":[{"name":"wp","href":"https:\/\/api.w.org\/{rel}","templated":true}]}}