{"id":1410784003,"date":"2025-06-01T18:25:48","date_gmt":"2025-06-01T21:25:48","guid":{"rendered":"https:\/\/dinhosreef.com\/produto\/sun-sun-bomba-circ-jvp-130-4000l-h-127v\/"},"modified":"2026-03-05T18:44:19","modified_gmt":"2026-03-05T21:44:19","slug":"sun-sun-bomba-circ-jvp-130-4000l-h-127v","status":"publish","type":"product","link":"https:\/\/dinhosreef.com\/en\/product\/sun-sun-bomba-circ-jvp-130-4000l-h-127v\/","title":{"rendered":"SUN SUN BOMBA CIRC JVP-130 4000l\/H 127V"},"content":{"rendered":"<p>A nova linha de bombas de circula\u00e7\u00e3o, Sunsun JVP, traz um desenho totalmente diferente do modelo anterior.<br \/>As bombas tiveram seu tamanho reduzido e o design totalmente remodelado.<br \/>As novas bombas Sunsun JVP, permite um fluxo de 360\u00ba, j\u00e1 que ela fica apenas encaixa no suporte de apoio, com isso \u00e9 poss\u00edvel redirecionar para um canto espec\u00edfico do aqu\u00e1rio.<br \/>Os novos modelos tamb\u00e9m contam com um controlador de fluxo simples na sa\u00edda da bomba, a base de fixa\u00e7\u00e3o \u00e9 magn\u00e9tica e tem o im\u00e3 protegido para evitar que risquem o vidro do aqu\u00e1rio.<\/p>\n<p>Instru\u00e7\u00f5es de Instala\u00e7\u00e3o<br \/>1 &#8211; Retire os dois im\u00e3s; Coloque o wave maker na localiza\u00e7\u00e3o apropriada dentro do aqu\u00e1rio. Tenha cuidado ao colocar dois im\u00e3s juntos, pois o magnetismo \u00e9 muito forte. Posicione as pe\u00e7as junto ao vidro (uma por dentro outra por fora), por\u00e9m distantes uma da outra. Em seguida, deslize as pe\u00e7as com cuidado at\u00e9 a uni\u00e3o de ambas.<\/p>\n<p>A nova linha de bombas de circula\u00e7\u00e3o, Sunsun JVP, traz um desenho totalmente diferente do modelo anterior.<br \/>As bombas tiveram seu tamanho reduzido e o design totalmente remodelado.<br \/>As novas bombas Sunsun JVP, permite um fluxo de 360\u00ba, j\u00e1 que ela fica apenas encaixa no suporte de apoio, com isso \u00e9 poss\u00edvel redirecionar para um canto espec\u00edfico do aqu\u00e1rio.<br \/>Os novos modelos tamb\u00e9m contam com um controlador de fluxo simples na sa\u00edda da bomba, a base de fixa\u00e7\u00e3o \u00e9 magn\u00e9tica e tem o im\u00e3 protegido para evitar que risquem o vidro do aqu\u00e1rio.<\/p>\n<p>Instru\u00e7\u00f5es de Instala\u00e7\u00e3o<br \/>1 &#8211; Retire os dois im\u00e3s; Coloque o wave maker na localiza\u00e7\u00e3o apropriada dentro do aqu\u00e1rio. Tenha cuidado ao colocar dois im\u00e3s juntos, pois o magnetismo \u00e9 muito forte. Posicione as pe\u00e7as junto ao vidro (uma por dentro outra por fora), por\u00e9m distantes uma da outra. Em seguida, deslize as pe\u00e7as com cuidado at\u00e9 a uni\u00e3o de ambas.<\/p>\n<p>Medidas aproximadas: 66x61x114 mm<br \/>Consumo: 6w<br \/>Sa\u00edda: 4000 l\/h<br \/>Base de fixa\u00e7\u00e3o: Im\u00e3, para vidros de at\u00e9 15m<\/p>","protected":false},"excerpt":{"rendered":"<p>A nova linha de bombas de circula\u00e7\u00e3o, Sunsun JVP, traz um desenho totalmente diferente do modelo anterior.As bombas tiveram seu tamanho reduzido e o design totalmente remodelado.As novas bombas Sunsun JVP, permite um fluxo de 360\u00ba, j\u00e1 que ela fica apenas encaixa no suporte de apoio, com isso \u00e9 poss\u00edvel redirecionar para um canto espec\u00edfico [&hellip;]<\/p>\n","protected":false},"featured_media":1410784000,"comment_status":"open","ping_status":"closed","template":"","meta":{"googlesitekit_rrm_CAow0N7NCw:productID":"","content-type":"","pmpro_default_level":"","_themeisle_gutenberg_block_has_review":false},"product_brand":[],"product_cat":[104],"product_tag":[],"class_list":{"0":"post-1410784003","1":"product","2":"type-product","3":"status-publish","4":"has-post-thumbnail","6":"product_cat-bombas-de-circulacao","7":"aux-has-gallery","8":"pmpro-has-access","10":"first","11":"instock","12":"taxable","13":"shipping-taxable","14":"purchasable","15":"product-type-simple"},"_links":{"self":[{"href":"https:\/\/dinhosreef.com\/en\/wp-json\/wp\/v2\/product\/1410784003","targetHints":{"allow":["GET"]}}],"collection":[{"href":"https:\/\/dinhosreef.com\/en\/wp-json\/wp\/v2\/product"}],"about":[{"href":"https:\/\/dinhosreef.com\/en\/wp-json\/wp\/v2\/types\/product"}],"replies":[{"embeddable":true,"href":"https:\/\/dinhosreef.com\/en\/wp-json\/wp\/v2\/comments?post=1410784003"}],"wp:featuredmedia":[{"embeddable":true,"href":"https:\/\/dinhosreef.com\/en\/wp-json\/wp\/v2\/media\/1410784000"}],"wp:attachment":[{"href":"https:\/\/dinhosreef.com\/en\/wp-json\/wp\/v2\/media?parent=1410784003"}],"wp:term":[{"taxonomy":"product_brand","embeddable":true,"href":"https:\/\/dinhosreef.com\/en\/wp-json\/wp\/v2\/product_brand?post=1410784003"},{"taxonomy":"product_cat","embeddable":true,"href":"https:\/\/dinhosreef.com\/en\/wp-json\/wp\/v2\/product_cat?post=1410784003"},{"taxonomy":"product_tag","embeddable":true,"href":"https:\/\/dinhosreef.com\/en\/wp-json\/wp\/v2\/product_tag?post=1410784003"}],"curies":[{"name":"wp","href":"https:\/\/api.w.org\/{rel}","templated":true}]}}