{"id":1410784026,"date":"2025-06-06T16:49:29","date_gmt":"2025-06-06T19:49:29","guid":{"rendered":"https:\/\/dinhosreef.com\/produto\/filtro-externo-aquario-hang-on-oceantech-hf-800-voltagem-220v\/"},"modified":"2025-06-06T16:49:33","modified_gmt":"2025-06-06T19:49:33","slug":"filtro-externo-aquario-hang-on-oceantech-hf-800-voltagem-220v","status":"publish","type":"product","link":"https:\/\/dinhosreef.com\/en\/product\/filtro-externo-aquario-hang-on-oceantech-hf-800-voltagem-220v\/","title":{"rendered":"Filtro Externo Aquario Hang On Oceantech Hf-800 Voltagem 220v"},"content":{"rendered":"<p>*ESTOQUE ATUALIZADO &#8211; NOVO MODELO OCEAN TECH FILTRO PARA AQU\u00c1RIOS HF-0800 &#8211; 250l -MAIS POTENTE !<\/p>\n<p>&#8212;&#8212;&#8212;&#8212;&#8212;&#8212;&#8212;&#8212;&#8212;&#8212;&#8212;&#8212;&#8212;&#8212;&#8212;&#8212;&#8212;&#8212;&#8212;&#8212;&#8212;&#8212;&#8212;&#8212;&#8212;&#8212;&#8212;&#8212;&#8212;&#8212;&#8212;&#8212;&#8212;&#8212;&#8212;&#8212;&#8212;&#8212;&#8212;&#8212;&#8212;&#8212;&#8212;<\/p>\n<p>\u00a0<\/p>\n<p>\u00a0<\/p>\n<p>-Design Atualizado; &gt;Produto \u00e0 Pronta Entrega para Envio Imediato!&lt; -&gt; \u00c9 um Produto Testado e Aprovado Pelos Consumidores de Todo Brasil! -Produto Robusto -Projetado Para Uso Constante; -Extremamente Resistente e Potente! -Nossos filtros para aqu\u00e1rios S\u00e3o Testados UM POR UM Antes do Envio! -Voc\u00ea Pode Contar Com Todo Suporte P\u00f3s-Venda da Nossa Equipe -Somos Uma Distribuidora Autorizada! -Produto com Garantia de 1 ano! Os filtros externo da linha HF s\u00e3o ideais para aqu\u00e1rios de \u00e1gua doce. A constru\u00e7\u00e3o do filtro \u00e9 especialmente discreta e bonita, para os aquaristas que buscam praticidade com um \u00f3timo custo beneficio. Seu sistema de filtragem cont\u00e9m sistemas espec\u00edficos para cada etapa da filtragem: mec\u00e2nica, qu\u00edmica e biol\u00f3gica. Os compartimentos s\u00e3o todos remov\u00edveis, podendo ser otimizados de acordo com o sistema do seu aqu\u00e1rio. O modelo HF-800 \u00e9 indicado para aqu\u00e1rios de at\u00e9 250lts. Este modelo conta ainda com um coletor de superf\u00edcie (Surface Intake Strainer) que coleta a gordura e res\u00edduos que se acumulam na superf\u00edcie da \u00e1gua do aqu\u00e1rio. O Filtro externo \u00e9 capaz de realizar os 3 tipos de filtragens necess\u00e1rios em nossos aqu\u00e1rios mec\u00e2nica, biol\u00f3gica e qu\u00edmica. Ele opera de forma silenciosa e pode ser usado em aqu\u00e1rios marinhos ou de \u00e1gua doce. Realiza de forma eficiente a filtragem de sedimentos e pequenas part\u00edculas presentes na \u00e1gua, elimina odores e turva\u00e7\u00e3o (carv\u00e3o ativado incluso). Principais Carater\u00edstica da Linha HF -Tripla filtragem (qu\u00edmica, mec\u00e2nica e biol\u00f3gica); -Excelente filtragem e oxigena\u00e7\u00e3o; -Fluxo de \u00e1gua ajust\u00e1vel; -Silencioso e dur\u00e1vel; -Pronto para o uso; -Garantia de 1 ano; -Pre\u00e7o acess\u00edvel. Principais Carater\u00edstica do Modelo Hf-0800 &#8211; Filtro externo extremamente pr\u00e1tico, ideal para aquaristas iniciantes e adorado por aquaristas de todos os n\u00edveis; &#8211; Equipamento de extrema qualidade e durabilidade; &#8211; Filtro do tipo Hang On, ocupa pouco espa\u00e7o e pode ser pendurado no vidro traseiro ou lateral do aqu\u00e1rio; &#8211; Filtro completo com refil \u00e9 s\u00f3 instal\u00e1-lo no aqu\u00e1rio e est\u00e1 pronto para usar; &#8211; Apresenta tr\u00eas n\u00edveis de filtragem: mec\u00e2nica, biol\u00f3gica e qu\u00edmica; &#8211; O retorno de \u00e1gua ocorre de forma silencionsa e semelhante a uma linda cachoeira; &#8211; Cont\u00e9m regulador para ajustar o fluxo de \u00e1gua, permite reduzir a correnteza da \u00e1gua; &#8211; Funcionamento extremamente silencioso; &#8211; Proporciona excelente filtragem e oxigena\u00e7\u00e3o ao aqu\u00e1rio; &#8211; F\u00e1cil manuten\u00e7\u00e3o, basta realizar limpeza peri\u00f3dica e substituir o refil, conforme a necessidade do aqu\u00e1rio; Ficha T\u00e9cnica: -Modelo: HF-800 -Tipo de Pet: Peixes -Tens\u00e3o (V):220v ou 110V -Pot\u00eancia (W): 9 -Vaz\u00e3o (L\/h): 900 -Capacidade Indicada (L): recomendado para tanques de at\u00e9 250 L -Medidas: 15cm x 35cm x 20cm (CxLxA) -Cabo Energia Total Aprox. (m): 1,4 -Tipo de \u00c1gua: Doce -Garantia: Garantia de 12 meses Instru\u00e7\u00f5es de Uso: 1 &#8211; Retire o filtro da embalagem e enxague as m\u00eddias filtrantes; 2 &#8211; Conecte o tubo coletor na entrada de \u00e1gua do filtro; 3 &#8211; Coloque o refil e a placa biol\u00f3gica no filtro, ajuste o espa\u00e7o entre o filtro e o aqu\u00e1rio usando o espa\u00e7ador de modo que o filtro n\u00e3o fique inclinado; 4 &#8211; Encha o copo do filtro com \u00e1gua; 5 &#8211; Conecte o filtro na tomada de energia; 6 &#8211; Limpe o filtro periodicamente, lavando o impeller da bomba e efetuando a troca do refil a cada 30 dias.<\/p>","protected":false},"excerpt":{"rendered":"<p>*ESTOQUE ATUALIZADO &#8211; NOVO MODELO OCEAN TECH FILTRO PARA AQU\u00c1RIOS HF-0800 &#8211; 250l -MAIS POTENTE ! &#8212;&#8212;&#8212;&#8212;&#8212;&#8212;&#8212;&#8212;&#8212;&#8212;&#8212;&#8212;&#8212;&#8212;&#8212;&#8212;&#8212;&#8212;&#8212;&#8212;&#8212;&#8212;&#8212;&#8212;&#8212;&#8212;&#8212;&#8212;&#8212;&#8212;&#8212;&#8212;&#8212;&#8212;&#8212;&#8212;&#8212;&#8212;&#8212;&#8212;&#8212;&#8212;&#8212; \u00a0 \u00a0 -Design Atualizado; &gt;Produto \u00e0 Pronta Entrega para Envio Imediato!&lt; -&gt; \u00c9 um Produto Testado e Aprovado Pelos Consumidores de Todo Brasil! -Produto Robusto -Projetado Para Uso Constante; -Extremamente Resistente e Potente! -Nossos filtros para aqu\u00e1rios S\u00e3o [&hellip;]<\/p>\n","protected":false},"featured_media":1410784025,"comment_status":"open","ping_status":"closed","template":"","meta":{"googlesitekit_rrm_CAow0N7NCw:productID":"","content-type":"","pmpro_default_level":"","_themeisle_gutenberg_block_has_review":false},"product_brand":[],"product_cat":[16],"product_tag":[],"class_list":{"0":"post-1410784026","1":"product","2":"type-product","3":"status-publish","4":"has-post-thumbnail","6":"product_cat-diversos","7":"pmpro-has-access","9":"first","10":"instock","11":"taxable","12":"shipping-taxable","13":"purchasable","14":"product-type-variable"},"_links":{"self":[{"href":"https:\/\/dinhosreef.com\/en\/wp-json\/wp\/v2\/product\/1410784026","targetHints":{"allow":["GET"]}}],"collection":[{"href":"https:\/\/dinhosreef.com\/en\/wp-json\/wp\/v2\/product"}],"about":[{"href":"https:\/\/dinhosreef.com\/en\/wp-json\/wp\/v2\/types\/product"}],"replies":[{"embeddable":true,"href":"https:\/\/dinhosreef.com\/en\/wp-json\/wp\/v2\/comments?post=1410784026"}],"wp:featuredmedia":[{"embeddable":true,"href":"https:\/\/dinhosreef.com\/en\/wp-json\/wp\/v2\/media\/1410784025"}],"wp:attachment":[{"href":"https:\/\/dinhosreef.com\/en\/wp-json\/wp\/v2\/media?parent=1410784026"}],"wp:term":[{"taxonomy":"product_brand","embeddable":true,"href":"https:\/\/dinhosreef.com\/en\/wp-json\/wp\/v2\/product_brand?post=1410784026"},{"taxonomy":"product_cat","embeddable":true,"href":"https:\/\/dinhosreef.com\/en\/wp-json\/wp\/v2\/product_cat?post=1410784026"},{"taxonomy":"product_tag","embeddable":true,"href":"https:\/\/dinhosreef.com\/en\/wp-json\/wp\/v2\/product_tag?post=1410784026"}],"curies":[{"name":"wp","href":"https:\/\/api.w.org\/{rel}","templated":true}]}}