{"id":1410784044,"date":"2025-06-06T16:50:46","date_gmt":"2025-06-06T19:50:46","guid":{"rendered":"https:\/\/dinhosreef.com\/produto\/filtro-externo-ocean-tech-hf-100-aquario-ate-40l-110v\/"},"modified":"2025-12-15T14:02:37","modified_gmt":"2025-12-15T17:02:37","slug":"filtro-externo-ocean-tech-hf-100-aquario-ate-40l-110v","status":"publish","type":"product","link":"https:\/\/dinhosreef.com\/en\/product\/filtro-externo-ocean-tech-hf-100-aquario-ate-40l-110v\/","title":{"rendered":"Filtro Externo Ocean Tech Hf-100  Aqu\u00e1rio At\u00e9 40l + 110v"},"content":{"rendered":"<p>REEF SHOPS &#8211; REVENDEDOR AUTORIZADO OCEAN TECH &#8211; PRODUTO COM 1 ANO DE GARANTIA Filtro externo Ocean Tech HF-100 tipo cascata, hang on, para aqu\u00e1rio de at\u00e9 40L com vaz\u00e3o de 180 L\/h Os filtros externos hang on da Ocean Tech linha HF, s\u00e3o ideais para quem busca um equipamento pr\u00e1tico, de f\u00e1cil manuten\u00e7\u00e3o, confi\u00e1vel e de \u00f3timo custo-benef\u00edcio para seu aqu\u00e1rio. Seu sistema de filtragem cont\u00e9m sistemas espec\u00edficos para cada etapa da filtragem: mec\u00e2nica, qu\u00edmica e biol\u00f3gica. Garantia: Garantia de 1 ano: garantia de f\u00e1brica Garantia n\u00e3o cobre danos por mal uso. Caracter\u00edsticas: HF-100 Tripla filtragem (mec\u00e2nica, biol\u00f3gica e qu\u00edmica) Elimina odores Design discreto Tampa transl\u00facida fum\u00ea Corpo transl\u00facido fum\u00ea Controle de fluxo Espa\u00e7ador para apoio no vidro do aqu\u00e1rio Refil: 1 Refil com perlon e carv\u00e3o ativado + 1 refil esponja F\u00e1cil manuten\u00e7\u00e3o \u2013 partes desmont\u00e1veis Resistente Extremamente silencioso M\u00eddias filtrantes de alta qualidade Refis de f\u00e1cil substitui\u00e7\u00e3o Especifica\u00e7\u00f5es t\u00e9cnicas: Pot\u00eancia: 3W Vaz\u00e3o: 180 L\/h Capacidade do aqu\u00e1rio: At\u00e9 40L Tamanho do filtro sem os canos: 8,5 x 10,5 x 8,5 cm (largura x altura x profundidade) Altura total dos canos de entrada: 14cm Tamanho da \u00e1rea que fica para fora do aqu\u00e1rio: 6cm Tamanho do fio: 1,30 m Tamanho caixa: 13 x 13 x 9 cm (largura x altura x profundidade) Peso: 350g Como usar e montar filtro externo para aqu\u00e1rio: Antes de usar no aqu\u00e1rio, passe todas as partes em \u00e1gua corrente Encaixe o cotovelo na bomba Conecte os canos no cotovelo Insira os refis dentro do filtro Posicione o filtro externo no vidro do aqu\u00e1rio Coloque \u00e1gua dentro do filtro Ap\u00f3s todos os passos indicados, ligue o filtro na tomada. Manuten\u00e7\u00e3o filtro externo para aqu\u00e1rio: A manuten\u00e7\u00e3o do filtro externo OceanTech deve ser realizada uma vez por m\u00eas. Antes de iniciar a limpeza do filtro, desligue o filtro da rede el\u00e9trica e em seguida retire a \u00e1gua de dentro do filtro. Retire as m\u00eddias filtrantes. Passe todas as partes em \u00e1gua corrente, inclusive a bomba e o impeller. N\u00e3o utilize produtos e materiais abrasivos. Perguntas frequentes: J\u00e1 vem com refil? Sim, as m\u00eddias j\u00e1 acompanham o produto. O produto \u00e9 novo? Sim, produto novo e lacrado.<\/p>","protected":false},"excerpt":{"rendered":"<p>REEF SHOPS &#8211; REVENDEDOR AUTORIZADO OCEAN TECH &#8211; PRODUTO COM 1 ANO DE GARANTIA Filtro externo Ocean Tech HF-100 tipo cascata, hang on, para aqu\u00e1rio de at\u00e9 40L com vaz\u00e3o de 180 L\/h Os filtros externos hang on da Ocean Tech linha HF, s\u00e3o ideais para quem busca um equipamento pr\u00e1tico, de f\u00e1cil manuten\u00e7\u00e3o, confi\u00e1vel [&hellip;]<\/p>\n","protected":false},"featured_media":1410784043,"comment_status":"open","ping_status":"closed","template":"","meta":{"googlesitekit_rrm_CAow0N7NCw:productID":"","content-type":"","pmpro_default_level":"","_themeisle_gutenberg_block_has_review":false},"product_brand":[],"product_cat":[71],"product_tag":[],"class_list":{"0":"post-1410784044","1":"product","2":"type-product","3":"status-publish","4":"has-post-thumbnail","6":"product_cat-filtros","7":"pmpro-has-access","9":"first","10":"outofstock","11":"taxable","12":"shipping-taxable","13":"purchasable","14":"product-type-variable"},"_links":{"self":[{"href":"https:\/\/dinhosreef.com\/en\/wp-json\/wp\/v2\/product\/1410784044","targetHints":{"allow":["GET"]}}],"collection":[{"href":"https:\/\/dinhosreef.com\/en\/wp-json\/wp\/v2\/product"}],"about":[{"href":"https:\/\/dinhosreef.com\/en\/wp-json\/wp\/v2\/types\/product"}],"replies":[{"embeddable":true,"href":"https:\/\/dinhosreef.com\/en\/wp-json\/wp\/v2\/comments?post=1410784044"}],"wp:featuredmedia":[{"embeddable":true,"href":"https:\/\/dinhosreef.com\/en\/wp-json\/wp\/v2\/media\/1410784043"}],"wp:attachment":[{"href":"https:\/\/dinhosreef.com\/en\/wp-json\/wp\/v2\/media?parent=1410784044"}],"wp:term":[{"taxonomy":"product_brand","embeddable":true,"href":"https:\/\/dinhosreef.com\/en\/wp-json\/wp\/v2\/product_brand?post=1410784044"},{"taxonomy":"product_cat","embeddable":true,"href":"https:\/\/dinhosreef.com\/en\/wp-json\/wp\/v2\/product_cat?post=1410784044"},{"taxonomy":"product_tag","embeddable":true,"href":"https:\/\/dinhosreef.com\/en\/wp-json\/wp\/v2\/product_tag?post=1410784044"}],"curies":[{"name":"wp","href":"https:\/\/api.w.org\/{rel}","templated":true}]}}