{"id":1410784047,"date":"2025-06-06T16:50:55","date_gmt":"2025-06-06T19:50:55","guid":{"rendered":"https:\/\/dinhosreef.com\/produto\/filtro-externo-rs-aqua-rs-4000-para-aquarios-voltagem-110v\/"},"modified":"2026-04-21T01:35:56","modified_gmt":"2026-04-21T04:35:56","slug":"filtro-externo-rs-aqua-rs-4000-para-aquarios-voltagem-110v","status":"publish","type":"product","link":"https:\/\/dinhosreef.com\/en\/product\/filtro-externo-rs-aqua-rs-4000-para-aquarios-voltagem-110v\/","title":{"rendered":"Filtro Externo Rs Aqua Rs-4000 Para Aqu\u00e1rios Voltagem 110v"},"content":{"rendered":"<p>Principais Caracter\u00edsticas: I &#8211; Filtro do tipo Hang On, ocupa pouco espa\u00e7o e pode ser pendurado no vidro traseiro ou lateral do aqu\u00e1rio; II &#8211; Filtro completo com refil, \u00e9 s\u00f3 instal\u00e1-lo no aqu\u00e1rio e est\u00e1 pronto para usar; III &#8211; Apresenta tr\u00eas n\u00edveis de filtragem: mec\u00e2nica, biol\u00f3gica e qu\u00edmica; IV &#8211; O retorno da \u00e1gua ocorre de forma silencionsa e semelhante a uma linda cachoeira; V &#8211; Cont\u00e9m regulador para ajustar o fluxo de \u00e1gua, permite reduzir a correnteza da \u00e1gua; VI &#8211; Funcionamento extremamente silencioso; VII &#8211; Proporciona excelente filtragem e oxigena\u00e7\u00e3o ao aqu\u00e1rio; VIII &#8211; F\u00e1cil manuten\u00e7\u00e3o, basta realizar limpeza peri\u00f3dica e substituir o refil, conforme a necessidade do aqu\u00e1rio; IX &#8211; Acompanha extrator de superf\u00edcie (skimmer). Descri\u00e7\u00e3o: Filtros Hang-on s\u00e3o muito pr\u00e1ticos, pois ficam pendurados na parte superior do vidro traseiro ou lateral do aqu\u00e1rio. Com seu tubo de suc\u00e7\u00e3o ajust\u00e1vel, voc\u00ea consegue determinar em qual profundidade o filtro trabalhar\u00e1 para eliminar a sujeira. Ap\u00f3s tratada, a \u00e1gua filtrada flui silenciosamente na forma de um l\u00e2mina de \u00e1gua para o aqu\u00e1rio. Assim \u00e9 criado um \u00f3timo sistema de filtragem, circula\u00e7\u00e3o e oxigena\u00e7\u00e3o da \u00e1gua. Estes filtros utilizam refis de f\u00e1cil substitui\u00e7\u00e3o, o que tamb\u00e9m facilita muito sua manuten\u00e7\u00e3o e mant\u00e9m a qualidade da filtragem. O Filtro externo \u00e9 capaz de realizar os 3 tipos de filtragens necess\u00e1rios em nossos aqu\u00e1rios &#8211; mec\u00e2nica, biol\u00f3gica e qu\u00edmica. Ele opera de forma silenciosa e pode ser usado em aqu\u00e1rios marinhos ou de \u00e1gua doce. Realiza de forma eficiente a filtragem de sedimentos e pequenas part\u00edculas presentes na \u00e1gua, elimina odores e turva\u00e7\u00e3o (carv\u00e3o ativado incluso). Atributos do Produto: Marca: Rs Aqua Modelo: RS-4000 Tipo de Pet: Peixes Tipo de \u00c1gua: Doce e Salgada Fonte de Alimenta\u00e7\u00e3o: Rede El\u00e9trica Tens\u00e3o (V): Monovolt 110V\/220V (N\u00e3o \u00e9 Bivolt) Pot\u00eancia (W): 10 Tipo Filtro de \u00c1gua: Filtro Externo Hang-On Vaz\u00e3o M\u00edn. Aprox. (L\/h): 800 Vaz\u00e3o M\u00e1x. Aprox. (L\/h): 1600 Capacidade Indicada (L): 200 Regul\u00e1vel: Sim, regulagem de vaz\u00e3o. Checar detalhes da funcionalidade. Cabo Energia Total Aprox. (m): 1,1 Dimens\u00e3o Aprox. Produto (CxLxA|cm): 20x14x18,5<\/p>","protected":false},"excerpt":{"rendered":"<p>Principais Caracter\u00edsticas: I &#8211; Filtro do tipo Hang On, ocupa pouco espa\u00e7o e pode ser pendurado no vidro traseiro ou lateral do aqu\u00e1rio; II &#8211; Filtro completo com refil, \u00e9 s\u00f3 instal\u00e1-lo no aqu\u00e1rio e est\u00e1 pronto para usar; III &#8211; Apresenta tr\u00eas n\u00edveis de filtragem: mec\u00e2nica, biol\u00f3gica e qu\u00edmica; IV &#8211; O retorno da [&hellip;]<\/p>\n","protected":false},"featured_media":1410784046,"comment_status":"open","ping_status":"closed","template":"","meta":{"googlesitekit_rrm_CAow0N7NCw:productID":"","content-type":"","pmpro_default_level":"","_themeisle_gutenberg_block_has_review":false},"product_brand":[],"product_cat":[71],"product_tag":[],"class_list":{"0":"post-1410784047","1":"product","2":"type-product","3":"status-publish","4":"has-post-thumbnail","6":"product_cat-filtros","7":"pmpro-has-access","9":"first","10":"outofstock","11":"taxable","12":"shipping-taxable","13":"purchasable","14":"product-type-variable"},"_links":{"self":[{"href":"https:\/\/dinhosreef.com\/en\/wp-json\/wp\/v2\/product\/1410784047","targetHints":{"allow":["GET"]}}],"collection":[{"href":"https:\/\/dinhosreef.com\/en\/wp-json\/wp\/v2\/product"}],"about":[{"href":"https:\/\/dinhosreef.com\/en\/wp-json\/wp\/v2\/types\/product"}],"replies":[{"embeddable":true,"href":"https:\/\/dinhosreef.com\/en\/wp-json\/wp\/v2\/comments?post=1410784047"}],"wp:featuredmedia":[{"embeddable":true,"href":"https:\/\/dinhosreef.com\/en\/wp-json\/wp\/v2\/media\/1410784046"}],"wp:attachment":[{"href":"https:\/\/dinhosreef.com\/en\/wp-json\/wp\/v2\/media?parent=1410784047"}],"wp:term":[{"taxonomy":"product_brand","embeddable":true,"href":"https:\/\/dinhosreef.com\/en\/wp-json\/wp\/v2\/product_brand?post=1410784047"},{"taxonomy":"product_cat","embeddable":true,"href":"https:\/\/dinhosreef.com\/en\/wp-json\/wp\/v2\/product_cat?post=1410784047"},{"taxonomy":"product_tag","embeddable":true,"href":"https:\/\/dinhosreef.com\/en\/wp-json\/wp\/v2\/product_tag?post=1410784047"}],"curies":[{"name":"wp","href":"https:\/\/api.w.org\/{rel}","templated":true}]}}