{"id":1410784061,"date":"2025-06-07T15:10:58","date_gmt":"2025-06-07T18:10:58","guid":{"rendered":"https:\/\/dinhosreef.com\/produto\/sd-ultralife-rp-ad-frango-101kg\/"},"modified":"2026-03-05T12:16:56","modified_gmt":"2026-03-05T15:16:56","slug":"sd-ultralife-rp-ad-frango-101kg","status":"publish","type":"product","link":"https:\/\/dinhosreef.com\/en\/product\/sd-ultralife-rp-ad-frango-101kg\/","title":{"rendered":"SD ULTRALIFE RP AD FRANGO 10,1KG"},"content":{"rendered":"<p><strong>SPECIAL DOG ULTRALIFE RA\u00c7AS PEQUENAS ADULTOS PREMIUM ESPECIAL<\/strong><br \/>\nN\u00e3o cont\u00e9m corantes artificiais;<\/p>\n<p>Elaborado por veterin\u00e1rios;<\/p>\n<p>EXTRATO DE YUCCA + FIBRAS<br \/>\nFezes mais firmes e com menos odor!<\/p>\n<p>PREBI\u00d3TICO MOS<br \/>\nFavorece a sa\u00fade intestinal!<\/p>\n<p>\u00d4MEGAS 3, 6 E ZINCO<\/p>\n<p>Pele protegida e pelos mais bonitos!<\/p>\n<p>FORMATO ADEQUADO E TEXTURA IDEAL<\/p>\n<p>Part\u00edcula espec\u00edfica para o porte!<\/p>\n<p>24% DE PROTE\u00cdNA<br \/>\n24% de prote\u00edna de alta qualidade!<\/p>\n<p>COMPLEX LIFE<br \/>\nFormulado com minerais org\u00e2nicos!<\/p>\n<p>100% DE SATISFA\u00c7\u00c3O GARANTIDA<\/p>","protected":false},"excerpt":{"rendered":"<p>SPECIAL DOG ULTRALIFE RA\u00c7AS PEQUENAS ADULTOS PREMIUM ESPECIAL N\u00e3o cont\u00e9m corantes artificiais; Elaborado por veterin\u00e1rios; EXTRATO DE YUCCA + FIBRAS Fezes mais firmes e com menos odor! PREBI\u00d3TICO MOS Favorece a sa\u00fade intestinal! \u00d4MEGAS 3, 6 E ZINCO Pele protegida e pelos mais bonitos! FORMATO ADEQUADO E TEXTURA IDEAL Part\u00edcula espec\u00edfica para o porte! 24% [&hellip;]<\/p>\n","protected":false},"featured_media":1410784060,"comment_status":"open","ping_status":"closed","template":"","meta":{"googlesitekit_rrm_CAow0N7NCw:productID":"","content-type":"","pmpro_default_level":"","_themeisle_gutenberg_block_has_review":false},"product_brand":[337],"product_cat":[259],"product_tag":[],"class_list":{"0":"post-1410784061","1":"product","2":"type-product","3":"status-publish","4":"has-post-thumbnail","6":"product_brand-special-dog","7":"product_cat-racoes-alimento-petisco-e-suplemento-caes","8":"pmpro-has-access","10":"first","11":"outofstock","12":"taxable","13":"shipping-taxable","14":"purchasable","15":"product-type-simple"},"_links":{"self":[{"href":"https:\/\/dinhosreef.com\/en\/wp-json\/wp\/v2\/product\/1410784061","targetHints":{"allow":["GET"]}}],"collection":[{"href":"https:\/\/dinhosreef.com\/en\/wp-json\/wp\/v2\/product"}],"about":[{"href":"https:\/\/dinhosreef.com\/en\/wp-json\/wp\/v2\/types\/product"}],"replies":[{"embeddable":true,"href":"https:\/\/dinhosreef.com\/en\/wp-json\/wp\/v2\/comments?post=1410784061"}],"wp:featuredmedia":[{"embeddable":true,"href":"https:\/\/dinhosreef.com\/en\/wp-json\/wp\/v2\/media\/1410784060"}],"wp:attachment":[{"href":"https:\/\/dinhosreef.com\/en\/wp-json\/wp\/v2\/media?parent=1410784061"}],"wp:term":[{"taxonomy":"product_brand","embeddable":true,"href":"https:\/\/dinhosreef.com\/en\/wp-json\/wp\/v2\/product_brand?post=1410784061"},{"taxonomy":"product_cat","embeddable":true,"href":"https:\/\/dinhosreef.com\/en\/wp-json\/wp\/v2\/product_cat?post=1410784061"},{"taxonomy":"product_tag","embeddable":true,"href":"https:\/\/dinhosreef.com\/en\/wp-json\/wp\/v2\/product_tag?post=1410784061"}],"curies":[{"name":"wp","href":"https:\/\/api.w.org\/{rel}","templated":true}]}}