{"id":1410784065,"date":"2025-06-07T15:11:14","date_gmt":"2025-06-07T18:11:14","guid":{"rendered":"https:\/\/dinhosreef.com\/produto\/bionatural-caes-rp-sen-7-frango-1kg\/"},"modified":"2026-04-17T12:43:45","modified_gmt":"2026-04-17T15:43:45","slug":"bionatural-caes-rp-sen-7-frango-1kg","status":"publish","type":"product","link":"https:\/\/dinhosreef.com\/en\/product\/bionatural-caes-rp-sen-7-frango-1kg\/","title":{"rendered":"BIONATURAL CAES RP SEN 7+ FRANGO 1KG"},"content":{"rendered":"<h2 class=\"ui-pdp-description__title\" data-testid=\"title\">Descri\u00e7\u00e3o<\/h2>\n<p class=\"ui-pdp-description__content\" data-testid=\"content\">BIONATURAL PRIME C\u00c3ES RA\u00c7AS PEQUENAS S\u00caNIOR 7+ FRANGO<\/p>\n<p>COMPOSI\u00c7\u00c3O B\u00c1SICA<br \/>Carne fresca (m\u00edn. 3% &#8211; carne mecanicamente separada de frango e f\u00edgado de su\u00ednos), farinha de v\u00edsceras de aves, ovo em p\u00f3, plasma sangu\u00edneo desidratado de su\u00edno, arroz quebrado, sorgo integral mo\u00eddo, farinha de ervilha, \u00f4mega 3 [\u00f3leo de peixes e biomassa de microalgas (Schizochytrium sp.)], \u00f3leo de aves, gr\u00e3o de cevada (m\u00edn. 3,95%), blueberry (mirtilo m\u00edn. 0,015%), coco em flocos (m\u00edn. 0,015%), ma\u00e7\u00e3, fibra de cana-de-a\u00e7\u00facar, levedura de cervejaria inativada desidratada, extrato de Yucca schidigera, aditivo prebi\u00f3tico (mananoligossacar\u00eddeos 0,006%), aditivos probi\u00f3ticos (Bifidobacterium lactis e Lacticaseibacillus rhamnosus), hidrolisado de carne de aves e f\u00edgado de aves, hexametafosfato de s\u00f3dio, sulfato de condroitina (0,03%), sulfato de glicosamina (0,05%), regulador de acidez, concentrado de tocoferol, extrato de alecrim, extrato de ch\u00e1 verde (Camellia sinensis), extrato de menta, hortel\u00e3 (Mentha spp.), DL-metionina, L-lisina, taurina, cloreto de s\u00f3dio, cloreto de pot\u00e1ssio, vitamina A, vitamina D3, vitamina E, vitamina K3, vitamina B1, vitamina B2, vitamina B6, vitamina B12, vitamina C, niacina, cloreto de colina, \u00e1cido pantot\u00eanico, \u00e1cido f\u00f3lico, biotina, iodato de c\u00e1lcio, proteinato de cobre, proteinato de ferro, proteinato de mangan\u00eas, proteinato de zinco, levedura enriquecida com sel\u00eanio, \u00e1cido propi\u00f4nico, parede celular de levedura.<\/p>\n","protected":false},"excerpt":{"rendered":"<p>Descri\u00e7\u00e3o BIONATURAL PRIME C\u00c3ES RA\u00c7AS PEQUENAS S\u00caNIOR 7+ FRANGO COMPOSI\u00c7\u00c3O B\u00c1SICACarne fresca (m\u00edn. 3% &#8211; carne mecanicamente separada de frango e f\u00edgado de su\u00ednos), farinha de v\u00edsceras de aves, ovo em p\u00f3, plasma sangu\u00edneo desidratado de su\u00edno, arroz quebrado, sorgo integral mo\u00eddo, farinha de ervilha, \u00f4mega 3 [\u00f3leo de peixes e biomassa de microalgas (Schizochytrium [&hellip;]<\/p>\n","protected":false},"featured_media":1410784064,"comment_status":"open","ping_status":"closed","template":"","meta":{"googlesitekit_rrm_CAow0N7NCw:productID":"","content-type":"","pmpro_default_level":"","_themeisle_gutenberg_block_has_review":false},"product_brand":[],"product_cat":[164],"product_tag":[],"class_list":{"0":"post-1410784065","1":"product","2":"type-product","3":"status-publish","4":"has-post-thumbnail","6":"product_cat-pet-shop","7":"pmpro-has-access","9":"first","10":"outofstock","11":"taxable","12":"shipping-taxable","13":"purchasable","14":"product-type-simple"},"_links":{"self":[{"href":"https:\/\/dinhosreef.com\/en\/wp-json\/wp\/v2\/product\/1410784065","targetHints":{"allow":["GET"]}}],"collection":[{"href":"https:\/\/dinhosreef.com\/en\/wp-json\/wp\/v2\/product"}],"about":[{"href":"https:\/\/dinhosreef.com\/en\/wp-json\/wp\/v2\/types\/product"}],"replies":[{"embeddable":true,"href":"https:\/\/dinhosreef.com\/en\/wp-json\/wp\/v2\/comments?post=1410784065"}],"wp:featuredmedia":[{"embeddable":true,"href":"https:\/\/dinhosreef.com\/en\/wp-json\/wp\/v2\/media\/1410784064"}],"wp:attachment":[{"href":"https:\/\/dinhosreef.com\/en\/wp-json\/wp\/v2\/media?parent=1410784065"}],"wp:term":[{"taxonomy":"product_brand","embeddable":true,"href":"https:\/\/dinhosreef.com\/en\/wp-json\/wp\/v2\/product_brand?post=1410784065"},{"taxonomy":"product_cat","embeddable":true,"href":"https:\/\/dinhosreef.com\/en\/wp-json\/wp\/v2\/product_cat?post=1410784065"},{"taxonomy":"product_tag","embeddable":true,"href":"https:\/\/dinhosreef.com\/en\/wp-json\/wp\/v2\/product_tag?post=1410784065"}],"curies":[{"name":"wp","href":"https:\/\/api.w.org\/{rel}","templated":true}]}}