{"id":1410784069,"date":"2025-06-07T15:11:25","date_gmt":"2025-06-07T18:11:25","guid":{"rendered":"https:\/\/dinhosreef.com\/produto\/sc-ultralife-castrados-salmao-1kg\/"},"modified":"2026-04-20T10:06:15","modified_gmt":"2026-04-20T13:06:15","slug":"sc-ultralife-castrados-salmao-1kg","status":"publish","type":"product","link":"https:\/\/dinhosreef.com\/en\/product\/sc-ultralife-castrados-salmao-1kg\/","title":{"rendered":"SC ULTRALIFE CASTRADOS SALMAO 1KG"},"content":{"rendered":"<h2 class=\"ui-pdp-description__title\" data-testid=\"title\">Descri\u00e7\u00e3o<\/h2>\n<p class=\"ui-pdp-description__content\" data-testid=\"content\">Ra\u00e7\u00e3o Special Cat Ultralife Gatos Castrados Salm\u00e3o e Arroz \u2013 1kg<\/p>\n<p>&#8211; Indicado para gatos;<br \/>&#8211; para gatos adultos castrados;<br \/>&#8211; Com baixo teor cal\u00f3rico;<br \/>&#8211; Auxilia no controle de bolas de pelos;<br \/>&#8211; Rico em vitaminas e prote\u00ednas;<br \/>&#8211; 35% de prote\u00ednas de alta qualidade.<\/p>\n<p>A Ra\u00e7\u00e3o Special Cats Ultralife Castrados \u00e9 formulada pensando especialmente no seu felino. Com baixo teor cal\u00f3rico \u00e9 ideal para o controle de peso nos gatinhos castrados.<br \/>Com blend de fibras especiais auxilia no controle de bolas de pelos. Al\u00e9m disso auxilia na sa\u00fade do trato urin\u00e1rio cooperando para uma vida longa e saud\u00e1vel.<br \/>Rica em vitaminas e minerais a ra\u00e7\u00e3o conta com 35% de prote\u00ednas de alta qualidade.<\/p>\n<p>Composi\u00e7\u00e3o<br \/>Farinha de salm\u00e3o, farinha de v\u00edsceras de aves, batata doce, prote\u00edna de ervilha, arroz quebrado, milho mo\u00eddo*, farelo de gl\u00faten de milho*, prote\u00edna concentrada de soja*, \u00f3leo de aves, \u00f3leo de peixes, fibras especiais (4,5% &#8211; fibra de mandioca, fibra de cana-de-a\u00e7\u00facar e polpa desidratada de beterraba), levedura de cana-de-a\u00e7\u00facar inativada e desidratada, extrato de Yucca schidigera (0,08%), aditivo prebi\u00f3tico MOS (0,072%), hidrolisado de f\u00edgado de aves e su\u00ednos, hidrolisado de peixes, cloreto de s\u00f3dio, cloreto de pot\u00e1ssio, L-lisina, taurina, L-carnitina, retinol (Vit. A), colecalciferol (Vit. D3), acetato de D-alfa-tocoferol (Vit. E), menadiona bissulfito de nicotinamida (Vit. K3), mononitrato de tiamina (Vit. B1), riboflavina (Vit. B2), cloridrato de piridoxina (Vit. B6), cianocobalamina (Vit. B12), \u00e1cido asc\u00f3rbico monofosfato (Vit. C), niacina (\u00e1cido nicot\u00ednico &#8211; Vit. B3), cloreto de colina, D-Pantotenato de c\u00e1lcio (Vit. B5), \u00e1cido f\u00f3lico, biotina, iodato de c\u00e1lcio, sulfato de cobre, sulfato de ferro, levedura enriquecida com sel\u00eanio, proteinato de mangan\u00eas, proteinato de zinco, propionato de c\u00e1lcio, sorbato de pot\u00e1ssio, extrato de parede de levedura, acidificante, antioxidantes (BHA e BHT), caramelo IV.<\/p>","protected":false},"excerpt":{"rendered":"<p>Descri\u00e7\u00e3o Ra\u00e7\u00e3o Special Cat Ultralife Gatos Castrados Salm\u00e3o e Arroz \u2013 1kg &#8211; Indicado para gatos;&#8211; para gatos adultos castrados;&#8211; Com baixo teor cal\u00f3rico;&#8211; Auxilia no controle de bolas de pelos;&#8211; Rico em vitaminas e prote\u00ednas;&#8211; 35% de prote\u00ednas de alta qualidade. A Ra\u00e7\u00e3o Special Cats Ultralife Castrados \u00e9 formulada pensando especialmente no seu felino. [&hellip;]<\/p>\n","protected":false},"featured_media":1410784068,"comment_status":"open","ping_status":"closed","template":"","meta":{"googlesitekit_rrm_CAow0N7NCw:productID":"","content-type":"","pmpro_default_level":"","_themeisle_gutenberg_block_has_review":false},"product_brand":[],"product_cat":[164],"product_tag":[],"class_list":{"0":"post-1410784069","1":"product","2":"type-product","3":"status-publish","4":"has-post-thumbnail","6":"product_cat-pet-shop","7":"pmpro-has-access","9":"first","10":"instock","11":"taxable","12":"shipping-taxable","13":"purchasable","14":"product-type-simple"},"_links":{"self":[{"href":"https:\/\/dinhosreef.com\/en\/wp-json\/wp\/v2\/product\/1410784069","targetHints":{"allow":["GET"]}}],"collection":[{"href":"https:\/\/dinhosreef.com\/en\/wp-json\/wp\/v2\/product"}],"about":[{"href":"https:\/\/dinhosreef.com\/en\/wp-json\/wp\/v2\/types\/product"}],"replies":[{"embeddable":true,"href":"https:\/\/dinhosreef.com\/en\/wp-json\/wp\/v2\/comments?post=1410784069"}],"wp:featuredmedia":[{"embeddable":true,"href":"https:\/\/dinhosreef.com\/en\/wp-json\/wp\/v2\/media\/1410784068"}],"wp:attachment":[{"href":"https:\/\/dinhosreef.com\/en\/wp-json\/wp\/v2\/media?parent=1410784069"}],"wp:term":[{"taxonomy":"product_brand","embeddable":true,"href":"https:\/\/dinhosreef.com\/en\/wp-json\/wp\/v2\/product_brand?post=1410784069"},{"taxonomy":"product_cat","embeddable":true,"href":"https:\/\/dinhosreef.com\/en\/wp-json\/wp\/v2\/product_cat?post=1410784069"},{"taxonomy":"product_tag","embeddable":true,"href":"https:\/\/dinhosreef.com\/en\/wp-json\/wp\/v2\/product_tag?post=1410784069"}],"curies":[{"name":"wp","href":"https:\/\/api.w.org\/{rel}","templated":true}]}}