{"id":1410784073,"date":"2025-06-07T15:11:37","date_gmt":"2025-06-07T18:11:37","guid":{"rendered":"https:\/\/dinhosreef.com\/produto\/sd-ultralife-rp-sen-7-frango-1kg\/"},"modified":"2026-05-06T09:52:24","modified_gmt":"2026-05-06T12:52:24","slug":"sd-ultralife-rp-sen-7-frango-1kg","status":"publish","type":"product","link":"https:\/\/dinhosreef.com\/en\/product\/sd-ultralife-rp-sen-7-frango-1kg\/","title":{"rendered":"SD ULTRALIFE RP SEN 7+ FRANGO 1KG"},"content":{"rendered":"<p>SPECIAL DOG ULTRALIFE C\u00c3ES RA\u00c7AS PEQUENAS S\u00caNIOR 7+ SABOR FRANGO<\/p>\n<p>Composi\u00e7\u00e3o B\u00e1sica:<br \/>Farinha de v\u00edsceras de aves, farinha de carne e ossos de bovino, plasma sangu\u00edneo desidratado de su\u00edno (1,5%), farinha de batata-doce, arroz quebrado, milho mo\u00eddo*, farinha de ervilha, farelo de gl\u00faten de milho*, prote\u00edna concentrada de soja*, \u00f3leo de aves, biomassa de microalgas desidratada (Schizochytrium sp.), polpa de beterraba, farelo de trigo, levedura de cana-de-a\u00e7\u00facar inativada e desidratada, extrato de Yucca schidigera (0,04%), mananoligossacar\u00eddeos (0,048%), sulfato de glicosamina (0,05%), sulfato de condroitina (0,03%), hidrolisado de f\u00edgado de aves e su\u00edno, regulador de acidez, antioxidantes (BHA e BHT), DL-metionina, triptofano, taurina, cloreto de s\u00f3dio, cloreto de pot\u00e1ssio, vitamina A, vitamina D3, vitamina E, vitamina K3, vitamina B1, vitamina B2, vitamina B6, vitamina B12, vitamina C, niacina, cloreto de colina, \u00e1cido pantot\u00eanico, \u00e1cido f\u00f3lico, biotina, iodato de c\u00e1lcio, levedura enriquecida com sel\u00eanio, proteinato de cobre, proteinato de ferro, proteinato de mangan\u00ea<\/p>","protected":false},"excerpt":{"rendered":"<p>SPECIAL DOG ULTRALIFE C\u00c3ES RA\u00c7AS PEQUENAS S\u00caNIOR 7+ SABOR FRANGO Composi\u00e7\u00e3o B\u00e1sica:Farinha de v\u00edsceras de aves, farinha de carne e ossos de bovino, plasma sangu\u00edneo desidratado de su\u00edno (1,5%), farinha de batata-doce, arroz quebrado, milho mo\u00eddo*, farinha de ervilha, farelo de gl\u00faten de milho*, prote\u00edna concentrada de soja*, \u00f3leo de aves, biomassa de microalgas desidratada [&hellip;]<\/p>\n","protected":false},"featured_media":1410784072,"comment_status":"open","ping_status":"closed","template":"","meta":{"googlesitekit_rrm_CAow0N7NCw:productID":"","content-type":"","pmpro_default_level":"","_themeisle_gutenberg_block_has_review":false},"product_brand":[],"product_cat":[164],"product_tag":[],"class_list":{"0":"post-1410784073","1":"product","2":"type-product","3":"status-publish","4":"has-post-thumbnail","6":"product_cat-pet-shop","7":"pmpro-has-access","9":"first","10":"instock","11":"taxable","12":"shipping-taxable","13":"purchasable","14":"product-type-simple"},"_links":{"self":[{"href":"https:\/\/dinhosreef.com\/en\/wp-json\/wp\/v2\/product\/1410784073","targetHints":{"allow":["GET"]}}],"collection":[{"href":"https:\/\/dinhosreef.com\/en\/wp-json\/wp\/v2\/product"}],"about":[{"href":"https:\/\/dinhosreef.com\/en\/wp-json\/wp\/v2\/types\/product"}],"replies":[{"embeddable":true,"href":"https:\/\/dinhosreef.com\/en\/wp-json\/wp\/v2\/comments?post=1410784073"}],"wp:featuredmedia":[{"embeddable":true,"href":"https:\/\/dinhosreef.com\/en\/wp-json\/wp\/v2\/media\/1410784072"}],"wp:attachment":[{"href":"https:\/\/dinhosreef.com\/en\/wp-json\/wp\/v2\/media?parent=1410784073"}],"wp:term":[{"taxonomy":"product_brand","embeddable":true,"href":"https:\/\/dinhosreef.com\/en\/wp-json\/wp\/v2\/product_brand?post=1410784073"},{"taxonomy":"product_cat","embeddable":true,"href":"https:\/\/dinhosreef.com\/en\/wp-json\/wp\/v2\/product_cat?post=1410784073"},{"taxonomy":"product_tag","embeddable":true,"href":"https:\/\/dinhosreef.com\/en\/wp-json\/wp\/v2\/product_tag?post=1410784073"}],"curies":[{"name":"wp","href":"https:\/\/api.w.org\/{rel}","templated":true}]}}