{"id":1410784077,"date":"2025-06-07T15:11:49","date_gmt":"2025-06-07T18:11:49","guid":{"rendered":"https:\/\/dinhosreef.com\/produto\/sd-gold-life-ad-carne-e-frango-15kg\/"},"modified":"2026-03-26T02:36:59","modified_gmt":"2026-03-26T05:36:59","slug":"sd-gold-life-ad-carne-e-frango-15kg","status":"publish","type":"product","link":"https:\/\/dinhosreef.com\/en\/product\/sd-gold-life-ad-carne-e-frango-15kg\/","title":{"rendered":"SD GOLD LIFE AD CARNE E FRANGO 15KG"},"content":{"rendered":"<h2 class=\"ui-pdp-description__title\" data-testid=\"title\">Descri\u00e7\u00e3o<\/h2>\n<p class=\"ui-pdp-description__content\" data-testid=\"content\">A Ra\u00e7\u00e3o Seca Special Dog Life Carne e Frango com Batata Doce para C\u00e3es Adultos \u00e9 um alimento Premium Especial, formulado ingredientes nobres e batata-doce, que melhoram o aproveitamento do produto, resultando em um maior rendimento por refei\u00e7\u00e3o*.<br \/>*Se comparado aos produtos da Special Dog da categoria Premium para c\u00e3es adultos de todos os portes.<\/p>\n<p>Composi\u00e7\u00e3o: Farinha de v\u00edsceras de aves, farinha de carne e ossos de bovinos, farinha de batata doce, milho mo\u00eddo*, sorgo integral mo\u00eddo, res\u00edduo seco de destilaria (milho*), farelo de soja*, \u00f3leo de aves, biomassa de microalgas (Schizochytrium sp.), polpa de beterraba, hidrolisado de f\u00edgado de aves e su\u00ednos, aditivo regulador de acidez, antioxidantes (BHA e BHT), DL-metionina, cloreto de s\u00f3dio, cloreto de pot\u00e1ssio, vitamina A, vitamina D3, vitamina E, vitamina K3, vitamina B1, vitamina B2, vitamina B6, vitamina B12, vitamina C, niacina, cloreto de colina, \u00e1cido pantot\u00eanico, \u00e1cido f\u00f3lico, biotina, iodato de c\u00e1lcio, cobre amino\u00e1cido quelato, ferro amino\u00e1cido quelato, mangan\u00eas amino\u00e1cido quelato, zinco amino\u00e1cido quelato, levedura enriquecida com sel\u00eanio, propionato de c\u00e1lcio, parede celular de levedura.<\/p>\n<p>Indica\u00e7\u00f5es \/ Recomenda\u00e7\u00f5es: Mantenha sempre um recipiente com \u00e1gua limpa e fresca \u00e0 disposi\u00e7\u00e3o de seu pet.<\/p>\n<p>&#8211; Maior rendimento por refei\u00e7\u00e3o<br \/>&#8211; Fortalecimento muscular<br \/>&#8211; Pele protegida e pelos mais macios<br \/>&#8211; 22% de prote\u00edna de alta qualidade<br \/>&#8211; Equil\u00edbrio para o bem-estar di\u00e1rio<br \/>&#8211; Absor\u00e7\u00e3o de forma mais eficiente<\/p>","protected":false},"excerpt":{"rendered":"<p>Descri\u00e7\u00e3o A Ra\u00e7\u00e3o Seca Special Dog Life Carne e Frango com Batata Doce para C\u00e3es Adultos \u00e9 um alimento Premium Especial, formulado ingredientes nobres e batata-doce, que melhoram o aproveitamento do produto, resultando em um maior rendimento por refei\u00e7\u00e3o*.*Se comparado aos produtos da Special Dog da categoria Premium para c\u00e3es adultos de todos os portes. [&hellip;]<\/p>\n","protected":false},"featured_media":1410784076,"comment_status":"open","ping_status":"closed","template":"","meta":{"googlesitekit_rrm_CAow0N7NCw:productID":"","content-type":"","pmpro_default_level":"","_themeisle_gutenberg_block_has_review":false},"product_brand":[],"product_cat":[164],"product_tag":[],"class_list":{"0":"post-1410784077","1":"product","2":"type-product","3":"status-publish","4":"has-post-thumbnail","6":"product_cat-pet-shop","7":"pmpro-has-access","9":"first","10":"outofstock","11":"taxable","12":"shipping-taxable","13":"purchasable","14":"product-type-simple"},"_links":{"self":[{"href":"https:\/\/dinhosreef.com\/en\/wp-json\/wp\/v2\/product\/1410784077","targetHints":{"allow":["GET"]}}],"collection":[{"href":"https:\/\/dinhosreef.com\/en\/wp-json\/wp\/v2\/product"}],"about":[{"href":"https:\/\/dinhosreef.com\/en\/wp-json\/wp\/v2\/types\/product"}],"replies":[{"embeddable":true,"href":"https:\/\/dinhosreef.com\/en\/wp-json\/wp\/v2\/comments?post=1410784077"}],"wp:featuredmedia":[{"embeddable":true,"href":"https:\/\/dinhosreef.com\/en\/wp-json\/wp\/v2\/media\/1410784076"}],"wp:attachment":[{"href":"https:\/\/dinhosreef.com\/en\/wp-json\/wp\/v2\/media?parent=1410784077"}],"wp:term":[{"taxonomy":"product_brand","embeddable":true,"href":"https:\/\/dinhosreef.com\/en\/wp-json\/wp\/v2\/product_brand?post=1410784077"},{"taxonomy":"product_cat","embeddable":true,"href":"https:\/\/dinhosreef.com\/en\/wp-json\/wp\/v2\/product_cat?post=1410784077"},{"taxonomy":"product_tag","embeddable":true,"href":"https:\/\/dinhosreef.com\/en\/wp-json\/wp\/v2\/product_tag?post=1410784077"}],"curies":[{"name":"wp","href":"https:\/\/api.w.org\/{rel}","templated":true}]}}