{"id":1410784081,"date":"2025-06-07T15:12:00","date_gmt":"2025-06-07T18:12:00","guid":{"rendered":"https:\/\/dinhosreef.com\/produto\/sd-ultralife-rp-ad-frango-1kg\/"},"modified":"2026-04-09T10:19:41","modified_gmt":"2026-04-09T13:19:41","slug":"sd-ultralife-rp-ad-frango-1kg","status":"publish","type":"product","link":"https:\/\/dinhosreef.com\/en\/product\/sd-ultralife-rp-ad-frango-1kg\/","title":{"rendered":"SD ULTRALIFE RP AD FRANGO 1KG"},"content":{"rendered":"<h2 class=\"WjNdTR\">Descri\u00e7\u00e3o do produto<\/h2>\n<div class=\"Gf4Ro0\">\n<div class=\"e8lZp3\">\n<p class=\"QN2lPu\">Ra\u00e7\u00e3o Special Dog Ra\u00e7as Pequenas C\u00e3es Adultos Frango e Arroz 10,1kg &#8211; Indicado para c\u00e3es; &#8211; C\u00e3es Adultos de pequeno porte; &#8211; Estimula a aprendizagem; &#8211; \u00d4megas + zinco org\u00e2nico. A ra\u00e7\u00e3o special dog \u00e9 ideal para cachorros com paladar exigente, formulada com minerais org\u00e2nicos. Contem 24% de prote\u00ednas de alta qualidade, mantendo as fezes do animal firmes e saud\u00e1veis. Acompanhado do extrato de yucca, al\u00e9m da qualidade das fezes auxilia na redu\u00e7\u00e3o do odor tamb\u00e9m. Possui o prebi\u00f3tico MOS serve para a absor\u00e7\u00e3o de nutrientes, tamb\u00e9m conta com DHA que estimula a capacidade de aprendizagem e desperta ainda mais a intelig\u00eancia do animal. Combina\u00e7\u00e3o de \u00f4megas + zinco org\u00e2nico, para deixar a pele protegida e os pelos ainda mais brilhantes. Ingredientes Farinha de v\u00edsceras de frango, farinha de carne e ossos, arroz quebrado, milho integral mo\u00eddo*, farinha de batata-doce, farelo de gl\u00faten de milho 60*, farelo de soja*, farelo de trigo, gordura de frango, \u00f3leo de peixe, farelo de arroz desengordurado, levedura seca de cana-de-a\u00e7\u00facar, extrato de Yucca schidigera (0,04%), mananoligossacar\u00eddeos (0,048%), hidrolisado de f\u00edgado de frango e su\u00edno, cloreto de s\u00f3dio (sal comum), cloreto de pot\u00e1ssio, DL-metionina, triptofano, vitamina A, vitamina D3, vitamina E, vitamina K3, vitamina B1, vitamina B2, vitamina B6, vitamina B12, vitamina C, niacina, cloreto de colina, \u00e1cido pantot\u00eanico, \u00e1cido f\u00f3lico, biotina, iodato de c\u00e1lcio, sulfato de cobre, sulfato de ferro, levedura enriquecida com sel\u00eanio, proteinato de mangan\u00eas, proteinato de zinco, propionato de c\u00e1lcio, parede celular de levedura, acidificante, antioxidantes (BHA e BHT), corante natural caramelo.<\/p>\n<\/p><\/div>\n<\/p><\/div>","protected":false},"excerpt":{"rendered":"<p>Descri\u00e7\u00e3o do produto Ra\u00e7\u00e3o Special Dog Ra\u00e7as Pequenas C\u00e3es Adultos Frango e Arroz 10,1kg &#8211; Indicado para c\u00e3es; &#8211; C\u00e3es Adultos de pequeno porte; &#8211; Estimula a aprendizagem; &#8211; \u00d4megas + zinco org\u00e2nico. A ra\u00e7\u00e3o special dog \u00e9 ideal para cachorros com paladar exigente, formulada com minerais org\u00e2nicos. Contem 24% de prote\u00ednas de alta qualidade, [&hellip;]<\/p>\n","protected":false},"featured_media":1410784080,"comment_status":"open","ping_status":"closed","template":"","meta":{"googlesitekit_rrm_CAow0N7NCw:productID":"","content-type":"","pmpro_default_level":"","_themeisle_gutenberg_block_has_review":false},"product_brand":[],"product_cat":[164],"product_tag":[],"class_list":{"0":"post-1410784081","1":"product","2":"type-product","3":"status-publish","4":"has-post-thumbnail","6":"product_cat-pet-shop","7":"pmpro-has-access","9":"first","10":"outofstock","11":"taxable","12":"shipping-taxable","13":"purchasable","14":"product-type-simple"},"_links":{"self":[{"href":"https:\/\/dinhosreef.com\/en\/wp-json\/wp\/v2\/product\/1410784081","targetHints":{"allow":["GET"]}}],"collection":[{"href":"https:\/\/dinhosreef.com\/en\/wp-json\/wp\/v2\/product"}],"about":[{"href":"https:\/\/dinhosreef.com\/en\/wp-json\/wp\/v2\/types\/product"}],"replies":[{"embeddable":true,"href":"https:\/\/dinhosreef.com\/en\/wp-json\/wp\/v2\/comments?post=1410784081"}],"wp:featuredmedia":[{"embeddable":true,"href":"https:\/\/dinhosreef.com\/en\/wp-json\/wp\/v2\/media\/1410784080"}],"wp:attachment":[{"href":"https:\/\/dinhosreef.com\/en\/wp-json\/wp\/v2\/media?parent=1410784081"}],"wp:term":[{"taxonomy":"product_brand","embeddable":true,"href":"https:\/\/dinhosreef.com\/en\/wp-json\/wp\/v2\/product_brand?post=1410784081"},{"taxonomy":"product_cat","embeddable":true,"href":"https:\/\/dinhosreef.com\/en\/wp-json\/wp\/v2\/product_cat?post=1410784081"},{"taxonomy":"product_tag","embeddable":true,"href":"https:\/\/dinhosreef.com\/en\/wp-json\/wp\/v2\/product_tag?post=1410784081"}],"curies":[{"name":"wp","href":"https:\/\/api.w.org\/{rel}","templated":true}]}}