{"id":1410784085,"date":"2025-06-07T15:12:11","date_gmt":"2025-06-07T18:12:11","guid":{"rendered":"https:\/\/dinhosreef.com\/produto\/special-cat-ad-peixe-101kg\/"},"modified":"2026-01-23T09:48:55","modified_gmt":"2026-01-23T12:48:55","slug":"special-cat-ad-peixe-101kg","status":"publish","type":"product","link":"https:\/\/dinhosreef.com\/en\/product\/special-cat-ad-peixe-101kg\/","title":{"rendered":"SPECIAL CAT AD PEIXE 10,1KG"},"content":{"rendered":"<div class=\"ui-pdp-container__row\">\n<div class=\"ui-pdp-container__col col-1 pl-24 pr-24\">\n<div class=\"ui-pdp-collapsable mt-24 ui-pdp-description-collapse\">\n<div class=\"ui-pdp-collapsable__container\">\n<div class=\"ui-pdp-description\">\n<h2 class=\"ui-pdp-description__title\" data-testid=\"title\">Descri\u00e7\u00e3o<\/h2>\n<p class=\"ui-pdp-description__content\" data-testid=\"content\">A Ra\u00e7\u00e3o Special Cat para Gatos Adultos Sabor Peixe \u00e9 a escolha ideal para proporcionar uma alimenta\u00e7\u00e3o balanceada e saborosa ao seu felino. Com um peso de 10.1 kg, esta ra\u00e7\u00e3o seca \u00e9 formulada com ingredientes de alta qualidade, incluindo farinha de peixes e extrato de Yucca Schidigera, que ajudam a manter a sa\u00fade digestiva do seu gato.<\/p>\n<p>Al\u00e9m de ser deliciosa, a Ra\u00e7\u00e3o Special Cat tamb\u00e9m atua como um protetor da sa\u00fade bucal, contribuindo para a higiene oral do seu animal de estima\u00e7\u00e3o. A combina\u00e7\u00e3o de prote\u00ednas e nutrientes essenciais garante que seu gato tenha energia e vitalidade ao longo do dia.<\/p>\n<p>A ra\u00e7\u00e3o \u00e9 especialmente desenvolvida para atender \u00e0s necessidades nutricionais de gatos adultos, oferecendo uma dieta equilibrada que promove um estilo de vida saud\u00e1vel. Com um sabor irresist\u00edvel de peixe, seu gato certamente ficar\u00e1 satisfeito e feliz a cada refei\u00e7\u00e3o.<\/p>\n<p>Escolher a Ra\u00e7\u00e3o Special Cat \u00e9 garantir que seu gato receba o melhor em nutri\u00e7\u00e3o e sabor, proporcionando uma experi\u00eancia alimentar que ele merece. Invista na sa\u00fade e bem-estar do seu amigo felino com esta ra\u00e7\u00e3o de qualidade .<\/p>\n<\/p><\/div>\n<\/p><\/div>\n<\/p><\/div>\n<\/p><\/div>\n<\/p><\/div>\n<div class=\"ui-pdp-container__row\">\n<div class=\"ui-pdp-container__col col-1\">\u00a0<\/div>\n<\/p><\/div>\n<div class=\"ui-pdp-container__row ui-pdp-recommendations-row\">\n<div class=\"ui-pdp-container__col col-1\">\n<div class=\"ui-pdp-spot-middle\">\n<section class=\"ui-recommendations-carousel-wrapper-ref ui-recommendations-over-white-background\">\n<div class=\"ui-recommendations-carousel-snapped mt-40 ui-pdp-with--separator-top ui-pdp-with--separator-top--full recos-override__card-vertical\">\n<div class=\"ui-recommendations-carousel-snapped__header\">\n<div class=\"ui-recommendations-carousel-snapped__header-titles\">\u00a0<\/div>\n<\/p><\/div>\n<\/p><\/div>\n<\/section><\/div>\n<\/p><\/div>\n<\/p><\/div>","protected":false},"excerpt":{"rendered":"<p>Descri\u00e7\u00e3o A Ra\u00e7\u00e3o Special Cat para Gatos Adultos Sabor Peixe \u00e9 a escolha ideal para proporcionar uma alimenta\u00e7\u00e3o balanceada e saborosa ao seu felino. Com um peso de 10.1 kg, esta ra\u00e7\u00e3o seca \u00e9 formulada com ingredientes de alta qualidade, incluindo farinha de peixes e extrato de Yucca Schidigera, que ajudam a manter a sa\u00fade [&hellip;]<\/p>\n","protected":false},"featured_media":1410784084,"comment_status":"open","ping_status":"closed","template":"","meta":{"googlesitekit_rrm_CAow0N7NCw:productID":"","content-type":"","pmpro_default_level":"","_themeisle_gutenberg_block_has_review":false},"product_brand":[],"product_cat":[164],"product_tag":[],"class_list":{"0":"post-1410784085","1":"product","2":"type-product","3":"status-publish","4":"has-post-thumbnail","6":"product_cat-pet-shop","7":"pmpro-has-access","9":"first","10":"instock","11":"taxable","12":"shipping-taxable","13":"purchasable","14":"product-type-simple"},"_links":{"self":[{"href":"https:\/\/dinhosreef.com\/en\/wp-json\/wp\/v2\/product\/1410784085","targetHints":{"allow":["GET"]}}],"collection":[{"href":"https:\/\/dinhosreef.com\/en\/wp-json\/wp\/v2\/product"}],"about":[{"href":"https:\/\/dinhosreef.com\/en\/wp-json\/wp\/v2\/types\/product"}],"replies":[{"embeddable":true,"href":"https:\/\/dinhosreef.com\/en\/wp-json\/wp\/v2\/comments?post=1410784085"}],"wp:featuredmedia":[{"embeddable":true,"href":"https:\/\/dinhosreef.com\/en\/wp-json\/wp\/v2\/media\/1410784084"}],"wp:attachment":[{"href":"https:\/\/dinhosreef.com\/en\/wp-json\/wp\/v2\/media?parent=1410784085"}],"wp:term":[{"taxonomy":"product_brand","embeddable":true,"href":"https:\/\/dinhosreef.com\/en\/wp-json\/wp\/v2\/product_brand?post=1410784085"},{"taxonomy":"product_cat","embeddable":true,"href":"https:\/\/dinhosreef.com\/en\/wp-json\/wp\/v2\/product_cat?post=1410784085"},{"taxonomy":"product_tag","embeddable":true,"href":"https:\/\/dinhosreef.com\/en\/wp-json\/wp\/v2\/product_tag?post=1410784085"}],"curies":[{"name":"wp","href":"https:\/\/api.w.org\/{rel}","templated":true}]}}