{"id":1410784087,"date":"2025-06-07T15:16:48","date_gmt":"2025-06-07T18:16:48","guid":{"rendered":"https:\/\/dinhosreef.com\/produto\/special-cat-ad-mix-101kg\/"},"modified":"2026-04-10T13:02:37","modified_gmt":"2026-04-10T16:02:37","slug":"special-cat-ad-mix-101kg","status":"publish","type":"product","link":"https:\/\/dinhosreef.com\/en\/product\/special-cat-ad-mix-101kg\/","title":{"rendered":"SPECIAL CAT AD MIX 10,1KG"},"content":{"rendered":"<h2 class=\"ui-pdp-description__title\" data-testid=\"title\">Descri\u00e7\u00e3o<\/h2>\n<p class=\"ui-pdp-description__content\" data-testid=\"content\">Ra\u00e7\u00e3o Special Cat Mix Gatos Adultos 10,1kg<\/p>\n<p>&#8211; Indicado para gatos;<br \/>&#8211; Gatos adultos;<br \/>&#8211; Possui taurina;<br \/>&#8211; Combina\u00e7\u00e3o de \u00f4megas + zinco org\u00e2nico;<br \/>&#8211; \u00d4megas + zinco org\u00e2nico.<\/p>\n<p>A ra\u00e7\u00e3o special cat mix gatos adultos \u00e9 ideal para gatos com paladar exigente, formulada com minerais org\u00e2nicos.<br \/>Contem 30% de prote\u00ednas de alta qualidade, mantendo as fezes do animal firmes e saud\u00e1veis. Acompanhado do extrato de yucca, al\u00e9m da qualidade das fezes auxilia na redu\u00e7\u00e3o do odor tamb\u00e9m.<br \/>Combina\u00e7\u00e3o de \u00f4megas + zinco org\u00e2nico, para deixar a pele protegida e os pelos ainda mais brilhantes.<br \/>Com o controle do pH da urina \u00e9 feita a manuten\u00e7\u00e3o do trato urin\u00e1rio. Possui taurina, essencial para o cora\u00e7\u00e3o e vis\u00e3o.<\/p>\n<p>Ingredientes<br \/>Farinha de v\u00edsceras de frango, farinha de carne e ossos, arroz quebrado, milho integral mo\u00eddo*, farelo de gl\u00faten de milho 60*, farelo de soja*, gordura de frango, \u00f3leo de peixe, farelo de arroz, levedura seca de cana-de-a\u00e7\u00facar, espinafre desidratado, extrato de Yucca schidigera (0,04%), mananoligossacar\u00eddeos (0,048%), hidrolisado de f\u00edgado de frango e su\u00edno, cloreto de s\u00f3dio (sal comum), cloreto de pot\u00e1ssio, DL-metionina, taurina, vitamina A, vitamina D3, vitamina E, vitamina K3, vitamina B1, vitamina B2, vitamina B6, vitamina B12, vitamina C, niacina, cloreto de colina, \u00e1cido pantot\u00eanico, \u00e1cido f\u00f3lico, biotina, iodato de c\u00e1lcio, sulfato de cobre, sulfato de ferro, levedura enriquecida com sel\u00eanio, proteinato de mangan\u00eas, proteinato de zinco, propionato de am\u00f4nia, sorbato de pot\u00e1ssio, parede celular de levedura, acidificante, antioxidantes (BHA e BHT), corante natural caramelo.<\/p>","protected":false},"excerpt":{"rendered":"<p>Descri\u00e7\u00e3o Ra\u00e7\u00e3o Special Cat Mix Gatos Adultos 10,1kg &#8211; Indicado para gatos;&#8211; Gatos adultos;&#8211; Possui taurina;&#8211; Combina\u00e7\u00e3o de \u00f4megas + zinco org\u00e2nico;&#8211; \u00d4megas + zinco org\u00e2nico. A ra\u00e7\u00e3o special cat mix gatos adultos \u00e9 ideal para gatos com paladar exigente, formulada com minerais org\u00e2nicos.Contem 30% de prote\u00ednas de alta qualidade, mantendo as fezes do animal [&hellip;]<\/p>\n","protected":false},"featured_media":1410784086,"comment_status":"open","ping_status":"closed","template":"","meta":{"googlesitekit_rrm_CAow0N7NCw:productID":"","content-type":"","pmpro_default_level":"","_themeisle_gutenberg_block_has_review":false},"product_brand":[],"product_cat":[164],"product_tag":[],"class_list":{"0":"post-1410784087","1":"product","2":"type-product","3":"status-publish","4":"has-post-thumbnail","6":"product_cat-pet-shop","7":"pmpro-has-access","9":"first","10":"outofstock","11":"taxable","12":"shipping-taxable","13":"purchasable","14":"product-type-simple"},"_links":{"self":[{"href":"https:\/\/dinhosreef.com\/en\/wp-json\/wp\/v2\/product\/1410784087","targetHints":{"allow":["GET"]}}],"collection":[{"href":"https:\/\/dinhosreef.com\/en\/wp-json\/wp\/v2\/product"}],"about":[{"href":"https:\/\/dinhosreef.com\/en\/wp-json\/wp\/v2\/types\/product"}],"replies":[{"embeddable":true,"href":"https:\/\/dinhosreef.com\/en\/wp-json\/wp\/v2\/comments?post=1410784087"}],"wp:featuredmedia":[{"embeddable":true,"href":"https:\/\/dinhosreef.com\/en\/wp-json\/wp\/v2\/media\/1410784086"}],"wp:attachment":[{"href":"https:\/\/dinhosreef.com\/en\/wp-json\/wp\/v2\/media?parent=1410784087"}],"wp:term":[{"taxonomy":"product_brand","embeddable":true,"href":"https:\/\/dinhosreef.com\/en\/wp-json\/wp\/v2\/product_brand?post=1410784087"},{"taxonomy":"product_cat","embeddable":true,"href":"https:\/\/dinhosreef.com\/en\/wp-json\/wp\/v2\/product_cat?post=1410784087"},{"taxonomy":"product_tag","embeddable":true,"href":"https:\/\/dinhosreef.com\/en\/wp-json\/wp\/v2\/product_tag?post=1410784087"}],"curies":[{"name":"wp","href":"https:\/\/api.w.org\/{rel}","templated":true}]}}