{"id":1410784089,"date":"2025-06-07T15:16:54","date_gmt":"2025-06-07T18:16:54","guid":{"rendered":"https:\/\/dinhosreef.com\/produto\/special-cat-ad-carne-101kg\/"},"modified":"2026-04-24T15:59:58","modified_gmt":"2026-04-24T18:59:58","slug":"special-cat-ad-carne-101kg","status":"publish","type":"product","link":"https:\/\/dinhosreef.com\/en\/product\/special-cat-ad-carne-101kg\/","title":{"rendered":"SPECIAL CAT AD CARNE 10,1KG"},"content":{"rendered":"<p>Farinha de v\u00edsceras de aves, farinha de carne e ossos de bovinos, arroz quebrado, milho mo\u00eddo*, farelo de gl\u00faten de milho*, farelo de soja*, \u00f3leo de aves, \u00f3leo de peixes, farelo de trigo, levedura de cana-de-a\u00e7\u00facar inativada e desidratada, extrato de Yucca schidigera (0,04%), aditivo prebi\u00f3tico MOS (0,048%), hidrolisado de f\u00edgado de aves e su\u00ednos, hidrolisado de peixes, cloreto de s\u00f3dio, cloreto de pot\u00e1ssio, DL-metionina, L-lisina, taurina, vitamina A, vitamina D3, vitamina E, vitamina K3, vitamina B1, vitamina B2, vitamina B6, vitamina B12, vitamina C, niacina, cloreto de colina, \u00e1cido pantot\u00eanico, \u00e1cido f\u00f3lico, biotina, iodato de c\u00e1lcio, sulfato de cobre, sulfato de ferro, levedura enriquecida com sel\u00eanio, proteinato de mangan\u00eas, proteinato de zinco, propionato de am\u00f4nio, sorbato de pot\u00e1ssio, acidificantes, antioxidantes (BHA e BHT), caramelo IV, extrato de parede de levedura.<\/p>\n<p>*Agrobacterium tumefaciens, Bacillus thuringiensis, Streptomyces viridochromogenes.<br \/>Umidade<\/p>\n<p>m\u00e1x.<\/p>\n<p>100 g\/kg<\/p>\n<p>10%<\/p>\n<p>Prote\u00edna Bruta<\/p>\n<p>m\u00edn.<\/p>\n<p>300 g\/kg<\/p>\n<p>30%<\/p>\n<p>Extrato Et\u00e9reo<\/p>\n<p>m\u00edn.<\/p>\n<p>120 g\/kg<\/p>\n<p>12%<\/p>\n<p>Mat\u00e9ria Mineral<\/p>\n<p>m\u00e1x.<\/p>\n<p>80 g\/kg<\/p>\n<p>8%<\/p>\n<p>Mat\u00e9ria Fibrosa<\/p>\n<p>m\u00e1x.<\/p>\n<p>30 g\/kg<\/p>\n<p>3%<\/p>\n<p>C\u00e1lcio<\/p>\n<p>m\u00e1x.<\/p>\n<p>16 g\/kg<\/p>\n<p>1,6%<\/p>\n<p>C\u00e1lcio<\/p>\n<p>m\u00edn.<\/p>\n<p>8.000 mg\/kg<\/p>\n<p>0,8%<\/p>\n<p>F\u00f3sforo<\/p>\n<p>m\u00edn.<\/p>\n<p>8.000 mg\/kg<\/p>\n<p>0,8%<\/p>\n<p>S\u00f3dio<\/p>\n<p>m\u00edn.<\/p>\n<p>2.000 mg\/kg<\/p>\n<p>0,2%<\/p>\n<p>Pot\u00e1ssio<\/p>\n<p>m\u00edn.<\/p>\n<p>6.000 mg\/kg<\/p>\n<p>0,6%<\/p>\n<p>DL-metionina m\u00edn. 7.000 mg\/kg<br \/>0,7%<\/p>\n<p>L-lisina m\u00edn. 12 g\/kg<br \/>1,2%<\/p>\n<p>Taurina<\/p>\n<p>m\u00edn.<\/p>\n<p>1.000 mg\/kg<\/p>\n<p>0,1%<\/p>\n<p>\u00d4mega 6<\/p>\n<p>m\u00edn.<\/p>\n<p>20 g\/kg<\/p>\n<p>2%<\/p>\n<p>\u00d4mega 3<\/p>\n<p>m\u00edn.<\/p>\n<p>3.000 mg\/kg<\/p>\n<p>0,3%<\/p>\n<p>pH Urin\u00e1rio<\/p>\n<p>6,2 \u2013 6,8<\/p>\n<p>Energia Metaboliz\u00e1vel<\/p>\n<p>3.900 kcal\/kg<\/p>\n<p>Mantenha sempre um recipiente com \u00e1gua limpa e fresca \u00e0 disposi\u00e7\u00e3o de seu pet.Mantenha sempre um recipiente com \u00e1gua limpa e fresca \u00e0 disposi\u00e7\u00e3o de seu pet.<br \/>Conserve o comedouro sempre limpo.Conserve o comedouro sempre limpo.<br \/>Leve seu pet ao veterin\u00e1rio regularmente.Leve seu pet ao veterin\u00e1rio regularmente.<br \/>Deve ser mantido devidamente embalado em local seco, fresco e arejado.Deve ser mantido devidamente embalado em local seco, fresco e arejado.<br \/>Toda mudan\u00e7a na alimenta\u00e7\u00e3o de seu pet deve ser feita de forma gradual durante um per\u00edodo de 5 dias.Toda mudan\u00e7a na alimenta\u00e7\u00e3o de seu pet deve ser feita de forma gradual durante um per\u00edodo de 5 dias.<\/p>","protected":false},"excerpt":{"rendered":"<p>Farinha de v\u00edsceras de aves, farinha de carne e ossos de bovinos, arroz quebrado, milho mo\u00eddo*, farelo de gl\u00faten de milho*, farelo de soja*, \u00f3leo de aves, \u00f3leo de peixes, farelo de trigo, levedura de cana-de-a\u00e7\u00facar inativada e desidratada, extrato de Yucca schidigera (0,04%), aditivo prebi\u00f3tico MOS (0,048%), hidrolisado de f\u00edgado de aves e su\u00ednos, [&hellip;]<\/p>\n","protected":false},"featured_media":1410784088,"comment_status":"open","ping_status":"closed","template":"","meta":{"googlesitekit_rrm_CAow0N7NCw:productID":"","content-type":"","pmpro_default_level":"","_themeisle_gutenberg_block_has_review":false},"product_brand":[],"product_cat":[164],"product_tag":[],"class_list":{"0":"post-1410784089","1":"product","2":"type-product","3":"status-publish","4":"has-post-thumbnail","6":"product_cat-pet-shop","7":"pmpro-has-access","9":"first","10":"outofstock","11":"taxable","12":"shipping-taxable","13":"purchasable","14":"product-type-simple"},"_links":{"self":[{"href":"https:\/\/dinhosreef.com\/en\/wp-json\/wp\/v2\/product\/1410784089","targetHints":{"allow":["GET"]}}],"collection":[{"href":"https:\/\/dinhosreef.com\/en\/wp-json\/wp\/v2\/product"}],"about":[{"href":"https:\/\/dinhosreef.com\/en\/wp-json\/wp\/v2\/types\/product"}],"replies":[{"embeddable":true,"href":"https:\/\/dinhosreef.com\/en\/wp-json\/wp\/v2\/comments?post=1410784089"}],"wp:featuredmedia":[{"embeddable":true,"href":"https:\/\/dinhosreef.com\/en\/wp-json\/wp\/v2\/media\/1410784088"}],"wp:attachment":[{"href":"https:\/\/dinhosreef.com\/en\/wp-json\/wp\/v2\/media?parent=1410784089"}],"wp:term":[{"taxonomy":"product_brand","embeddable":true,"href":"https:\/\/dinhosreef.com\/en\/wp-json\/wp\/v2\/product_brand?post=1410784089"},{"taxonomy":"product_cat","embeddable":true,"href":"https:\/\/dinhosreef.com\/en\/wp-json\/wp\/v2\/product_cat?post=1410784089"},{"taxonomy":"product_tag","embeddable":true,"href":"https:\/\/dinhosreef.com\/en\/wp-json\/wp\/v2\/product_tag?post=1410784089"}],"curies":[{"name":"wp","href":"https:\/\/api.w.org\/{rel}","templated":true}]}}