{"id":1410784091,"date":"2025-06-07T15:17:00","date_gmt":"2025-06-07T18:17:00","guid":{"rendered":"https:\/\/dinhosreef.com\/produto\/special-cat-castrados-101kg\/"},"modified":"2026-04-10T12:45:02","modified_gmt":"2026-04-10T15:45:02","slug":"special-cat-castrados-101kg","status":"publish","type":"product","link":"https:\/\/dinhosreef.com\/en\/product\/special-cat-castrados-101kg\/","title":{"rendered":"SPECIAL CAT CASTRADOS 10,1KG"},"content":{"rendered":"<h2 class=\"ui-pdp-description__title\" data-testid=\"title\">Descri\u00e7\u00e3o<\/h2>\n<p class=\"ui-pdp-description__content\" data-testid=\"content\">&#8211; Indicado para gatos adultos castrados;<br \/>&#8211; N\u00e3o cont\u00e9m corantes; sem transg\u00eanicos<br \/>&#8211; L-Carnitina + Fibras especiais: essa combina\u00e7\u00e3o contribui para o controle do peso ideal;<br \/>&#8211; Extrato de Yucca: reduz o odor das fezes em at\u00e9 50%, favorecendo as condi\u00e7\u00f5es do ambiente;<br \/>&#8211; Prebi\u00f3tico MOS: maximiza a absor\u00e7\u00e3o de nutrientes, contribuindo para o bom funcionamento do intestino;<br \/>&#8211; Controle do pH da urina: n\u00edveis equilibrados de minerais para controle do pH da urina, contribuindo para a manuten\u00e7\u00e3o do trato urin\u00e1rio;<br \/>&#8211; Taurina: \u00e9 essencial na alimenta\u00e7\u00e3o dos gatos, pois fortalece as c\u00e9lulas do cora\u00e7\u00e3o, auxiliando na fun\u00e7\u00e3o card\u00edaca;<br \/>&#8211; Complex Life: formulado com minerais org\u00e2nicos, o Complex Life \u00e9 facilmente absorvido pelo organismo, otimizando seus benef\u00edcios \u00e0 sa\u00fade do animal;<br \/>&#8211; \u00d4megas 3 E 6 + Zinco Org\u00e2nico: a combina\u00e7\u00e3o entre os \u00e1cidos graxos essenciais e o zinco org\u00e2nico contribui para a prote\u00e7\u00e3o da pele e a redu\u00e7\u00e3o da queda de pelos, resultando em uma pelagem mais bonita e brilhante.<\/p>","protected":false},"excerpt":{"rendered":"<p>Descri\u00e7\u00e3o &#8211; Indicado para gatos adultos castrados;&#8211; N\u00e3o cont\u00e9m corantes; sem transg\u00eanicos&#8211; L-Carnitina + Fibras especiais: essa combina\u00e7\u00e3o contribui para o controle do peso ideal;&#8211; Extrato de Yucca: reduz o odor das fezes em at\u00e9 50%, favorecendo as condi\u00e7\u00f5es do ambiente;&#8211; Prebi\u00f3tico MOS: maximiza a absor\u00e7\u00e3o de nutrientes, contribuindo para o bom funcionamento do intestino;&#8211; [&hellip;]<\/p>\n","protected":false},"featured_media":1410784090,"comment_status":"open","ping_status":"closed","template":"","meta":{"googlesitekit_rrm_CAow0N7NCw:productID":"","content-type":"","pmpro_default_level":"","_themeisle_gutenberg_block_has_review":false},"product_brand":[],"product_cat":[164],"product_tag":[],"class_list":{"0":"post-1410784091","1":"product","2":"type-product","3":"status-publish","4":"has-post-thumbnail","6":"product_cat-pet-shop","7":"pmpro-has-access","9":"first","10":"instock","11":"taxable","12":"shipping-taxable","13":"purchasable","14":"product-type-simple"},"_links":{"self":[{"href":"https:\/\/dinhosreef.com\/en\/wp-json\/wp\/v2\/product\/1410784091","targetHints":{"allow":["GET"]}}],"collection":[{"href":"https:\/\/dinhosreef.com\/en\/wp-json\/wp\/v2\/product"}],"about":[{"href":"https:\/\/dinhosreef.com\/en\/wp-json\/wp\/v2\/types\/product"}],"replies":[{"embeddable":true,"href":"https:\/\/dinhosreef.com\/en\/wp-json\/wp\/v2\/comments?post=1410784091"}],"wp:featuredmedia":[{"embeddable":true,"href":"https:\/\/dinhosreef.com\/en\/wp-json\/wp\/v2\/media\/1410784090"}],"wp:attachment":[{"href":"https:\/\/dinhosreef.com\/en\/wp-json\/wp\/v2\/media?parent=1410784091"}],"wp:term":[{"taxonomy":"product_brand","embeddable":true,"href":"https:\/\/dinhosreef.com\/en\/wp-json\/wp\/v2\/product_brand?post=1410784091"},{"taxonomy":"product_cat","embeddable":true,"href":"https:\/\/dinhosreef.com\/en\/wp-json\/wp\/v2\/product_cat?post=1410784091"},{"taxonomy":"product_tag","embeddable":true,"href":"https:\/\/dinhosreef.com\/en\/wp-json\/wp\/v2\/product_tag?post=1410784091"}],"curies":[{"name":"wp","href":"https:\/\/api.w.org\/{rel}","templated":true}]}}