{"id":1410784093,"date":"2025-06-07T15:17:06","date_gmt":"2025-06-07T18:17:06","guid":{"rendered":"https:\/\/dinhosreef.com\/produto\/special-dog-jr-15kg\/"},"modified":"2026-02-11T12:00:49","modified_gmt":"2026-02-11T15:00:49","slug":"special-dog-jr-15kg","status":"publish","type":"product","link":"https:\/\/dinhosreef.com\/en\/product\/special-dog-jr-15kg\/","title":{"rendered":"SPECIAL DOG JR 15KG"},"content":{"rendered":"<h2 class=\"ui-pdp-description__title\" data-testid=\"title\">Descri\u00e7\u00e3o<\/h2>\n<p class=\"ui-pdp-description__content\" data-testid=\"content\">Indicado para c\u00e3es filhotes;<br \/>&#8211; N\u00e3o cont\u00e9m corantes;<br \/>&#8211; Extrato de Yucca: reduz o odor das fezes em at\u00e9 50%, favorecendo as condi\u00e7\u00f5es do ambiente;<br \/>&#8211; Prebi\u00f3tico Mos: maximiza a absor\u00e7\u00e3o de nutrientes, contribuindo para o bom funcionamento do intestino;<br \/>&#8211; DHA: essencial para o desenvolvimento cerebral do filhote, o DHA atua na melhora da capacidade de aprendizagem;<br \/>&#8211; Complex Life: formulado com minerais org\u00e2nicos, o Complex Life \u00e9 facilmente absorvido pelo organismo, otimizando seus benef\u00edcios \u00e0 sa\u00fade do animal;<br \/>&#8211; \u00d4megas 3 E 6 + Zinco Org\u00e2nico: A combina\u00e7\u00e3o entre os \u00e1cidos graxos essenciais e o zinco org\u00e2nico contribui para a prote\u00e7\u00e3o da pele e a redu\u00e7\u00e3o da queda de pelos, resultando em uma pelagem mais bonita e brilhante.<\/p>\n<p>A Ra\u00e7\u00e3o Special Dog J\u00fanior Premium para C\u00e3es Filhotes foi criada com 26% de prote\u00edna e \u00f4mega 3 e 6. Promove uma pelagem mais firme e macia, deixando se cachorro com aspecto mais bonito.<\/p>\n<p>Composi\u00e7\u00e3o<\/p>\n<p>Farinha de v\u00edsceras de aves, farinha de carne e ossos de bovinos, arroz quebrado, milho mo\u00eddo*, farelo de gl\u00faten de milho*, farelo de soja*, \u00f3leo de aves, farelo de trigo, levedura de cana-de-a\u00e7\u00facar inativada e desidratada, biomassa de microalgas (Schizochytrium sp.), extrato de Yucca schidigera (0,04%), aditivo prebi\u00f3tico MOS (0,048%), hidrolisado de f\u00edgado de aves e su\u00ednos, cloreto de s\u00f3dio, cloreto de pot\u00e1ssio, DL-metionina, L-lisina, vitamina A, vitamina D3, vitamina E, vitamina K3, vitamina B1, vitamina B2, vitamina B6, vitamina B12, vitamina C, niacina, cloreto de colina, \u00e1cido pantot\u00eanico, \u00e1cido f\u00f3lico, biotina, iodato de c\u00e1lcio, sulfato de cobre, sulfato de ferro, levedura enriquecida com sel\u00eanio, proteinato de mangan\u00eas, proteinato de zinco, propionato de c\u00e1lcio, acidificantes, antioxidantes (BHA e BHT), caramelo IV, extrato de parede de levedura.<\/p>","protected":false},"excerpt":{"rendered":"<p>Descri\u00e7\u00e3o Indicado para c\u00e3es filhotes;&#8211; N\u00e3o cont\u00e9m corantes;&#8211; Extrato de Yucca: reduz o odor das fezes em at\u00e9 50%, favorecendo as condi\u00e7\u00f5es do ambiente;&#8211; Prebi\u00f3tico Mos: maximiza a absor\u00e7\u00e3o de nutrientes, contribuindo para o bom funcionamento do intestino;&#8211; DHA: essencial para o desenvolvimento cerebral do filhote, o DHA atua na melhora da capacidade de aprendizagem;&#8211; [&hellip;]<\/p>\n","protected":false},"featured_media":1410784092,"comment_status":"open","ping_status":"closed","template":"","meta":{"googlesitekit_rrm_CAow0N7NCw:productID":"","content-type":"","pmpro_default_level":"","_themeisle_gutenberg_block_has_review":false},"product_brand":[],"product_cat":[164],"product_tag":[],"class_list":{"0":"post-1410784093","1":"product","2":"type-product","3":"status-publish","4":"has-post-thumbnail","6":"product_cat-pet-shop","7":"pmpro-has-access","9":"first","10":"outofstock","11":"taxable","12":"shipping-taxable","13":"purchasable","14":"product-type-simple"},"_links":{"self":[{"href":"https:\/\/dinhosreef.com\/en\/wp-json\/wp\/v2\/product\/1410784093","targetHints":{"allow":["GET"]}}],"collection":[{"href":"https:\/\/dinhosreef.com\/en\/wp-json\/wp\/v2\/product"}],"about":[{"href":"https:\/\/dinhosreef.com\/en\/wp-json\/wp\/v2\/types\/product"}],"replies":[{"embeddable":true,"href":"https:\/\/dinhosreef.com\/en\/wp-json\/wp\/v2\/comments?post=1410784093"}],"wp:featuredmedia":[{"embeddable":true,"href":"https:\/\/dinhosreef.com\/en\/wp-json\/wp\/v2\/media\/1410784092"}],"wp:attachment":[{"href":"https:\/\/dinhosreef.com\/en\/wp-json\/wp\/v2\/media?parent=1410784093"}],"wp:term":[{"taxonomy":"product_brand","embeddable":true,"href":"https:\/\/dinhosreef.com\/en\/wp-json\/wp\/v2\/product_brand?post=1410784093"},{"taxonomy":"product_cat","embeddable":true,"href":"https:\/\/dinhosreef.com\/en\/wp-json\/wp\/v2\/product_cat?post=1410784093"},{"taxonomy":"product_tag","embeddable":true,"href":"https:\/\/dinhosreef.com\/en\/wp-json\/wp\/v2\/product_tag?post=1410784093"}],"curies":[{"name":"wp","href":"https:\/\/api.w.org\/{rel}","templated":true}]}}