{"id":1410784095,"date":"2025-06-07T15:17:12","date_gmt":"2025-06-07T18:17:12","guid":{"rendered":"https:\/\/dinhosreef.com\/produto\/special-dog-adulto-pequeno-porte-15kg\/"},"modified":"2026-03-24T13:41:11","modified_gmt":"2026-03-24T16:41:11","slug":"special-dog-adulto-pequeno-porte-15kg","status":"publish","type":"product","link":"https:\/\/dinhosreef.com\/en\/product\/special-dog-adulto-pequeno-porte-15kg\/","title":{"rendered":"SPECIAL DOG ADULTO PEQUENO PORTE 15KG"},"content":{"rendered":"<p>Farinha de v\u00edsceras de aves, farinha de carne e ossos de bovinos, arroz quebrado, milho mo\u00eddo*, farelo de gl\u00faten de milho*, farelo de soja*, farelo de arroz desengordurado, \u00f3leo de aves, \u00f3leo de peixes, extrato de\u00a0<em>Yucca schidigera<\/em>\u00a0(0,04%), hidrolisado de f\u00edgado de aves e su\u00ednos, cloreto de s\u00f3dio, cloreto de pot\u00e1ssio, DL-metionina, triptofano, vitamina A, vitamina D3, vitamina E, vitamina K3, vitamina B1, vitamina B2, vitamina B6, vitamina B12, vitamina C, niacina, cloreto de colina, \u00e1cido pantot\u00eanico, \u00e1cido f\u00f3lico, biotina, iodato de c\u00e1lcio, sulfato de cobre, sulfato de ferro, levedura enriquecida com sel\u00eanio, proteinato de mangan\u00eas, proteinato de zinco, propionato de c\u00e1lcio, acidificantes, antioxidantes (BHA e BHT), extrato de parede de levedura.<\/p>\n<p><em>*Agrobacterium tumefaciens, Bacillus thuringiensis, Streptomyces viridochromogenes.<\/em><\/p>\n<p><em>Vitamina A 24.000 UI, vitamina D3 900 UI, vitamina E 135 UI, vitamina K3 3 mg, vitamina B1 10,5 mg, vitamina B2 6,6 mg, vitamina B6 3 mg, vitamina B12 90 \u03bcg, vitamina C 33 mg, niacina 45 mg, colina 1.200 mg, \u00e1cido pantot\u00eanico 21 mg, \u00e1cido f\u00f3lico 0,6 mg, biotina 60 \u03bcg, cobre 9 mg, ferro 120 mg, iodo 1,5 mg, mangan\u00eas 20 mg, sel\u00eanio 0,3 mg, zinco 90 mg.<\/em><\/p>","protected":false},"excerpt":{"rendered":"<p>Farinha de v\u00edsceras de aves, farinha de carne e ossos de bovinos, arroz quebrado, milho mo\u00eddo*, farelo de gl\u00faten de milho*, farelo de soja*, farelo de arroz desengordurado, \u00f3leo de aves, \u00f3leo de peixes, extrato de\u00a0Yucca schidigera\u00a0(0,04%), hidrolisado de f\u00edgado de aves e su\u00ednos, cloreto de s\u00f3dio, cloreto de pot\u00e1ssio, DL-metionina, triptofano, vitamina A, vitamina [&hellip;]<\/p>\n","protected":false},"featured_media":1410784094,"comment_status":"open","ping_status":"closed","template":"","meta":{"googlesitekit_rrm_CAow0N7NCw:productID":"","content-type":"","pmpro_default_level":"","_themeisle_gutenberg_block_has_review":false},"product_brand":[],"product_cat":[164],"product_tag":[],"class_list":{"0":"post-1410784095","1":"product","2":"type-product","3":"status-publish","4":"has-post-thumbnail","6":"product_cat-pet-shop","7":"pmpro-has-access","9":"first","10":"outofstock","11":"taxable","12":"shipping-taxable","13":"purchasable","14":"product-type-simple"},"_links":{"self":[{"href":"https:\/\/dinhosreef.com\/en\/wp-json\/wp\/v2\/product\/1410784095","targetHints":{"allow":["GET"]}}],"collection":[{"href":"https:\/\/dinhosreef.com\/en\/wp-json\/wp\/v2\/product"}],"about":[{"href":"https:\/\/dinhosreef.com\/en\/wp-json\/wp\/v2\/types\/product"}],"replies":[{"embeddable":true,"href":"https:\/\/dinhosreef.com\/en\/wp-json\/wp\/v2\/comments?post=1410784095"}],"wp:featuredmedia":[{"embeddable":true,"href":"https:\/\/dinhosreef.com\/en\/wp-json\/wp\/v2\/media\/1410784094"}],"wp:attachment":[{"href":"https:\/\/dinhosreef.com\/en\/wp-json\/wp\/v2\/media?parent=1410784095"}],"wp:term":[{"taxonomy":"product_brand","embeddable":true,"href":"https:\/\/dinhosreef.com\/en\/wp-json\/wp\/v2\/product_brand?post=1410784095"},{"taxonomy":"product_cat","embeddable":true,"href":"https:\/\/dinhosreef.com\/en\/wp-json\/wp\/v2\/product_cat?post=1410784095"},{"taxonomy":"product_tag","embeddable":true,"href":"https:\/\/dinhosreef.com\/en\/wp-json\/wp\/v2\/product_tag?post=1410784095"}],"curies":[{"name":"wp","href":"https:\/\/api.w.org\/{rel}","templated":true}]}}