{"id":1410784097,"date":"2025-06-07T15:17:21","date_gmt":"2025-06-07T18:17:21","guid":{"rendered":"https:\/\/dinhosreef.com\/produto\/special-dog-ad-peq-porte-101kg\/"},"modified":"2026-04-17T16:55:18","modified_gmt":"2026-04-17T19:55:18","slug":"special-dog-ad-peq-porte-101kg","status":"publish","type":"product","link":"https:\/\/dinhosreef.com\/en\/product\/special-dog-ad-peq-porte-101kg\/","title":{"rendered":"SPECIAL DOG AD PEQ PORTE 10,1KG"},"content":{"rendered":"<h2 class=\"ui-pdp-description__title\" data-testid=\"title\">Descri\u00e7\u00e3o<\/h2>\n<p class=\"ui-pdp-description__content\" data-testid=\"content\">SPECIAL DOG ADULTOS PEQUENO PORTE<\/p>\n<p>FATOR 22<br \/>22% DE PROTE\u00cdNA DE ALTA QUALIDADE<br \/>\u00d4MEGAS + ZINCO ORG\u00c2NICO<br \/>\u00d4MEGAS + ZINCO ORG\u00c2NICO<br \/>PELE PROTEGIDA, PELOS MAIS BONITOS<br \/>ENRIQUECIDO COM VITAMINAS<br \/>ENRIQUECIDO COM VITAMINAS<br \/>EQUIL\u00cdBRIO PARA O BEM-ESTAR DI\u00c1RIO<br \/>EXTRATO DE YUCCA<br \/>EXTRATO DE YUCCA<br \/>REDU\u00c7\u00c3O DO ODOR DAS FEZES<br \/>100% MINERAIS ORG\u00c2NICOS<br \/>100% MINERAIS ORG\u00c2NICOS<br \/>ABSOR\u00c7\u00c3O DE FORMA MAIS EFICIENTE<\/p>\n<p>Composi\u00e7\u00e3o B\u00e1sica:<br \/>Farinha de v\u00edsceras de aves, farinha de carne e ossos de bovinos, arroz quebrado, milho mo\u00eddo*, farelo de gl\u00faten de milho*, farelo de soja*, farelo de arroz desengordurado, \u00f3leo de aves, \u00f3leo de peixes, extrato de Yucca schidigera (0,04%), hidrolisado de f\u00edgado de aves e su\u00ednos, cloreto de s\u00f3dio, cloreto de pot\u00e1ssio, DL-metionina, triptofano, vitamina A, vitamina D3, vitamina E, vitamina K3, vitamina B1, vitamina B2, vitamina B6, vitamina B12, vitamina C, niacina, cloreto de colina, \u00e1cido pantot\u00eanico, \u00e1cido f\u00f3lico, biotina, iodato de c\u00e1lcio, sulfato de cobre, sulfato de ferro, levedura enriquecida com sel\u00eanio, proteinato de mangan\u00eas, proteinato de zinco, propionato de c\u00e1lcio, acidificantes, antioxidantes (BHA e BHT), extrato de parede de levedura.<\/p>","protected":false},"excerpt":{"rendered":"<p>Descri\u00e7\u00e3o SPECIAL DOG ADULTOS PEQUENO PORTE FATOR 2222% DE PROTE\u00cdNA DE ALTA QUALIDADE\u00d4MEGAS + ZINCO ORG\u00c2NICO\u00d4MEGAS + ZINCO ORG\u00c2NICOPELE PROTEGIDA, PELOS MAIS BONITOSENRIQUECIDO COM VITAMINASENRIQUECIDO COM VITAMINASEQUIL\u00cdBRIO PARA O BEM-ESTAR DI\u00c1RIOEXTRATO DE YUCCAEXTRATO DE YUCCAREDU\u00c7\u00c3O DO ODOR DAS FEZES100% MINERAIS ORG\u00c2NICOS100% MINERAIS ORG\u00c2NICOSABSOR\u00c7\u00c3O DE FORMA MAIS EFICIENTE Composi\u00e7\u00e3o B\u00e1sica:Farinha de v\u00edsceras de aves, farinha de [&hellip;]<\/p>\n","protected":false},"featured_media":1410784096,"comment_status":"open","ping_status":"closed","template":"","meta":{"googlesitekit_rrm_CAow0N7NCw:productID":"","content-type":"","pmpro_default_level":"","_themeisle_gutenberg_block_has_review":false},"product_brand":[],"product_cat":[16],"product_tag":[],"class_list":{"0":"post-1410784097","1":"product","2":"type-product","3":"status-publish","4":"has-post-thumbnail","6":"product_cat-diversos","7":"pmpro-has-access","9":"first","10":"outofstock","11":"taxable","12":"shipping-taxable","13":"purchasable","14":"product-type-simple"},"_links":{"self":[{"href":"https:\/\/dinhosreef.com\/en\/wp-json\/wp\/v2\/product\/1410784097","targetHints":{"allow":["GET"]}}],"collection":[{"href":"https:\/\/dinhosreef.com\/en\/wp-json\/wp\/v2\/product"}],"about":[{"href":"https:\/\/dinhosreef.com\/en\/wp-json\/wp\/v2\/types\/product"}],"replies":[{"embeddable":true,"href":"https:\/\/dinhosreef.com\/en\/wp-json\/wp\/v2\/comments?post=1410784097"}],"wp:featuredmedia":[{"embeddable":true,"href":"https:\/\/dinhosreef.com\/en\/wp-json\/wp\/v2\/media\/1410784096"}],"wp:attachment":[{"href":"https:\/\/dinhosreef.com\/en\/wp-json\/wp\/v2\/media?parent=1410784097"}],"wp:term":[{"taxonomy":"product_brand","embeddable":true,"href":"https:\/\/dinhosreef.com\/en\/wp-json\/wp\/v2\/product_brand?post=1410784097"},{"taxonomy":"product_cat","embeddable":true,"href":"https:\/\/dinhosreef.com\/en\/wp-json\/wp\/v2\/product_cat?post=1410784097"},{"taxonomy":"product_tag","embeddable":true,"href":"https:\/\/dinhosreef.com\/en\/wp-json\/wp\/v2\/product_tag?post=1410784097"}],"curies":[{"name":"wp","href":"https:\/\/api.w.org\/{rel}","templated":true}]}}