{"id":1410784101,"date":"2025-06-07T15:17:35","date_gmt":"2025-06-07T18:17:35","guid":{"rendered":"https:\/\/dinhosreef.com\/produto\/special-dog-ad-carne-15kg\/"},"modified":"2026-04-24T11:29:41","modified_gmt":"2026-04-24T14:29:41","slug":"special-dog-ad-carne-15kg","status":"publish","type":"product","link":"https:\/\/dinhosreef.com\/en\/product\/special-dog-ad-carne-15kg\/","title":{"rendered":"SPECIAL DOG AD CARNE 15KG"},"content":{"rendered":"<p>DESCRI\u00c7\u00c3O<\/p>\n<p>Alimento Premium para o Seu Pet: A escolha ideal para a sa\u00fade e felicidade do seu c\u00e3o!<\/p>\n<p>SPECIAL DOG CARNE 15KG<\/p>\n<p>Garantir a nutri\u00e7\u00e3o adequada do seu animal de estima\u00e7\u00e3o \u00e9 essencial para seu crescimento, desenvolvimento e sa\u00fade. Com a linha de produtos da Special Dog, voc\u00ea oferece ao seu c\u00e3o tudo o que ele precisa para uma vida longa e saud\u00e1vel.<\/p>\n<p>Principais Benef\u00edcios:<\/p>\n<p>NUTRI\u00c7\u00c3O COMPLETA E BALANCEADA<br \/>&#8211; Prote\u00edna de alto valor biol\u00f3gico: Essencial para uma nutri\u00e7\u00e3o completa, ajudando na constru\u00e7\u00e3o e repara\u00e7\u00e3o dos tecidos.<br \/>&#8211; Minerais essenciais: Inclui c\u00e1lcio, f\u00f3sforo, pot\u00e1ssio e ferro, fundamentais para ossos e dentes fortes.<\/p>\n<p>VITAMINAS ESSENCIAIS<br \/>&#8211; Vitaminas A, D e E: Cruciais para a vis\u00e3o, crescimento \u00f3sseo, sistema imunol\u00f3gico e sa\u00fade da pele.<\/p>\n<p>BENEF\u00cdCIOS DAS FIBRAS E \u00c1CIDOS GRAXOS<br \/>&#8211; Fibras: Promovem uma digest\u00e3o saud\u00e1vel e regulam o tr\u00e2nsito intestinal.<br \/>&#8211; \u00c1cidos graxos essenciais: Melhoram a sa\u00fade da pelagem, pele e unhas.<\/p>\n<p>VANTAGENS DO ALIMENTO SECO<br \/>&#8211; Armazenamento prolongado: Mant\u00e9m a qualidade por mais tempo, sem riscos de deteriora\u00e7\u00e3o.<br \/>&#8211; Higiene bucal: Ajuda a remover o t\u00e1rtaro e prevenir a forma\u00e7\u00e3o de placa dent\u00e1ria atrav\u00e9s da mastiga\u00e7\u00e3o e tritura\u00e7\u00e3o.<\/p>\n<p>Optar pela Special Dog significa escolher qualidade e cuidado. Proporcione ao seu melhor amigo uma vida cheia de energia, com um sistema imunol\u00f3gico fortalecido, m\u00fasculos e ossos fortes, e uma pelagem brilhante.<\/p>\n<p>Escolha Special Dog para garantir que seu c\u00e3o receba tudo o que precisa para ser feliz e saud\u00e1vel!<\/p>","protected":false},"excerpt":{"rendered":"<p>DESCRI\u00c7\u00c3O Alimento Premium para o Seu Pet: A escolha ideal para a sa\u00fade e felicidade do seu c\u00e3o! SPECIAL DOG CARNE 15KG Garantir a nutri\u00e7\u00e3o adequada do seu animal de estima\u00e7\u00e3o \u00e9 essencial para seu crescimento, desenvolvimento e sa\u00fade. Com a linha de produtos da Special Dog, voc\u00ea oferece ao seu c\u00e3o tudo o que [&hellip;]<\/p>\n","protected":false},"featured_media":1410784100,"comment_status":"open","ping_status":"closed","template":"","meta":{"googlesitekit_rrm_CAow0N7NCw:productID":"","content-type":"","pmpro_default_level":"","_themeisle_gutenberg_block_has_review":false},"product_brand":[],"product_cat":[164],"product_tag":[],"class_list":{"0":"post-1410784101","1":"product","2":"type-product","3":"status-publish","4":"has-post-thumbnail","6":"product_cat-pet-shop","7":"pmpro-has-access","9":"first","10":"instock","11":"taxable","12":"shipping-taxable","13":"purchasable","14":"product-type-simple"},"_links":{"self":[{"href":"https:\/\/dinhosreef.com\/en\/wp-json\/wp\/v2\/product\/1410784101","targetHints":{"allow":["GET"]}}],"collection":[{"href":"https:\/\/dinhosreef.com\/en\/wp-json\/wp\/v2\/product"}],"about":[{"href":"https:\/\/dinhosreef.com\/en\/wp-json\/wp\/v2\/types\/product"}],"replies":[{"embeddable":true,"href":"https:\/\/dinhosreef.com\/en\/wp-json\/wp\/v2\/comments?post=1410784101"}],"wp:featuredmedia":[{"embeddable":true,"href":"https:\/\/dinhosreef.com\/en\/wp-json\/wp\/v2\/media\/1410784100"}],"wp:attachment":[{"href":"https:\/\/dinhosreef.com\/en\/wp-json\/wp\/v2\/media?parent=1410784101"}],"wp:term":[{"taxonomy":"product_brand","embeddable":true,"href":"https:\/\/dinhosreef.com\/en\/wp-json\/wp\/v2\/product_brand?post=1410784101"},{"taxonomy":"product_cat","embeddable":true,"href":"https:\/\/dinhosreef.com\/en\/wp-json\/wp\/v2\/product_cat?post=1410784101"},{"taxonomy":"product_tag","embeddable":true,"href":"https:\/\/dinhosreef.com\/en\/wp-json\/wp\/v2\/product_tag?post=1410784101"}],"curies":[{"name":"wp","href":"https:\/\/api.w.org\/{rel}","templated":true}]}}