{"id":1410784105,"date":"2025-06-07T17:17:53","date_gmt":"2025-06-07T20:17:53","guid":{"rendered":"https:\/\/dinhosreef.com\/produto\/deo-colonia-amorzinho-do-papai-patas-e-racas-120ml\/"},"modified":"2025-07-03T17:45:14","modified_gmt":"2025-07-03T20:45:14","slug":"deo-colonia-amorzinho-do-papai-patas-e-racas-120ml","status":"publish","type":"product","link":"https:\/\/dinhosreef.com\/en\/product\/deo-colonia-amorzinho-do-papai-patas-e-racas-120ml\/","title":{"rendered":"DEO COLONIA AMORZINHO DO PAPAI PATAS E RACAS 120ML"},"content":{"rendered":"<p>Deocol\u00f4nia Pet<\/p>\n<p>Deixa seu bichinho sempre perfumado e fresquinho, com uma fragr\u00e2ncia suave e segura para a pele dele.<\/p>\n<p>Porque amor tamb\u00e9m \u00e9 cuidado!\u00a0<\/p>\n<p>120ML<\/p>\n<p>USO VETERINARIO<\/p>\n<p>PH BALANCEADO<\/p>","protected":false},"excerpt":{"rendered":"<p>Deocol\u00f4nia Pet Deixa seu bichinho sempre perfumado e fresquinho, com uma fragr\u00e2ncia suave e segura para a pele dele. Porque amor tamb\u00e9m \u00e9 cuidado!\u00a0 120ML USO VETERINARIO PH BALANCEADO<\/p>","protected":false},"featured_media":1410784104,"comment_status":"open","ping_status":"closed","template":"","meta":{"googlesitekit_rrm_CAow0N7NCw:productID":"","content-type":"","pmpro_default_level":"","_themeisle_gutenberg_block_has_review":false},"product_brand":[],"product_cat":[164],"product_tag":[],"class_list":{"0":"post-1410784105","1":"product","2":"type-product","3":"status-publish","4":"has-post-thumbnail","6":"product_cat-pet-shop","7":"pmpro-has-access","9":"first","10":"instock","11":"taxable","12":"shipping-taxable","13":"purchasable","14":"product-type-simple"},"_links":{"self":[{"href":"https:\/\/dinhosreef.com\/en\/wp-json\/wp\/v2\/product\/1410784105","targetHints":{"allow":["GET"]}}],"collection":[{"href":"https:\/\/dinhosreef.com\/en\/wp-json\/wp\/v2\/product"}],"about":[{"href":"https:\/\/dinhosreef.com\/en\/wp-json\/wp\/v2\/types\/product"}],"replies":[{"embeddable":true,"href":"https:\/\/dinhosreef.com\/en\/wp-json\/wp\/v2\/comments?post=1410784105"}],"wp:featuredmedia":[{"embeddable":true,"href":"https:\/\/dinhosreef.com\/en\/wp-json\/wp\/v2\/media\/1410784104"}],"wp:attachment":[{"href":"https:\/\/dinhosreef.com\/en\/wp-json\/wp\/v2\/media?parent=1410784105"}],"wp:term":[{"taxonomy":"product_brand","embeddable":true,"href":"https:\/\/dinhosreef.com\/en\/wp-json\/wp\/v2\/product_brand?post=1410784105"},{"taxonomy":"product_cat","embeddable":true,"href":"https:\/\/dinhosreef.com\/en\/wp-json\/wp\/v2\/product_cat?post=1410784105"},{"taxonomy":"product_tag","embeddable":true,"href":"https:\/\/dinhosreef.com\/en\/wp-json\/wp\/v2\/product_tag?post=1410784105"}],"curies":[{"name":"wp","href":"https:\/\/api.w.org\/{rel}","templated":true}]}}