{"id":1410784125,"date":"2025-06-07T17:19:18","date_gmt":"2025-06-07T20:19:18","guid":{"rendered":"https:\/\/dinhosreef.com\/produto\/shampoo-branqueador-pelos-claros-patas-e-racas-500ml\/"},"modified":"2025-12-15T22:32:19","modified_gmt":"2025-12-16T01:32:19","slug":"shampoo-branqueador-pelos-claros-patas-e-racas-500ml","status":"publish","type":"product","link":"https:\/\/dinhosreef.com\/en\/product\/shampoo-branqueador-pelos-claros-patas-e-racas-500ml\/","title":{"rendered":"SHAMPOO BRANQUEADOR PELOS CLAROS PATAS E RACAS 500ML"},"content":{"rendered":"<div class=\"vtex-flex-layout-0-x-flexColChild pb0\">\n<div id=\"description\" class=\"vtex-rich-text-0-x-container vtex-rich-text-0-x-container--product-description flex tl items-start justify-start t-body c-on-base\">\n<div class=\"vtex-rich-text-0-x-wrapper vtex-rich-text-0-x-wrapper--product-description\">\n<h2 class=\"vtex-rich-text-0-x-heading vtex-rich-text-0-x-heading--product-description t-heading-2 vtex-rich-text-0-x-headingLevel2 vtex-rich-text-0-x-headingLevel2--product-description vtex-rich-text-0-x-heading-level-2\">Descri\u00e7\u00e3o do Produto<\/h2>\n<\/p><\/div>\n<\/p><\/div>\n<\/p><\/div>\n<div class=\"vtex-flex-layout-0-x-flexColChild pb0\">\n<div class=\"vtex-store-components-3-x-productDescriptionContainer\">\n<div class=\"vtex-store-components-3-x-productDescriptionText c-muted-1\">\n<div>O Shampoo Branqueador \u00e9 idealpara tonalizar e real\u00e7ar a cor das pelagens brancas do seu animal de estima\u00e7\u00e3o. Sua f\u00f3rmula equilibrada atua atrav\u00e9s de agentes tonalizantes. Elimina o tom amarelado dos pelos brancos,promovendo a limpeza de forma eficaz,al\u00e9m de intensificar o brilho. Indica\u00e7\u00f5es:Limpeza da pelagem branca do animal de estima\u00e7\u00e3o. Indicado para c\u00e3es e gatos com idade superior a 6 meses de idade de vida. Modo de usar: Molhar totalmente o pelo do animal. Com luvas nas m\u00e3os, diluir uma parte do Shampoo Branqueador em uma parte de \u00e1gua e aplicar na pelagem do animal. Atrav\u00e9s da fric\u00e7\u00e3o manual, massagear e enxaguar. Antes da aplica\u00e7\u00e3o, realizar teste de sensibilidade ao produto.Aplicar pequena quantidade emregi\u00e3o com pouco pelo. Ao notar qualquer manifesta\u00e7\u00e3o de sensibilidade, suspender o uso e procurar um veterin\u00e1rio. COMPOSI\u00c7\u00c3O:ACIDVIOLET43,AQUA,CITRIC ACID,COCAMIDEDEA,COCAMIDOPROPYL BETAINE, GOSSYPIUM HERBACEUM EXTRACT, DISODIUM EDTA, GUAR HYDROXYPROPYLTRIMONIUMCHLORIDE, HYDROLIZED KERATIN, LAURYL GLUCOSIDE, METHYLCHLOROISOTHIAZOLINONE + METHYLISOTHIAZOLINONE, PARFUM, PEG-150 DISTEARATE,POLYQUATERNIUM-10,SODIUMCHLORIDE, SODIUMLAURETH SULFATE. VOLUME:500ml<\/div>\n<\/p><\/div>\n<\/p><\/div>\n<\/p><\/div>","protected":false},"excerpt":{"rendered":"<p>Descri\u00e7\u00e3o do Produto O Shampoo Branqueador \u00e9 idealpara tonalizar e real\u00e7ar a cor das pelagens brancas do seu animal de estima\u00e7\u00e3o. Sua f\u00f3rmula equilibrada atua atrav\u00e9s de agentes tonalizantes. Elimina o tom amarelado dos pelos brancos,promovendo a limpeza de forma eficaz,al\u00e9m de intensificar o brilho. Indica\u00e7\u00f5es:Limpeza da pelagem branca do animal de estima\u00e7\u00e3o. Indicado para [&hellip;]<\/p>\n","protected":false},"featured_media":1410784124,"comment_status":"open","ping_status":"closed","template":"","meta":{"googlesitekit_rrm_CAow0N7NCw:productID":"","content-type":"","pmpro_default_level":"","_themeisle_gutenberg_block_has_review":false},"product_brand":[],"product_cat":[164],"product_tag":[],"class_list":{"0":"post-1410784125","1":"product","2":"type-product","3":"status-publish","4":"has-post-thumbnail","6":"product_cat-pet-shop","7":"pmpro-has-access","9":"first","10":"outofstock","11":"taxable","12":"shipping-taxable","13":"purchasable","14":"product-type-simple"},"_links":{"self":[{"href":"https:\/\/dinhosreef.com\/en\/wp-json\/wp\/v2\/product\/1410784125","targetHints":{"allow":["GET"]}}],"collection":[{"href":"https:\/\/dinhosreef.com\/en\/wp-json\/wp\/v2\/product"}],"about":[{"href":"https:\/\/dinhosreef.com\/en\/wp-json\/wp\/v2\/types\/product"}],"replies":[{"embeddable":true,"href":"https:\/\/dinhosreef.com\/en\/wp-json\/wp\/v2\/comments?post=1410784125"}],"wp:featuredmedia":[{"embeddable":true,"href":"https:\/\/dinhosreef.com\/en\/wp-json\/wp\/v2\/media\/1410784124"}],"wp:attachment":[{"href":"https:\/\/dinhosreef.com\/en\/wp-json\/wp\/v2\/media?parent=1410784125"}],"wp:term":[{"taxonomy":"product_brand","embeddable":true,"href":"https:\/\/dinhosreef.com\/en\/wp-json\/wp\/v2\/product_brand?post=1410784125"},{"taxonomy":"product_cat","embeddable":true,"href":"https:\/\/dinhosreef.com\/en\/wp-json\/wp\/v2\/product_cat?post=1410784125"},{"taxonomy":"product_tag","embeddable":true,"href":"https:\/\/dinhosreef.com\/en\/wp-json\/wp\/v2\/product_tag?post=1410784125"}],"curies":[{"name":"wp","href":"https:\/\/api.w.org\/{rel}","templated":true}]}}