{"id":1410784129,"date":"2025-06-07T17:19:34","date_gmt":"2025-06-07T20:19:34","guid":{"rendered":"https:\/\/dinhosreef.com\/produto\/shampoo-neutro-patas-e-racas-500ml\/"},"modified":"2026-04-01T14:51:51","modified_gmt":"2026-04-01T17:51:51","slug":"shampoo-neutro-patas-e-racas-500ml","status":"publish","type":"product","link":"https:\/\/dinhosreef.com\/en\/product\/shampoo-neutro-patas-e-racas-500ml\/","title":{"rendered":"SHAMPOO NEUTRO PATAS E RACAS 500ML"},"content":{"rendered":"<h2 class=\"h4\">Descri\u00e7\u00e3o Shampoo Neutro 500ml Patas&amp;Ra\u00e7as<\/h2>\n<div class=\"productDescription\">O Shampoo Neutro \u00e9 indicado para limpeza da pelagem de c\u00e3es e gatos. Sua f\u00f3rmula balanceada conta com extrato de Aloe vera que al\u00e9m de limpar apelagem,hidrata e promove brilho aos pelos do animal.<br \/>Indica\u00e7\u00f5es: O Shampoo Neutro \u00e9 indicado para limpar os pelos de c\u00e3es e gatos, promovendo brilho emaciez.Indicado para c\u00e3es e gatos com idade superior a 6 meses de idade de vida.<br \/>Modo de usar:Molhar totalmente o pelo do animal. Aplicar o Shampoo Neutro em quantidade suficiente para fazer espuma. Atrav\u00e9s da fric\u00e7\u00e3o manual, massagear bem. Deixar agir por no m\u00e1ximo 5 minutos e enxaguar. Se necess\u00e1rio proceder uma segunda aplica\u00e7\u00e3o e enxaguar cuidadosamente.<br \/>COMPOSI\u00c7\u00c3O: ALOEBARBAOENSIS LEAFEXTRACT. AQUA,CITRIC ACIO,COCAMIDEDEA. COCAMIDOPROPYL BETAINE, DISOOIUM EOTA, GUAR HYOROXYPROPYLTRIMONIUM CHLORIOE, LAURYL GLUCOSIOE, METHYLCHLOROISOTHIAZOLINONE + METHYLISOTHIAZOLINONE, PARFUM, PEG-150 OISTEARATE, POLYQUATERNIUM-10, SOOIUMCHLORIOE,SOOIUM LAURETH SULFATE.<\/div>","protected":false},"excerpt":{"rendered":"<p>Descri\u00e7\u00e3o Shampoo Neutro 500ml Patas&amp;Ra\u00e7as O Shampoo Neutro \u00e9 indicado para limpeza da pelagem de c\u00e3es e gatos. Sua f\u00f3rmula balanceada conta com extrato de Aloe vera que al\u00e9m de limpar apelagem,hidrata e promove brilho aos pelos do animal.Indica\u00e7\u00f5es: O Shampoo Neutro \u00e9 indicado para limpar os pelos de c\u00e3es e gatos, promovendo brilho emaciez.Indicado [&hellip;]<\/p>\n","protected":false},"featured_media":1410784128,"comment_status":"open","ping_status":"closed","template":"","meta":{"googlesitekit_rrm_CAow0N7NCw:productID":"","content-type":"","pmpro_default_level":"","_themeisle_gutenberg_block_has_review":false},"product_brand":[],"product_cat":[164],"product_tag":[],"class_list":{"0":"post-1410784129","1":"product","2":"type-product","3":"status-publish","4":"has-post-thumbnail","6":"product_cat-pet-shop","7":"pmpro-has-access","9":"first","10":"outofstock","11":"taxable","12":"shipping-taxable","13":"purchasable","14":"product-type-simple"},"_links":{"self":[{"href":"https:\/\/dinhosreef.com\/en\/wp-json\/wp\/v2\/product\/1410784129","targetHints":{"allow":["GET"]}}],"collection":[{"href":"https:\/\/dinhosreef.com\/en\/wp-json\/wp\/v2\/product"}],"about":[{"href":"https:\/\/dinhosreef.com\/en\/wp-json\/wp\/v2\/types\/product"}],"replies":[{"embeddable":true,"href":"https:\/\/dinhosreef.com\/en\/wp-json\/wp\/v2\/comments?post=1410784129"}],"wp:featuredmedia":[{"embeddable":true,"href":"https:\/\/dinhosreef.com\/en\/wp-json\/wp\/v2\/media\/1410784128"}],"wp:attachment":[{"href":"https:\/\/dinhosreef.com\/en\/wp-json\/wp\/v2\/media?parent=1410784129"}],"wp:term":[{"taxonomy":"product_brand","embeddable":true,"href":"https:\/\/dinhosreef.com\/en\/wp-json\/wp\/v2\/product_brand?post=1410784129"},{"taxonomy":"product_cat","embeddable":true,"href":"https:\/\/dinhosreef.com\/en\/wp-json\/wp\/v2\/product_cat?post=1410784129"},{"taxonomy":"product_tag","embeddable":true,"href":"https:\/\/dinhosreef.com\/en\/wp-json\/wp\/v2\/product_tag?post=1410784129"}],"curies":[{"name":"wp","href":"https:\/\/api.w.org\/{rel}","templated":true}]}}