{"id":1410784136,"date":"2025-06-10T19:46:02","date_gmt":"2025-06-10T22:46:02","guid":{"rendered":"https:\/\/dinhosreef.com\/produto\/antipulgas-e-carrapatos-nexgard-251-a-50kg-com-3-compr\/"},"modified":"2026-04-07T19:32:55","modified_gmt":"2026-04-07T22:32:55","slug":"antipulgas-e-carrapatos-nexgard-251-a-50kg-com-3-compr","status":"publish","type":"product","link":"https:\/\/dinhosreef.com\/en\/product\/antipulgas-e-carrapatos-nexgard-251-a-50kg-com-3-compr\/","title":{"rendered":"Antipulgas E Carrapatos Nexgard  25,1 A 50kg Com 3 Compr."},"content":{"rendered":"<p>Antipulgas e Carrapatos NexGard C\u00e3es 25,1 a 50kg C\/3<\/p>\n<p>&#8211; Tablete mastig\u00e1vel sabor carne que os c\u00e3es adoram<br \/>&#8211; Seguran\u00e7a e efic\u00e1cia para o seu cachorro<br \/>&#8211; Prote\u00e7\u00e3o mensal contra pulgas e carrapatos<br \/>&#8211; Pode ser administrado com ou sem alimentos<br \/>&#8211; Dispon\u00edvel em embalagens com um ou tr\u00eas tabletes<br \/>&#8211; Indicado para todos os c\u00e3es a partir de 8 semanas de idade<\/p>\n<p>NexGard \u00e9 um tablete mastig\u00e1vel seguro para c\u00e3es de qualquer ra\u00e7a e conta com uma linha completa para atender diferentes portes e pesos.<\/p>\n<p>Tem um r\u00e1pido in\u00edcio de a\u00e7\u00e3o e atinge 100% de efic\u00e1cia em 8 horas para pulgas. Pode ser administrado em c\u00e3es adultos e filhotes acima de 2kg e a partir de oito semanas de vida. Os tabletes NexGard foram desenvolvidos para facilitar a administra\u00e7\u00e3o de rem\u00e9dios a animais, com sabor agrad\u00e1vel. Para manter seu pet livre de pulgas e carrapatos, administre NexGard mensalmente.<\/p>\n<p>Fabricado pela Boehringer Ingelheim, NexGard facilita a vida dos c\u00e3ezinhos e de seus tutores, valorizando a uni\u00e3o entre eles. Pode ser administrado em c\u00e3es adultos e filhotes a partir de oito semanas de vida e pesando acima de 2kg. Funciona por 30 dias.<\/p>\n<p>A administra\u00e7\u00e3o de NexGard \u00e9 f\u00e1cil, pois o tablete mastig\u00e1vel sabor carne \u00e9 altamente aceito pelos c\u00e3es, devido \u00e0 sua palatabilidade. Pode ser oferecido com ou sem alimentos, mantendo sua efic\u00e1cia. Para melhores resultados, garanta que o seu c\u00e3o consuma o tablete por inteiro e observe por alguns minutos para se certificar de que nenhuma parte foi desperdi\u00e7ada.<\/p>\n<p>Em casos de rea\u00e7\u00f5es adversas ao tratamento, suspenda o uso e consulte o m\u00e9dico-veterin\u00e1rio imediatamente. Siga sempre a dosagem recomendada e leia a bula. Aconselha-se realizar limpeza completa do ambiente para auxiliar no controle de parasitas.<\/p>","protected":false},"excerpt":{"rendered":"<p>Antipulgas e Carrapatos NexGard C\u00e3es 25,1 a 50kg C\/3 &#8211; Tablete mastig\u00e1vel sabor carne que os c\u00e3es adoram&#8211; Seguran\u00e7a e efic\u00e1cia para o seu cachorro&#8211; Prote\u00e7\u00e3o mensal contra pulgas e carrapatos&#8211; Pode ser administrado com ou sem alimentos&#8211; Dispon\u00edvel em embalagens com um ou tr\u00eas tabletes&#8211; Indicado para todos os c\u00e3es a partir de 8 [&hellip;]<\/p>\n","protected":false},"featured_media":1410784135,"comment_status":"open","ping_status":"closed","template":"","meta":{"googlesitekit_rrm_CAow0N7NCw:productID":"","content-type":"","pmpro_default_level":"","_themeisle_gutenberg_block_has_review":false},"product_brand":[],"product_cat":[269],"product_tag":[],"class_list":{"0":"post-1410784136","1":"product","2":"type-product","3":"status-publish","4":"has-post-thumbnail","6":"product_cat-nexgard","7":"pmpro-has-access","9":"first","10":"outofstock","11":"taxable","12":"shipping-taxable","13":"purchasable","14":"product-type-simple"},"_links":{"self":[{"href":"https:\/\/dinhosreef.com\/en\/wp-json\/wp\/v2\/product\/1410784136","targetHints":{"allow":["GET"]}}],"collection":[{"href":"https:\/\/dinhosreef.com\/en\/wp-json\/wp\/v2\/product"}],"about":[{"href":"https:\/\/dinhosreef.com\/en\/wp-json\/wp\/v2\/types\/product"}],"replies":[{"embeddable":true,"href":"https:\/\/dinhosreef.com\/en\/wp-json\/wp\/v2\/comments?post=1410784136"}],"wp:featuredmedia":[{"embeddable":true,"href":"https:\/\/dinhosreef.com\/en\/wp-json\/wp\/v2\/media\/1410784135"}],"wp:attachment":[{"href":"https:\/\/dinhosreef.com\/en\/wp-json\/wp\/v2\/media?parent=1410784136"}],"wp:term":[{"taxonomy":"product_brand","embeddable":true,"href":"https:\/\/dinhosreef.com\/en\/wp-json\/wp\/v2\/product_brand?post=1410784136"},{"taxonomy":"product_cat","embeddable":true,"href":"https:\/\/dinhosreef.com\/en\/wp-json\/wp\/v2\/product_cat?post=1410784136"},{"taxonomy":"product_tag","embeddable":true,"href":"https:\/\/dinhosreef.com\/en\/wp-json\/wp\/v2\/product_tag?post=1410784136"}],"curies":[{"name":"wp","href":"https:\/\/api.w.org\/{rel}","templated":true}]}}