{"id":1410784146,"date":"2025-06-10T19:46:33","date_gmt":"2025-06-10T22:46:33","guid":{"rendered":"https:\/\/dinhosreef.com\/produto\/antipulgas-e-carrapatos-nexgard-4-a-10kg-com-3-comp-nex-gard\/"},"modified":"2025-12-15T17:08:10","modified_gmt":"2025-12-15T20:08:10","slug":"antipulgas-e-carrapatos-nexgard-4-a-10kg-com-3-comp-nex-gard","status":"publish","type":"product","link":"https:\/\/dinhosreef.com\/en\/product\/antipulgas-e-carrapatos-nexgard-4-a-10kg-com-3-comp-nex-gard\/","title":{"rendered":"Antipulgas E Carrapatos Nexgard 4 A 10kg Com 3 Comp Nex Gard"},"content":{"rendered":"<p>Informa\u00e7\u00f5es<br \/>Pode ser administrado com ou sem alimentos;<br \/>Altamente palat\u00e1vel;<br \/>Prote\u00e7\u00e3o mensal contra pulgas e carrapatos;<br \/>A\u00e7\u00e3o inicia-se em at\u00e9 8h;<br \/>Indicado para c\u00e3es de 4 a 10 kg a partir de 8 semanas de idade.<br \/>PRODUTO ORIGINAL<\/p>\n<p>Antipulgas e Carrapatos NexGard de 4 a 10kg para c\u00e3es<\/p>\n<p>Todos os amantes de pets querem sempre proteger e oferecer o melhor aos animais. No entanto, pode acontecer ao longo da vida a infesta\u00e7\u00e3o por parasit\u00e1rios que incomodam, principalmente em cachorros. Pensando nisso, foi desenvolvido pela Merial o Nexgard 4 a 10kg.<\/p>\n<p>Extremamente eficaz, o antipulgas e carrapatos aparece como a melhor solu\u00e7\u00e3o para retornar o bem-estar dos c\u00e3ezinhos. Mas, como se trata de um medicamento, \u00e9 comum surgir v\u00e1rias d\u00favidas. Para te ajudar, reunimos as principais perguntas e utilizamos a pr\u00f3pria bula do Nexgard 4 a 10kg nas respostas.<\/p>\n<p>Cuidados com o Nexgard 4 a 10kg<\/p>\n<p>Apesar de vir em uma embalagem segura, \u00e9 necess\u00e1rio que o tutor tenha alguns cuidados antes, no momento da aplica\u00e7\u00e3o e depois de utiliz\u00e1-lo. Ap\u00f3s a compra, mantenha-o em um local seco e arejado, com prote\u00e7\u00e3o da luz solar e longe do alcance de crian\u00e7as ou animais.<\/p>\n<p>No momento que for oferecer o comprimido mastig\u00e1vel ao c\u00e3ozinho, fa\u00e7a-o longe de alimentos humanos e evite o contato com regi\u00f5es sens\u00edveis, como os olhos. Lave as m\u00e3os ap\u00f3s a administra\u00e7\u00e3o ao pet. Por fim, ap\u00f3s o uso, fa\u00e7a o descarte correto da embalagem do antipulgas Nexgard para c\u00e3es de 4 a 10kg.<\/p>\n<p>O antipulgas Nexgard 28,3mg tem efeitos colaterais?<\/p>\n<p>Sim. O fabricante sinaliza que \u00e9 poss\u00edvel, de maneira isolada, em poucos c\u00e3es, rea\u00e7\u00f5es que geram v\u00f4mito, pele seca\/escamosa ou irritada, diarreia, letargia e anorexia. Entretanto, n\u00e3o houve sintomas graves, os efeitos colaterais tiveram curta dura\u00e7\u00e3o e foram reduzindo nas doses subsequentes.<\/p>\n<p>Nexgard 4 a 10kg tem contraindica\u00e7\u00e3o?<\/p>\n<p>O antipulgas Nexgard 4 a 10kg n\u00e3o \u00e9 indicado para filhotes que tenham menos de oito semanas de idade e c\u00e3es em reprodu\u00e7\u00e3o, prenhes ou lactantes. A contraindica\u00e7\u00e3o existe pois n\u00e3o houve testes nestes grupos que assegurem o uso do Nexgard.<\/p>\n<p>Ideal para c\u00e3es com peso corp\u00f3reo de 4 a 10kg, o rem\u00e9dio tamb\u00e9m n\u00e3o deve ser administrado em animais com outras faixas de peso. Para garantir a melhor efic\u00e1cia, escolha a combina\u00e7\u00e3o apropriada para o seu pet e em caso de d\u00favidas, recorra ao m\u00e9dico-veterin\u00e1rio.<\/p>\n<p>Qual a efic\u00e1cia do antipulgas Nexgard?<\/p>\n<p>Ap\u00f3s a administra\u00e7\u00e3o completa do comprimido, a a\u00e7\u00e3o \u00e9 r\u00e1pida e eficaz. A prote\u00e7\u00e3o contra pulgas ativas inicia em at\u00e9 8 horas e protege o animal contra os parasit\u00e1rios por um m\u00eas. Al\u00e9m dos parasitas vis\u00edveis, o antipulgas e carrapatos Nexgard para c\u00e3es de 2 a 4 kg evita novos ataques em todo o ciclo de reprodu\u00e7\u00e3o.<\/p>","protected":false},"excerpt":{"rendered":"<p>Informa\u00e7\u00f5esPode ser administrado com ou sem alimentos;Altamente palat\u00e1vel;Prote\u00e7\u00e3o mensal contra pulgas e carrapatos;A\u00e7\u00e3o inicia-se em at\u00e9 8h;Indicado para c\u00e3es de 4 a 10 kg a partir de 8 semanas de idade.PRODUTO ORIGINAL Antipulgas e Carrapatos NexGard de 4 a 10kg para c\u00e3es Todos os amantes de pets querem sempre proteger e oferecer o melhor aos [&hellip;]<\/p>\n","protected":false},"featured_media":1410784145,"comment_status":"open","ping_status":"closed","template":"","meta":{"googlesitekit_rrm_CAow0N7NCw:productID":"","content-type":"","pmpro_default_level":"","_themeisle_gutenberg_block_has_review":false},"product_brand":[],"product_cat":[269],"product_tag":[],"class_list":{"0":"post-1410784146","1":"product","2":"type-product","3":"status-publish","4":"has-post-thumbnail","6":"product_cat-nexgard","7":"pmpro-has-access","9":"first","10":"outofstock","11":"taxable","12":"shipping-taxable","13":"purchasable","14":"product-type-simple"},"_links":{"self":[{"href":"https:\/\/dinhosreef.com\/en\/wp-json\/wp\/v2\/product\/1410784146","targetHints":{"allow":["GET"]}}],"collection":[{"href":"https:\/\/dinhosreef.com\/en\/wp-json\/wp\/v2\/product"}],"about":[{"href":"https:\/\/dinhosreef.com\/en\/wp-json\/wp\/v2\/types\/product"}],"replies":[{"embeddable":true,"href":"https:\/\/dinhosreef.com\/en\/wp-json\/wp\/v2\/comments?post=1410784146"}],"wp:featuredmedia":[{"embeddable":true,"href":"https:\/\/dinhosreef.com\/en\/wp-json\/wp\/v2\/media\/1410784145"}],"wp:attachment":[{"href":"https:\/\/dinhosreef.com\/en\/wp-json\/wp\/v2\/media?parent=1410784146"}],"wp:term":[{"taxonomy":"product_brand","embeddable":true,"href":"https:\/\/dinhosreef.com\/en\/wp-json\/wp\/v2\/product_brand?post=1410784146"},{"taxonomy":"product_cat","embeddable":true,"href":"https:\/\/dinhosreef.com\/en\/wp-json\/wp\/v2\/product_cat?post=1410784146"},{"taxonomy":"product_tag","embeddable":true,"href":"https:\/\/dinhosreef.com\/en\/wp-json\/wp\/v2\/product_tag?post=1410784146"}],"curies":[{"name":"wp","href":"https:\/\/api.w.org\/{rel}","templated":true}]}}