{"id":1410784150,"date":"2025-06-14T21:30:24","date_gmt":"2025-06-15T00:30:24","guid":{"rendered":"https:\/\/dinhosreef.com\/produto\/kit-testes-amonia-toxica-doce-e-nitrito-no2-nh3-alcon-labcon-2\/"},"modified":"2026-04-08T15:47:14","modified_gmt":"2026-04-08T18:47:14","slug":"kit-testes-amonia-toxica-doce-e-nitrito-no2-nh3-alcon-labcon-2","status":"publish","type":"product","link":"https:\/\/dinhosreef.com\/en\/product\/kit-testes-amonia-toxica-doce-e-nitrito-no2-nh3-alcon-labcon-2\/","title":{"rendered":"Kit Testes Am\u00f4nia T\u00f3xica Salgada E Nitrito Alcon Labcon"},"content":{"rendered":"<p>Kit Testes Am\u00f4nia T\u00f3xica Salgada E Nitrito No2 Nh3 Alcon Labcon<\/p>\n<p>NITRITO:<\/p>\n<p>Geralmente n\u00e3o se consegue um perfeito equil\u00edbrio biol\u00f3gico no aqu\u00e1rio, o que resulta em teores elevados destes compostos t\u00f3xicos aos peixes. N\u00edveis elevados de nitrito causam estresse e afetam os gl\u00f3bulos vermelhos do sangue dos peixes, reduzindo sua capacidade respirat\u00f3ria. A \u00e1gua do aqu\u00e1rio sob tais condi\u00e7\u00f5es, por um per\u00edodo prolongado, pode provocar a morte dos peixes por asfixia. Os n\u00edveis de nitrito na \u00e1gua do aqu\u00e1rio devem ser monitorados constantemente.<\/p>\n<p>N\u00edvel adequado de nitrito n\u00e3o significa necessariamente n\u00edvel adequado de seu precursor am\u00f4nia e vice-versa, da\u00ed a necessidade de monitoramento das duas vari\u00e1veis.<\/p>\n<p>AM\u00d4NIA:<\/p>\n<p>Influ\u00eancia da am\u00f4nia sobre os peixes<br \/>N\u00edveis elevados de am\u00f4nia provocam estresse nos peixes, com conseq\u00fcente diminui\u00e7\u00e3o da resist\u00eancia imunol\u00f3gica, danos nas br\u00e2nquias e destrui\u00e7\u00e3o das nadadeiras. A am\u00f4nia interfere na transfer\u00eancia de oxig\u00eanio das br\u00e2nquias para o sangue e, a m\u00e9dio prazo, causa danos \u00e0s pr\u00f3prias br\u00e2nquias. As membranas produtoras de muco podem ser destru\u00eddas, reduzindo a limosidade de cobertura externa e danificando a superf\u00edcie intestinal. Peixes sofrendo de envenenamento por am\u00f4nia geralmente apresentam-se ofegantes, nadando na superf\u00edcie e com comportamento ap\u00e1tico.<\/p>","protected":false},"excerpt":{"rendered":"<p>Kit Testes Am\u00f4nia T\u00f3xica Salgada E Nitrito No2 Nh3 Alcon Labcon NITRITO: Geralmente n\u00e3o se consegue um perfeito equil\u00edbrio biol\u00f3gico no aqu\u00e1rio, o que resulta em teores elevados destes compostos t\u00f3xicos aos peixes. N\u00edveis elevados de nitrito causam estresse e afetam os gl\u00f3bulos vermelhos do sangue dos peixes, reduzindo sua capacidade respirat\u00f3ria. A \u00e1gua do [&hellip;]<\/p>\n","protected":false},"featured_media":1410784149,"comment_status":"open","ping_status":"closed","template":"","meta":{"googlesitekit_rrm_CAow0N7NCw:productID":"","content-type":"","pmpro_default_level":"","_themeisle_gutenberg_block_has_review":false},"product_brand":[332],"product_cat":[47,425],"product_tag":[],"class_list":{"0":"post-1410784150","1":"product","2":"type-product","3":"status-publish","4":"has-post-thumbnail","6":"product_brand-alcon","7":"product_cat-condicionadores-de-agua","8":"product_cat-framacia-aquarios","9":"pmpro-has-access","11":"first","12":"instock","13":"taxable","14":"shipping-taxable","15":"purchasable","16":"product-type-simple"},"_links":{"self":[{"href":"https:\/\/dinhosreef.com\/en\/wp-json\/wp\/v2\/product\/1410784150","targetHints":{"allow":["GET"]}}],"collection":[{"href":"https:\/\/dinhosreef.com\/en\/wp-json\/wp\/v2\/product"}],"about":[{"href":"https:\/\/dinhosreef.com\/en\/wp-json\/wp\/v2\/types\/product"}],"replies":[{"embeddable":true,"href":"https:\/\/dinhosreef.com\/en\/wp-json\/wp\/v2\/comments?post=1410784150"}],"wp:featuredmedia":[{"embeddable":true,"href":"https:\/\/dinhosreef.com\/en\/wp-json\/wp\/v2\/media\/1410784149"}],"wp:attachment":[{"href":"https:\/\/dinhosreef.com\/en\/wp-json\/wp\/v2\/media?parent=1410784150"}],"wp:term":[{"taxonomy":"product_brand","embeddable":true,"href":"https:\/\/dinhosreef.com\/en\/wp-json\/wp\/v2\/product_brand?post=1410784150"},{"taxonomy":"product_cat","embeddable":true,"href":"https:\/\/dinhosreef.com\/en\/wp-json\/wp\/v2\/product_cat?post=1410784150"},{"taxonomy":"product_tag","embeddable":true,"href":"https:\/\/dinhosreef.com\/en\/wp-json\/wp\/v2\/product_tag?post=1410784150"}],"curies":[{"name":"wp","href":"https:\/\/api.w.org\/{rel}","templated":true}]}}