{"id":1410784152,"date":"2025-06-20T13:53:35","date_gmt":"2025-06-20T16:53:35","guid":{"rendered":"https:\/\/dinhosreef.com\/produto\/discus-buffer-50g-seachem\/"},"modified":"2026-02-02T14:51:41","modified_gmt":"2026-02-02T17:51:41","slug":"discus-buffer-50g-seachem","status":"publish","type":"product","link":"https:\/\/dinhosreef.com\/en\/product\/discus-buffer-50g-seachem\/","title":{"rendered":"DISCUS BUFFER 50G  &#8211;  SEACHEM"},"content":{"rendered":"<p>Discus Buffer ajusta o pH entre 5.8\u20136.8.<br \/>Ajuda a reproduzir o ambiente ideal dos discos, tamb\u00e9m ir\u00e1 \u201camolecer\u201d a \u00e1gua dos discos.<br \/>\u00a0<br \/>PRINCIPAIS CARACTER\u00cdSTICAS:<br \/>&#8211; Elimina a sujeira rapidamente e de forma segura;<br \/>&#8211; Ajuda a melhorar a transpar\u00eancia da \u00e1gua;<br \/>&#8211; \u00c1gua doce e salgada;<br \/>&#8211; Natural e org\u00e2nico.<br \/>\u00a0<br \/>MODO DE USAR:<br \/>Use uma colher de ch\u00e1 rasa (7 g) para cada 40\u201380 l diariamente at\u00e9 que o pH desejado seja alcan\u00e7ado.<br \/>Depois disso, use uma vez por m\u00eas ou a cada troca de \u00e1gua, conforme necess\u00e1rio para manter o pH.<br \/>\u00a0<br \/>Embalagem \u2013 50 g (Trata at\u00e9 600 litros de \u00e1gua)<\/p>","protected":false},"excerpt":{"rendered":"<p>Discus Buffer ajusta o pH entre 5.8\u20136.8.Ajuda a reproduzir o ambiente ideal dos discos, tamb\u00e9m ir\u00e1 \u201camolecer\u201d a \u00e1gua dos discos.\u00a0PRINCIPAIS CARACTER\u00cdSTICAS:&#8211; Elimina a sujeira rapidamente e de forma segura;&#8211; Ajuda a melhorar a transpar\u00eancia da \u00e1gua;&#8211; \u00c1gua doce e salgada;&#8211; Natural e org\u00e2nico.\u00a0MODO DE USAR:Use uma colher de ch\u00e1 rasa (7 g) para cada [&hellip;]<\/p>\n","protected":false},"featured_media":1410784151,"comment_status":"open","ping_status":"closed","template":"","meta":{"googlesitekit_rrm_CAow0N7NCw:productID":"","content-type":"","pmpro_default_level":"","_themeisle_gutenberg_block_has_review":false},"product_brand":[402],"product_cat":[47],"product_tag":[],"class_list":{"0":"post-1410784152","1":"product","2":"type-product","3":"status-publish","4":"has-post-thumbnail","6":"product_brand-seachem","7":"product_cat-condicionadores-de-agua","8":"pmpro-has-access","10":"first","11":"instock","12":"taxable","13":"shipping-taxable","14":"purchasable","15":"product-type-simple"},"_links":{"self":[{"href":"https:\/\/dinhosreef.com\/en\/wp-json\/wp\/v2\/product\/1410784152","targetHints":{"allow":["GET"]}}],"collection":[{"href":"https:\/\/dinhosreef.com\/en\/wp-json\/wp\/v2\/product"}],"about":[{"href":"https:\/\/dinhosreef.com\/en\/wp-json\/wp\/v2\/types\/product"}],"replies":[{"embeddable":true,"href":"https:\/\/dinhosreef.com\/en\/wp-json\/wp\/v2\/comments?post=1410784152"}],"wp:featuredmedia":[{"embeddable":true,"href":"https:\/\/dinhosreef.com\/en\/wp-json\/wp\/v2\/media\/1410784151"}],"wp:attachment":[{"href":"https:\/\/dinhosreef.com\/en\/wp-json\/wp\/v2\/media?parent=1410784152"}],"wp:term":[{"taxonomy":"product_brand","embeddable":true,"href":"https:\/\/dinhosreef.com\/en\/wp-json\/wp\/v2\/product_brand?post=1410784152"},{"taxonomy":"product_cat","embeddable":true,"href":"https:\/\/dinhosreef.com\/en\/wp-json\/wp\/v2\/product_cat?post=1410784152"},{"taxonomy":"product_tag","embeddable":true,"href":"https:\/\/dinhosreef.com\/en\/wp-json\/wp\/v2\/product_tag?post=1410784152"}],"curies":[{"name":"wp","href":"https:\/\/api.w.org\/{rel}","templated":true}]}}