{"id":1410784157,"date":"2025-06-24T10:04:27","date_gmt":"2025-06-24T13:04:27","guid":{"rendered":"https:\/\/dinhosreef.com\/produto\/quatree-life-adultos-rmg-15kg\/"},"modified":"2026-04-14T11:47:02","modified_gmt":"2026-04-14T14:47:02","slug":"quatree-life-adultos-rmg-15kg","status":"publish","type":"product","link":"https:\/\/dinhosreef.com\/en\/product\/quatree-life-adultos-rmg-15kg\/","title":{"rendered":"QUATREE LIFE ADULTOS RMG 15KG"},"content":{"rendered":"<h2 class=\"ui-pdp-description__title\" data-testid=\"title\">Descri\u00e7\u00e3o<\/h2>\n<p class=\"ui-pdp-description__content\" data-testid=\"content\">&#8220;Descri\u00e7\u00e3o<br \/>\nRa\u00e7\u00e3o Quatree Life Adultos Sem Transg\u00eanicos RMG 15kg<\/p>\n<p>Quatree Life Adultos Ra\u00e7as M\u00e9dias e Grandes \u00e9 um alimento Premium Especial que n\u00e3o cont\u00e9m corantes, aromas e conservantes artificiais. Livre de transg\u00eanicos. Formulado com ingredientes naturais, proporciona uma alimenta\u00e7\u00e3o completa e mais saud\u00e1vel para o seu c\u00e3o.Cont\u00e9m fibras funcionais naturais e prebi\u00f3ticos, importantes para o perfeito funcionamento intestinal, com volume e odor de fezes reduzidos. Rico em prote\u00ednas de alta palatabilidade, cereais, vitaminas e minerais.<\/p>\n<p>COMPOSI\u00c7\u00c3O B\u00c1SICA DO PRODUTO: Farinha de V\u00edsceras de Frango (m\u00edn. 12%), Arroz Quebrado (m\u00edn. 45%), Prote\u00edna Isolada de Su\u00edno (Farinha de Torresmo), Gordura Animal Estabilizada, Polpa de Beterraba (m\u00edn. 1%), \u00d3leo de Linha\u00e7a, Levedura Seca de Cervejaria, Cloreto de S\u00f3dio, Cloreto de Pot\u00e1ssio, Glucanos, Hidrolisado L\u00edquido de F\u00edgado de Frango e Su\u00edno, Prebi\u00f3ticos (Mananoligossacar\u00eddeo), Extrato de Yucca (m\u00edn. 0,025%), Extrato de Alecrim (m\u00edn. 0,001%), \u00c1cido C\u00edtrico (m\u00edn. 0,002%), Tocoferol (m\u00edn. 0,09%), \u00c1cido Propi\u00f4nico, Vitaminas (A, D3, E, K, C, B1, B2, B6, B12, \u00c1cido Pantot\u00eanico, \u00c1cido F\u00f3lico, Niacina, Biotina, Cloreto de Colina), Minerais (Sulfato de Zinco, Sulfato Ferroso, Sulfato de Mangan\u00eas, Iodato de C\u00e1lcio, Selenito de S\u00f3dio), Minerais Quelatados (Mangan\u00eas, Sel\u00eanio, Zinco)<\/p>\n<p>N\u00cdVEIS DE GARANTIA<\/p>\n<p>Prote\u00edna Bruta (m\u00edn.) 230g\/kg 23,00%<br \/>\nExtrato Et\u00e9reo (m\u00edn.) 120g\/kg 12,00%<br \/>\nMat\u00e9ria Fibrosa (m\u00e1x.) 30g\/kg 3,00%<br \/>\nMat\u00e9ria Mineral (m\u00e1x.) 80g\/kg 8,00%<br \/>\nC\u00e1lcio (m\u00edn.) 8.0000mg\/kg 0,80%<br \/>\nC\u00e1lcio (m\u00e1x.) 16.000mg\/kg 1,60%<br \/>\nF\u00f3sforo (m\u00edn.) 7.000mg\/kg 0,70%<br \/>\nS\u00f3dio (m\u00edn.) 3.000mg\/kg 0,30%<br \/>\nPot\u00e1ssio(m\u00edn.) 5.000mg\/kg 0,50%<br \/>\n\u00c1cido Linoleico \/ \u00d4mega 6 (m\u00edn.) 18.000mg\/kg 1,80%<br \/>\n\u00c1cido Linol\u00eanico \/ \u00d4mega 3 (m\u00edn.) 1.500mg\/kg 0,15%<br \/>\nMananoligossacar\u00eddeo (m\u00edn.) 1.000mg\/kg 0,10%<br \/>\nUmidade (m\u00e1x.) 100g\/kg 10,00%&#8221;<\/p>","protected":false},"excerpt":{"rendered":"<p>Descri\u00e7\u00e3o &#8220;Descri\u00e7\u00e3o Ra\u00e7\u00e3o Quatree Life Adultos Sem Transg\u00eanicos RMG 15kg Quatree Life Adultos Ra\u00e7as M\u00e9dias e Grandes \u00e9 um alimento Premium Especial que n\u00e3o cont\u00e9m corantes, aromas e conservantes artificiais. Livre de transg\u00eanicos. Formulado com ingredientes naturais, proporciona uma alimenta\u00e7\u00e3o completa e mais saud\u00e1vel para o seu c\u00e3o.Cont\u00e9m fibras funcionais naturais e prebi\u00f3ticos, importantes para [&hellip;]<\/p>\n","protected":false},"featured_media":1410784156,"comment_status":"open","ping_status":"closed","template":"","meta":{"googlesitekit_rrm_CAow0N7NCw:productID":"","content-type":"","pmpro_default_level":"","_themeisle_gutenberg_block_has_review":false},"product_brand":[336],"product_cat":[259],"product_tag":[],"class_list":{"0":"post-1410784157","1":"product","2":"type-product","3":"status-publish","4":"has-post-thumbnail","6":"product_brand-quatree","7":"product_cat-racoes-alimento-petisco-e-suplemento-caes","8":"pmpro-has-access","10":"first","11":"outofstock","12":"taxable","13":"shipping-taxable","14":"purchasable","15":"product-type-simple"},"_links":{"self":[{"href":"https:\/\/dinhosreef.com\/en\/wp-json\/wp\/v2\/product\/1410784157","targetHints":{"allow":["GET"]}}],"collection":[{"href":"https:\/\/dinhosreef.com\/en\/wp-json\/wp\/v2\/product"}],"about":[{"href":"https:\/\/dinhosreef.com\/en\/wp-json\/wp\/v2\/types\/product"}],"replies":[{"embeddable":true,"href":"https:\/\/dinhosreef.com\/en\/wp-json\/wp\/v2\/comments?post=1410784157"}],"wp:featuredmedia":[{"embeddable":true,"href":"https:\/\/dinhosreef.com\/en\/wp-json\/wp\/v2\/media\/1410784156"}],"wp:attachment":[{"href":"https:\/\/dinhosreef.com\/en\/wp-json\/wp\/v2\/media?parent=1410784157"}],"wp:term":[{"taxonomy":"product_brand","embeddable":true,"href":"https:\/\/dinhosreef.com\/en\/wp-json\/wp\/v2\/product_brand?post=1410784157"},{"taxonomy":"product_cat","embeddable":true,"href":"https:\/\/dinhosreef.com\/en\/wp-json\/wp\/v2\/product_cat?post=1410784157"},{"taxonomy":"product_tag","embeddable":true,"href":"https:\/\/dinhosreef.com\/en\/wp-json\/wp\/v2\/product_tag?post=1410784157"}],"curies":[{"name":"wp","href":"https:\/\/api.w.org\/{rel}","templated":true}]}}