{"id":1410784170,"date":"2025-06-24T12:18:06","date_gmt":"2025-06-24T15:18:06","guid":{"rendered":"https:\/\/dinhosreef.com\/produto\/love-cat-mix-cereais-corante-natural-1kg\/"},"modified":"2026-05-09T10:29:07","modified_gmt":"2026-05-09T13:29:07","slug":"love-cat-mix-cereais-corante-natural-1kg","status":"publish","type":"product","link":"https:\/\/dinhosreef.com\/en\/product\/love-cat-mix-cereais-corante-natural-1kg\/","title":{"rendered":"LOVE CAT MIX CEREAIS CORANTE NATURAL 1KG"},"content":{"rendered":"<p>LOVE CAT PREMUIM \u00e9 um alimento completo de excelente palatabilidade e digestibilidade. Proporciona aos gatos adultos e em manuten\u00e7\u00e3o os nutrientes necess\u00e1rios, para que estejam sempre bem nutridos e saud\u00e1veis. COMPOSI\u00c7\u00c3O BASICA:Milho Integral*, Farinha de Carne, Farelo de Trigo, Calc\u00e1rio, Sal Comum, Farinha de V\u00edsceras de Frango, Farinha de Peixe, Hidrolizado de Aves, \u00d3leo de Frango, \u00d3leo de Peixe, Levedura Autolisada de Cana-de-a\u00e7\u00facar, Gl\u00faten de Milho 60%*, Cloreto de Colina, OL Metionina, Taurina, Vitamina A, Vitamina D3, Vitamina E, Vitamina K, Vitamina B1(Tiamina), Vitamina B2 (Riboflavina), Vitamina B6, Vitamina B12, Pantotenato de C\u00e1lcio, Biotina, Niacina, Sulfato de Cobre, lodadto de C\u00e1lcio, Sel\u00eanito de S\u00f3dio, Sulfato de Mangan\u00eas, \u00d3xido de Zinco, Sulfato de Ferro, BHT\/BHA, Propionato deC\u00e1lcio.<\/p>","protected":false},"excerpt":{"rendered":"<p>LOVE CAT PREMUIM \u00e9 um alimento completo de excelente palatabilidade e digestibilidade. Proporciona aos gatos adultos e em manuten\u00e7\u00e3o os nutrientes necess\u00e1rios, para que estejam sempre bem nutridos e saud\u00e1veis. COMPOSI\u00c7\u00c3O BASICA:Milho Integral*, Farinha de Carne, Farelo de Trigo, Calc\u00e1rio, Sal Comum, Farinha de V\u00edsceras de Frango, Farinha de Peixe, Hidrolizado de Aves, \u00d3leo de [&hellip;]<\/p>\n","protected":false},"featured_media":1410784169,"comment_status":"open","ping_status":"closed","template":"","meta":{"googlesitekit_rrm_CAow0N7NCw:productID":"","content-type":"","pmpro_default_level":"","_themeisle_gutenberg_block_has_review":false},"product_brand":[],"product_cat":[256],"product_tag":[],"class_list":{"0":"post-1410784170","1":"product","2":"type-product","3":"status-publish","4":"has-post-thumbnail","6":"product_cat-racoes","7":"pmpro-has-access","9":"first","10":"instock","11":"taxable","12":"shipping-taxable","13":"purchasable","14":"product-type-simple"},"_links":{"self":[{"href":"https:\/\/dinhosreef.com\/en\/wp-json\/wp\/v2\/product\/1410784170","targetHints":{"allow":["GET"]}}],"collection":[{"href":"https:\/\/dinhosreef.com\/en\/wp-json\/wp\/v2\/product"}],"about":[{"href":"https:\/\/dinhosreef.com\/en\/wp-json\/wp\/v2\/types\/product"}],"replies":[{"embeddable":true,"href":"https:\/\/dinhosreef.com\/en\/wp-json\/wp\/v2\/comments?post=1410784170"}],"wp:featuredmedia":[{"embeddable":true,"href":"https:\/\/dinhosreef.com\/en\/wp-json\/wp\/v2\/media\/1410784169"}],"wp:attachment":[{"href":"https:\/\/dinhosreef.com\/en\/wp-json\/wp\/v2\/media?parent=1410784170"}],"wp:term":[{"taxonomy":"product_brand","embeddable":true,"href":"https:\/\/dinhosreef.com\/en\/wp-json\/wp\/v2\/product_brand?post=1410784170"},{"taxonomy":"product_cat","embeddable":true,"href":"https:\/\/dinhosreef.com\/en\/wp-json\/wp\/v2\/product_cat?post=1410784170"},{"taxonomy":"product_tag","embeddable":true,"href":"https:\/\/dinhosreef.com\/en\/wp-json\/wp\/v2\/product_tag?post=1410784170"}],"curies":[{"name":"wp","href":"https:\/\/api.w.org\/{rel}","templated":true}]}}