{"id":1410784174,"date":"2025-06-24T12:18:25","date_gmt":"2025-06-24T15:18:25","guid":{"rendered":"https:\/\/dinhosreef.com\/produto\/love-cat-castrado-10-1-kg\/"},"modified":"2025-11-24T10:21:01","modified_gmt":"2025-11-24T13:21:01","slug":"love-cat-castrado-10-1-kg","status":"publish","type":"product","link":"https:\/\/dinhosreef.com\/en\/product\/love-cat-castrado-10-1-kg\/","title":{"rendered":"LOVE CAT CASTRADO 10.1 KG"},"content":{"rendered":"<div class=\"product-detail page-product__detail\">\n<section class=\"I_DV_3\">\n<div class=\"Gf4Ro0\">\n<div class=\"e8lZp3\">\n<p class=\"QN2lPu\">LOVE CAT ADULTO CASTRADOS PREMIUM \u00e9 um alimento completo de excelente palatabilidade e digestibilidade. Proporciona aos gatos adultos e em manuten\u00e7\u00e3o os nutrientes necess\u00e1rios, para que estejam sempre bem nutridos e saud\u00e1veis. ### Composi\u00e7\u00e3o B\u00e1sica: &#8211; Milho Integral* &#8211; Farinha de Carne &#8211; Farelo de Trigo &#8211; Calc\u00e1rio &#8211; Sal Comum &#8211; Farinha de V\u00edsceras de Frango &#8211; Farinha de Peixe &#8211; Hidrolizado de Aves &#8211; \u00d3leo de Frango &#8211; \u00d3leo de Peixe &#8211; Levedura Autolisada de Cana-de-a\u00e7\u00facar &#8211; Gl\u00faten de Milho 60%* &#8211; Cloreto de Colina &#8211; DL Metionina &#8211; Taurina &#8211; Vitamina A &#8211; Vitamina D3 &#8211; Vitamina E &#8211; Vitamina K &#8211; Vitamina B1 (Tiamina) &#8211; Vitamina B2 (Riboflavina) &#8211; Vitamina B6 &#8211; Vitamina B12 &#8211; Pantotenato de C\u00e1lcio &#8211; Biotina &#8211; Niacina &#8211; Sulfato de Cobre &#8211; Iodato de C\u00e1lcio &#8211; Sel\u00eanio de S\u00f3dio &#8211; Sulfato de Mangan\u00eas &#8211; \u00d3xido de Zinco &#8211; Sulfato de Ferro &#8211; BHT\/BHA &#8211; Propionato de C\u00e1lcio &#8211; MOS ### N\u00edveis de Garantia por Kg: &#8211; **Prote\u00edna Bruta (m\u00ednimo)**: 300g\/Kg &#8211; **Extrato Et\u00e9reo (m\u00ednimo)**: 70g\/Kg &#8211; **C\u00e1lcio (m\u00e1ximo)**: 18g\/Kg &#8211; **C\u00e1lcio (m\u00ednimo)**: 11g\/Kg &#8211; **Cloro (m\u00ednimo)**: 4.500 mg\/Kg &#8211; **F\u00f3sforo (m\u00ednimo)**: 6.000 mg\/Kg &#8211; **L-Carnitina (m\u00ednimo)**: 100 mg\/Kg &#8211; **Lisina (m\u00ednimo)**: 14g\/Kg &#8211; **Mat\u00e9ria Fibrosa (m\u00e1xima)**: 40g\/Kg &#8211; **Mat\u00e9ria Mineral (m\u00e1xima)**: 85g\/Kg &#8211; **Metionina (m\u00ednimo)**: 6.000 mg\/Kg &#8211; **S\u00f3dio (m\u00ednimo)**: 2.800 mg\/Kg &#8211; **Taurina (m\u00ednimo)**: 1.000 mg\/Kg &#8211; **\u00c1cido Graxo \u00d4mega 6 (m\u00ednimo)**: 18mg\/Kg &#8211; **\u00c1cido Graxo \u00d4mega 3 (m\u00ednimo)**: 1.100mg\/Kg &#8211; **Umidade (m\u00e1xima)**: 100g\/Kg<\/p>\n<\/p><\/div>\n<\/p><\/div>\n<\/section><\/div>\n<div>\n<div class=\"Q4TGvu\">\n<div class=\"haerxL\">\n<div class=\"fdGpXY\">\u00a0<\/div>\n<\/p><\/div>\n<\/p><\/div>\n<\/p><\/div>","protected":false},"excerpt":{"rendered":"<p>LOVE CAT ADULTO CASTRADOS PREMIUM \u00e9 um alimento completo de excelente palatabilidade e digestibilidade. Proporciona aos gatos adultos e em manuten\u00e7\u00e3o os nutrientes necess\u00e1rios, para que estejam sempre bem nutridos e saud\u00e1veis. ### Composi\u00e7\u00e3o B\u00e1sica: &#8211; Milho Integral* &#8211; Farinha de Carne &#8211; Farelo de Trigo &#8211; Calc\u00e1rio &#8211; Sal Comum &#8211; Farinha de V\u00edsceras [&hellip;]<\/p>\n","protected":false},"featured_media":1410784173,"comment_status":"open","ping_status":"closed","template":"","meta":{"googlesitekit_rrm_CAow0N7NCw:productID":"","content-type":"","pmpro_default_level":"","_themeisle_gutenberg_block_has_review":false},"product_brand":[],"product_cat":[256],"product_tag":[],"class_list":{"0":"post-1410784174","1":"product","2":"type-product","3":"status-publish","4":"has-post-thumbnail","6":"product_cat-racoes","7":"pmpro-has-access","9":"first","10":"outofstock","11":"taxable","12":"shipping-taxable","13":"purchasable","14":"product-type-simple"},"_links":{"self":[{"href":"https:\/\/dinhosreef.com\/en\/wp-json\/wp\/v2\/product\/1410784174","targetHints":{"allow":["GET"]}}],"collection":[{"href":"https:\/\/dinhosreef.com\/en\/wp-json\/wp\/v2\/product"}],"about":[{"href":"https:\/\/dinhosreef.com\/en\/wp-json\/wp\/v2\/types\/product"}],"replies":[{"embeddable":true,"href":"https:\/\/dinhosreef.com\/en\/wp-json\/wp\/v2\/comments?post=1410784174"}],"wp:featuredmedia":[{"embeddable":true,"href":"https:\/\/dinhosreef.com\/en\/wp-json\/wp\/v2\/media\/1410784173"}],"wp:attachment":[{"href":"https:\/\/dinhosreef.com\/en\/wp-json\/wp\/v2\/media?parent=1410784174"}],"wp:term":[{"taxonomy":"product_brand","embeddable":true,"href":"https:\/\/dinhosreef.com\/en\/wp-json\/wp\/v2\/product_brand?post=1410784174"},{"taxonomy":"product_cat","embeddable":true,"href":"https:\/\/dinhosreef.com\/en\/wp-json\/wp\/v2\/product_cat?post=1410784174"},{"taxonomy":"product_tag","embeddable":true,"href":"https:\/\/dinhosreef.com\/en\/wp-json\/wp\/v2\/product_tag?post=1410784174"}],"curies":[{"name":"wp","href":"https:\/\/api.w.org\/{rel}","templated":true}]}}