{"id":1410784184,"date":"2025-06-24T17:02:33","date_gmt":"2025-06-24T20:02:33","guid":{"rendered":"https:\/\/dinhosreef.com\/produto\/tapete-higienico-para-caes-treinepet-petmais-50-unidades\/"},"modified":"2026-04-17T14:26:06","modified_gmt":"2026-04-17T17:26:06","slug":"tapete-higienico-para-caes-treinepet-petmais-50-unidades","status":"publish","type":"product","link":"https:\/\/dinhosreef.com\/en\/product\/tapete-higienico-para-caes-treinepet-petmais-50-unidades\/","title":{"rendered":"Tapete Higi\u00eanico Para C\u00e3es TreinePet Petmais \u2013 50 Unidades"},"content":{"rendered":"<h2 class=\"ui-pdp-description__title\" data-testid=\"title\">Descri\u00e7\u00e3o<\/h2>\n<p class=\"ui-pdp-description__content\" data-testid=\"content\">Tapete Higi\u00eanico Treine Pet &#8211; 55&#215;60 50 Unidades.<\/p>\n<p>Descri\u00e7\u00e3o<br \/>O Tapete Higi\u00eanico Petmais Treinepet para C\u00e3es \u00e9 uma \u00f3tima op\u00e7\u00e3o para o dia a dia dos pets. Com excelente rela\u00e7\u00e3o custo-benef\u00edcio, possui atrativo canino que auxilia no adestramento, incentivando o uso do tapete pelo animal. O gel super absorvente garante uma absor\u00e7\u00e3o r\u00e1pida e eficiente, neutralizando odores indesejados. Seu design inteligente distribui a urina para facilitar a absor\u00e7\u00e3o e evitar que o c\u00e3o molhe as patas. As bordas laterais s\u00e3o projetadas para prevenir vazamentos e as fitas adesivas mant\u00eam o tapete fixo no local escolhido.<\/p>\n<p>&#8211; Rela\u00e7\u00e3o custo-benef\u00edcio vantajosa;<br \/>&#8211; Auxilia no adestramento do c\u00e3o;<br \/>&#8211; Neutraliza odores;<br \/>&#8211; Evita que as patas fiquem \u00famidas;<br \/>&#8211; Fitas adesivas para fixa\u00e7\u00e3o;<br \/>&#8211; Indicado para todas as ra\u00e7as e idades;<br \/>&#8211; Dimens\u00f5es: 55&#215;60 cm.<\/p>\n<p>Instru\u00e7\u00f5es para adestramento: Para ensinar filhotes e c\u00e3es que n\u00e3o est\u00e3o habituados com tapetes higi\u00eanicos, comece cobrindo uma \u00e1rea ampla e v\u00e1 removendo um tapete por dia at\u00e9 que reste apenas um. Coloque o tapete com o lado pl\u00e1stico para baixo, longe da \u00e1gua e comida do pet. Para machos adultos, posicione o tapete na parede e no ch\u00e3o em um \u00e2ngulo de 90\u00ba. Para f\u00eameas e filhotes, fixe apenas no ch\u00e3o. Utilize as fitas adesivas para melhor fixa\u00e7\u00e3o. Nos primeiros dias, leve o c\u00e3o at\u00e9 o tapete frequentemente para que ele detecte o atrativo canino. Durante a fase de adapta\u00e7\u00e3o, recompense o c\u00e3o quando ele usar o tapete corretamente. Se o pet urinar em outro local, direcione-o imediatamente para o tapete. Com consist\u00eancia, ele adquirir\u00e1 o h\u00e1bito de usar o tapete higi\u00eanico.<\/p>","protected":false},"excerpt":{"rendered":"<p>Descri\u00e7\u00e3o Tapete Higi\u00eanico Treine Pet &#8211; 55&#215;60 50 Unidades. Descri\u00e7\u00e3oO Tapete Higi\u00eanico Petmais Treinepet para C\u00e3es \u00e9 uma \u00f3tima op\u00e7\u00e3o para o dia a dia dos pets. Com excelente rela\u00e7\u00e3o custo-benef\u00edcio, possui atrativo canino que auxilia no adestramento, incentivando o uso do tapete pelo animal. O gel super absorvente garante uma absor\u00e7\u00e3o r\u00e1pida e eficiente, [&hellip;]<\/p>\n","protected":false},"featured_media":1410784183,"comment_status":"open","ping_status":"closed","template":"","meta":{"googlesitekit_rrm_CAow0N7NCw:productID":"","content-type":"","pmpro_default_level":"","_themeisle_gutenberg_block_has_review":false},"product_brand":[],"product_cat":[267],"product_tag":[],"class_list":{"0":"post-1410784184","1":"product","2":"type-product","3":"status-publish","4":"has-post-thumbnail","6":"product_cat-higiene-e-limpeza","7":"pmpro-has-access","9":"first","10":"outofstock","11":"taxable","12":"shipping-taxable","13":"purchasable","14":"product-type-simple"},"_links":{"self":[{"href":"https:\/\/dinhosreef.com\/en\/wp-json\/wp\/v2\/product\/1410784184","targetHints":{"allow":["GET"]}}],"collection":[{"href":"https:\/\/dinhosreef.com\/en\/wp-json\/wp\/v2\/product"}],"about":[{"href":"https:\/\/dinhosreef.com\/en\/wp-json\/wp\/v2\/types\/product"}],"replies":[{"embeddable":true,"href":"https:\/\/dinhosreef.com\/en\/wp-json\/wp\/v2\/comments?post=1410784184"}],"wp:featuredmedia":[{"embeddable":true,"href":"https:\/\/dinhosreef.com\/en\/wp-json\/wp\/v2\/media\/1410784183"}],"wp:attachment":[{"href":"https:\/\/dinhosreef.com\/en\/wp-json\/wp\/v2\/media?parent=1410784184"}],"wp:term":[{"taxonomy":"product_brand","embeddable":true,"href":"https:\/\/dinhosreef.com\/en\/wp-json\/wp\/v2\/product_brand?post=1410784184"},{"taxonomy":"product_cat","embeddable":true,"href":"https:\/\/dinhosreef.com\/en\/wp-json\/wp\/v2\/product_cat?post=1410784184"},{"taxonomy":"product_tag","embeddable":true,"href":"https:\/\/dinhosreef.com\/en\/wp-json\/wp\/v2\/product_tag?post=1410784184"}],"curies":[{"name":"wp","href":"https:\/\/api.w.org\/{rel}","templated":true}]}}