{"id":1410784188,"date":"2025-06-24T17:07:57","date_gmt":"2025-06-24T20:07:57","guid":{"rendered":"https:\/\/dinhosreef.com\/produto\/tapete-higienico-petmais-treinepet-30-un\/"},"modified":"2026-04-08T12:14:05","modified_gmt":"2026-04-08T15:14:05","slug":"tapete-higienico-petmais-treinepet-30-un","status":"publish","type":"product","link":"https:\/\/dinhosreef.com\/en\/product\/tapete-higienico-petmais-treinepet-30-un\/","title":{"rendered":"TAPETE HIGI\u00caNICO   PETMAIS &#8211; TreinePet 30 un"},"content":{"rendered":"<h2 class=\"sc-dcJsrY iVJGKX\" data-testid=\"product-detail-label\">Informa\u00e7\u00f5es do Produto<\/h2>\n<p><span class=\"sc-dcJsrY jZKEso\" data-testid=\"product-detail-title\">PETMAIS &#8211; TAPETE HIGI\u00caNICO &#8211; TreinePet 30un<\/span><\/p>\n<div class=\"sc-iGgWBj jEOEJZ sc-kfrMjd kYKBas\" data-testid=\"product-detail-description\">\n<div class=\"sc-iGgWBj eWtIHQ sc-cyJUJa iTbzPF\" data-testid=\"rich-content-container\">Tapete Treine Pet<br \/>\u00c9 um tapete para o uso di\u00e1rio, recomendado para c\u00e3es filhotes e de pequeno porte.<br \/>Possui atrativo canino, que auxilia no processo de adestramento, estimulando o c\u00e3o a usar o tapete.<br \/>Com uma \u00e1rea total: 60cm x 55cm e uma \u00e1rea de absor\u00e7\u00e3o: 50cm x 45cm.<br \/>Apresenta\u00e7\u00f5es: pacote com 50 unidades, 30 unidades e 7 unidades.<\/div>\n<\/p><\/div>","protected":false},"excerpt":{"rendered":"<p>Informa\u00e7\u00f5es do Produto PETMAIS &#8211; TAPETE HIGI\u00caNICO &#8211; TreinePet 30un Tapete Treine Pet\u00c9 um tapete para o uso di\u00e1rio, recomendado para c\u00e3es filhotes e de pequeno porte.Possui atrativo canino, que auxilia no processo de adestramento, estimulando o c\u00e3o a usar o tapete.Com uma \u00e1rea total: 60cm x 55cm e uma \u00e1rea de absor\u00e7\u00e3o: 50cm x [&hellip;]<\/p>\n","protected":false},"featured_media":1410784187,"comment_status":"open","ping_status":"closed","template":"","meta":{"googlesitekit_rrm_CAow0N7NCw:productID":"","content-type":"","pmpro_default_level":"","_themeisle_gutenberg_block_has_review":false},"product_brand":[],"product_cat":[267],"product_tag":[],"class_list":{"0":"post-1410784188","1":"product","2":"type-product","3":"status-publish","4":"has-post-thumbnail","6":"product_cat-higiene-e-limpeza","7":"pmpro-has-access","9":"first","10":"instock","11":"taxable","12":"shipping-taxable","13":"purchasable","14":"product-type-simple"},"_links":{"self":[{"href":"https:\/\/dinhosreef.com\/en\/wp-json\/wp\/v2\/product\/1410784188","targetHints":{"allow":["GET"]}}],"collection":[{"href":"https:\/\/dinhosreef.com\/en\/wp-json\/wp\/v2\/product"}],"about":[{"href":"https:\/\/dinhosreef.com\/en\/wp-json\/wp\/v2\/types\/product"}],"replies":[{"embeddable":true,"href":"https:\/\/dinhosreef.com\/en\/wp-json\/wp\/v2\/comments?post=1410784188"}],"wp:featuredmedia":[{"embeddable":true,"href":"https:\/\/dinhosreef.com\/en\/wp-json\/wp\/v2\/media\/1410784187"}],"wp:attachment":[{"href":"https:\/\/dinhosreef.com\/en\/wp-json\/wp\/v2\/media?parent=1410784188"}],"wp:term":[{"taxonomy":"product_brand","embeddable":true,"href":"https:\/\/dinhosreef.com\/en\/wp-json\/wp\/v2\/product_brand?post=1410784188"},{"taxonomy":"product_cat","embeddable":true,"href":"https:\/\/dinhosreef.com\/en\/wp-json\/wp\/v2\/product_cat?post=1410784188"},{"taxonomy":"product_tag","embeddable":true,"href":"https:\/\/dinhosreef.com\/en\/wp-json\/wp\/v2\/product_tag?post=1410784188"}],"curies":[{"name":"wp","href":"https:\/\/api.w.org\/{rel}","templated":true}]}}