{"id":1410784190,"date":"2025-06-24T17:08:02","date_gmt":"2025-06-24T20:08:02","guid":{"rendered":"https:\/\/dinhosreef.com\/produto\/tapete-higienico-duo-dia-7-un\/"},"modified":"2026-05-13T09:24:46","modified_gmt":"2026-05-13T12:24:46","slug":"tapete-higienico-duo-dia-7-un","status":"publish","type":"product","link":"https:\/\/dinhosreef.com\/en\/product\/tapete-higienico-duo-dia-7-un\/","title":{"rendered":"Tapete Higi\u00eanico Duo Dia &#8211; 7 Un"},"content":{"rendered":"<div class=\"single-product-image-wrapper col-12 col-lg-6 col-xl-5\">\n<div class=\"single-product-image hasthumb noslider\">\n<div class=\"woocommerce-product-gallery woocommerce-product-gallery--with-images woocommerce-product-gallery--columns-4 images\" data-columns=\"4\">\n<div class=\"flex-viewport\">\n<div class=\"woocommerce-product-gallery__wrapper\">\u00a0<\/div>\n<\/p><\/div>\n<\/p><\/div>\n<\/p><\/div>\n<\/p><\/div>\n<div class=\"single-product-info-wrapper col-12 col-lg-6 col-xl-7\">\n<div class=\"summary entry-summary single-product-info\">\n<div class=\"product-nav\">\n<div class=\"next-prev\">\n<div class=\"next\">\u00a0<\/div>\n<\/p><\/div>\n<\/p><\/div>\n<h1 class=\"product_title entry-title\">Tapete Duo Dia 85 x 60 cm | PetmaiS<\/h1>\n<div class=\"woocommerce-product-details__short-description\">\n<p>Tapete Duo Dia Petmais (85 x 60 cm)<br \/>Tapete higi\u00eanico super absorvente para c\u00e3es de todas as ra\u00e7as. \u00c1rea de absor\u00e7\u00e3o de 65 x 50 cm, suporta at\u00e9 12 xixis por unidade. Com atrativo canino 2x mais forte, mant\u00e9m as patinhas secas e o ambiente limpo. Feito com celulose de eucalipto sustent\u00e1vel, \u00e9 confort\u00e1vel e ideal para pets que ficam dentro de casa.<\/p>\n<\/p><\/div>\n<\/p><\/div>\n<\/p><\/div>","protected":false},"excerpt":{"rendered":"<p>\u00a0 \u00a0 Tapete Duo Dia 85 x 60 cm | PetmaiS Tapete Duo Dia Petmais (85 x 60 cm)Tapete higi\u00eanico super absorvente para c\u00e3es de todas as ra\u00e7as. \u00c1rea de absor\u00e7\u00e3o de 65 x 50 cm, suporta at\u00e9 12 xixis por unidade. Com atrativo canino 2x mais forte, mant\u00e9m as patinhas secas e o ambiente [&hellip;]<\/p>\n","protected":false},"featured_media":1410784189,"comment_status":"open","ping_status":"closed","template":"","meta":{"googlesitekit_rrm_CAow0N7NCw:productID":"","content-type":"","pmpro_default_level":"","_themeisle_gutenberg_block_has_review":false},"product_brand":[],"product_cat":[267],"product_tag":[],"class_list":{"0":"post-1410784190","1":"product","2":"type-product","3":"status-publish","4":"has-post-thumbnail","6":"product_cat-higiene-e-limpeza","7":"pmpro-has-access","9":"first","10":"instock","11":"taxable","12":"shipping-taxable","13":"purchasable","14":"product-type-simple"},"_links":{"self":[{"href":"https:\/\/dinhosreef.com\/en\/wp-json\/wp\/v2\/product\/1410784190","targetHints":{"allow":["GET"]}}],"collection":[{"href":"https:\/\/dinhosreef.com\/en\/wp-json\/wp\/v2\/product"}],"about":[{"href":"https:\/\/dinhosreef.com\/en\/wp-json\/wp\/v2\/types\/product"}],"replies":[{"embeddable":true,"href":"https:\/\/dinhosreef.com\/en\/wp-json\/wp\/v2\/comments?post=1410784190"}],"wp:featuredmedia":[{"embeddable":true,"href":"https:\/\/dinhosreef.com\/en\/wp-json\/wp\/v2\/media\/1410784189"}],"wp:attachment":[{"href":"https:\/\/dinhosreef.com\/en\/wp-json\/wp\/v2\/media?parent=1410784190"}],"wp:term":[{"taxonomy":"product_brand","embeddable":true,"href":"https:\/\/dinhosreef.com\/en\/wp-json\/wp\/v2\/product_brand?post=1410784190"},{"taxonomy":"product_cat","embeddable":true,"href":"https:\/\/dinhosreef.com\/en\/wp-json\/wp\/v2\/product_cat?post=1410784190"},{"taxonomy":"product_tag","embeddable":true,"href":"https:\/\/dinhosreef.com\/en\/wp-json\/wp\/v2\/product_tag?post=1410784190"}],"curies":[{"name":"wp","href":"https:\/\/api.w.org\/{rel}","templated":true}]}}