{"id":1410784192,"date":"2025-06-24T17:08:09","date_gmt":"2025-06-24T20:08:09","guid":{"rendered":"https:\/\/dinhosreef.com\/produto\/tapete-higienico-duo-dia-30-un\/"},"modified":"2026-02-12T19:36:05","modified_gmt":"2026-02-12T22:36:05","slug":"tapete-higienico-duo-dia-30-un","status":"publish","type":"product","link":"https:\/\/dinhosreef.com\/en\/product\/tapete-higienico-duo-dia-30-un\/","title":{"rendered":"TAPETE HIGIENICO Duo Dia 30 UN"},"content":{"rendered":"<p>O\u00a0<strong>Duo Dia<\/strong> \u00e9 um tapete higi\u00eanico super absorvente, com capacidade para at\u00e9 12 xixis, ideal para manter sua casa limpa e seu pet confort\u00e1vel. Com tecnologia de absor\u00e7\u00e3o r\u00e1pida, ele evita vazamentos e garante uma superf\u00edcie sempre seca, sendo perfeito para uso di\u00e1rio e treinamento de c\u00e3es de todos os portes.<\/p>","protected":false},"excerpt":{"rendered":"<p>O\u00a0Duo Dia \u00e9 um tapete higi\u00eanico super absorvente, com capacidade para at\u00e9 12 xixis, ideal para manter sua casa limpa e seu pet confort\u00e1vel. Com tecnologia de absor\u00e7\u00e3o r\u00e1pida, ele evita vazamentos e garante uma superf\u00edcie sempre seca, sendo perfeito para uso di\u00e1rio e treinamento de c\u00e3es de todos os portes.<\/p>","protected":false},"featured_media":1410784191,"comment_status":"open","ping_status":"closed","template":"","meta":{"googlesitekit_rrm_CAow0N7NCw:productID":"","content-type":"","pmpro_default_level":"","_themeisle_gutenberg_block_has_review":false},"product_brand":[],"product_cat":[267],"product_tag":[],"class_list":{"0":"post-1410784192","1":"product","2":"type-product","3":"status-publish","4":"has-post-thumbnail","6":"product_cat-higiene-e-limpeza","7":"pmpro-has-access","9":"first","10":"outofstock","11":"taxable","12":"shipping-taxable","13":"purchasable","14":"product-type-simple"},"_links":{"self":[{"href":"https:\/\/dinhosreef.com\/en\/wp-json\/wp\/v2\/product\/1410784192","targetHints":{"allow":["GET"]}}],"collection":[{"href":"https:\/\/dinhosreef.com\/en\/wp-json\/wp\/v2\/product"}],"about":[{"href":"https:\/\/dinhosreef.com\/en\/wp-json\/wp\/v2\/types\/product"}],"replies":[{"embeddable":true,"href":"https:\/\/dinhosreef.com\/en\/wp-json\/wp\/v2\/comments?post=1410784192"}],"wp:featuredmedia":[{"embeddable":true,"href":"https:\/\/dinhosreef.com\/en\/wp-json\/wp\/v2\/media\/1410784191"}],"wp:attachment":[{"href":"https:\/\/dinhosreef.com\/en\/wp-json\/wp\/v2\/media?parent=1410784192"}],"wp:term":[{"taxonomy":"product_brand","embeddable":true,"href":"https:\/\/dinhosreef.com\/en\/wp-json\/wp\/v2\/product_brand?post=1410784192"},{"taxonomy":"product_cat","embeddable":true,"href":"https:\/\/dinhosreef.com\/en\/wp-json\/wp\/v2\/product_cat?post=1410784192"},{"taxonomy":"product_tag","embeddable":true,"href":"https:\/\/dinhosreef.com\/en\/wp-json\/wp\/v2\/product_tag?post=1410784192"}],"curies":[{"name":"wp","href":"https:\/\/api.w.org\/{rel}","templated":true}]}}