{"id":1410784194,"date":"2025-06-25T19:03:34","date_gmt":"2025-06-25T22:03:34","guid":{"rendered":"https:\/\/dinhosreef.com\/produto\/quatree-select-adultos-rp-10-1kg\/"},"modified":"2026-02-05T12:12:38","modified_gmt":"2026-02-05T15:12:38","slug":"quatree-select-adultos-rp-10-1kg","status":"publish","type":"product","link":"https:\/\/dinhosreef.com\/en\/product\/quatree-select-adultos-rp-10-1kg\/","title":{"rendered":"QUATREE SELECT ADULTOS RP 10.1KG"},"content":{"rendered":"<h2 class=\"ui-pdp-description__title\" data-testid=\"title\">Descri\u00e7\u00e3o<\/h2>\n<p class=\"ui-pdp-description__content\" data-testid=\"content\">Ra\u00e7\u00e3o Quatree Select Adulto C\u00e3o Ra\u00e7as Pequenas Frango 10,1kg \u00e9 a escolha ideal para cuidar da sa\u00fade e bem-estar do seu c\u00e3ozinho. Formulada especialmente para ra\u00e7as pequenas, essa ra\u00e7\u00e3o seca apresenta um delicioso sabor de frango, que agradar\u00e1 at\u00e9 os paladares mais exigentes. Com 26% de prote\u00edna bruta, fornece a energia necess\u00e1ria para as atividades di\u00e1rias do seu pet.<\/p>\n<p>Al\u00e9m de nutritiva, a Ra\u00e7\u00e3o Quatree Select tamb\u00e9m contribui para a sa\u00fade bucal, ajudando a manter os dentes limpos e fortes. Seus ingredientes selecionados, como arroz e batata-doce, garantem uma digest\u00e3o saud\u00e1vel e equilibrada. Cada por\u00e7\u00e3o \u00e9 rica em prote\u00ednas de origem animal, promovendo um crescimento e desenvolvimento saud\u00e1veis.<\/p>\n<p>Confie na qualidade da marca Granvita e ofere\u00e7a ao seu c\u00e3o a alimenta\u00e7\u00e3o que ele merece. Ra\u00e7\u00e3o Quatree Select \u00e9 mais do que comida, \u00e9 um cuidado especial que demonstra o amor que voc\u00ea sente pelo seu melhor amigo. Escolha o melhor para o seu c\u00e3ozinho e veja a diferen\u00e7a na alegria e sa\u00fade dele.<\/p>\n<p class=\"ui-pdp-description__content\" data-testid=\"content\">","protected":false},"excerpt":{"rendered":"<p>Descri\u00e7\u00e3o Ra\u00e7\u00e3o Quatree Select Adulto C\u00e3o Ra\u00e7as Pequenas Frango 10,1kg \u00e9 a escolha ideal para cuidar da sa\u00fade e bem-estar do seu c\u00e3ozinho. Formulada especialmente para ra\u00e7as pequenas, essa ra\u00e7\u00e3o seca apresenta um delicioso sabor de frango, que agradar\u00e1 at\u00e9 os paladares mais exigentes. Com 26% de prote\u00edna bruta, fornece a energia necess\u00e1ria para as [&hellip;]<\/p>\n","protected":false},"featured_media":1410784193,"comment_status":"open","ping_status":"closed","template":"","meta":{"googlesitekit_rrm_CAow0N7NCw:productID":"","content-type":"","pmpro_default_level":"","_themeisle_gutenberg_block_has_review":false},"product_brand":[336],"product_cat":[259],"product_tag":[],"class_list":{"0":"post-1410784194","1":"product","2":"type-product","3":"status-publish","4":"has-post-thumbnail","6":"product_brand-quatree","7":"product_cat-racoes-alimento-petisco-e-suplemento-caes","8":"pmpro-has-access","10":"first","11":"outofstock","12":"taxable","13":"shipping-taxable","14":"purchasable","15":"product-type-simple"},"_links":{"self":[{"href":"https:\/\/dinhosreef.com\/en\/wp-json\/wp\/v2\/product\/1410784194","targetHints":{"allow":["GET"]}}],"collection":[{"href":"https:\/\/dinhosreef.com\/en\/wp-json\/wp\/v2\/product"}],"about":[{"href":"https:\/\/dinhosreef.com\/en\/wp-json\/wp\/v2\/types\/product"}],"replies":[{"embeddable":true,"href":"https:\/\/dinhosreef.com\/en\/wp-json\/wp\/v2\/comments?post=1410784194"}],"wp:featuredmedia":[{"embeddable":true,"href":"https:\/\/dinhosreef.com\/en\/wp-json\/wp\/v2\/media\/1410784193"}],"wp:attachment":[{"href":"https:\/\/dinhosreef.com\/en\/wp-json\/wp\/v2\/media?parent=1410784194"}],"wp:term":[{"taxonomy":"product_brand","embeddable":true,"href":"https:\/\/dinhosreef.com\/en\/wp-json\/wp\/v2\/product_brand?post=1410784194"},{"taxonomy":"product_cat","embeddable":true,"href":"https:\/\/dinhosreef.com\/en\/wp-json\/wp\/v2\/product_cat?post=1410784194"},{"taxonomy":"product_tag","embeddable":true,"href":"https:\/\/dinhosreef.com\/en\/wp-json\/wp\/v2\/product_tag?post=1410784194"}],"curies":[{"name":"wp","href":"https:\/\/api.w.org\/{rel}","templated":true}]}}