{"id":1410784208,"date":"2025-06-25T19:04:13","date_gmt":"2025-06-25T22:04:13","guid":{"rendered":"https:\/\/dinhosreef.com\/produto\/quatree-life-gatos-castrados-10-1kg\/"},"modified":"2026-03-09T09:59:11","modified_gmt":"2026-03-09T12:59:11","slug":"quatree-life-gatos-castrados-10-1kg","status":"publish","type":"product","link":"https:\/\/dinhosreef.com\/en\/product\/quatree-life-gatos-castrados-10-1kg\/","title":{"rendered":"QUATREE LIFE GATOS CASTRADOS 10.1KG"},"content":{"rendered":"<h2 class=\"ui-pdp-description__title\" data-testid=\"title\">Descri\u00e7\u00e3o<\/h2>\n<p class=\"ui-pdp-description__content\" data-testid=\"content\">A sele\u00e7\u00e3o de um alimento adequado para o seu animal de estima\u00e7\u00e3o \u00e9 muito importante para garantir o seu crescimento, o desenvolvimento e a sa\u00fade. Com esta op\u00e7\u00e3o da Quatree voc\u00ea poder\u00e1 cobrir as necessidades nutricionais e energ\u00e9ticas do seu gato.<\/p>\n<p>Seu animal de estima\u00e7\u00e3o sempre saud\u00e1vel<br \/>\nUma alimenta\u00e7\u00e3o balanceada \u00e9 essencial para que o seu fiel companheiro se mantenha saud\u00e1vel e forte. A dieta do seu gato \u00e9 refletida na sua pelagem, por isso \u00e9 de vital import\u00e2ncia que contenha todos os nutrientes necess\u00e1rios para o seu crescimento. Garanta a energia e a vitalidade do seu amigo para que ele possa correr, pular e jogar o dia todo.<\/p>\n<p>Benef\u00edcios do alimento seco<br \/>\nA maior vantagem do alimento seco para animais de estima\u00e7\u00e3o \u00e9 que ele pode ser armazenado por muito mais tempo sem se deteriorar e evita o aparecimento de fungos ou bact\u00e9rias. Al\u00e9m disso, este tipo de alimento ajuda a remover o t\u00e1rtaro e atrasar a forma\u00e7\u00e3o da placa dent\u00e1ria com o processo de mastiga\u00e7\u00e3o e tritura\u00e7\u00e3o.<\/p>","protected":false},"excerpt":{"rendered":"<p>Descri\u00e7\u00e3o A sele\u00e7\u00e3o de um alimento adequado para o seu animal de estima\u00e7\u00e3o \u00e9 muito importante para garantir o seu crescimento, o desenvolvimento e a sa\u00fade. Com esta op\u00e7\u00e3o da Quatree voc\u00ea poder\u00e1 cobrir as necessidades nutricionais e energ\u00e9ticas do seu gato. Seu animal de estima\u00e7\u00e3o sempre saud\u00e1vel Uma alimenta\u00e7\u00e3o balanceada \u00e9 essencial para que [&hellip;]<\/p>\n","protected":false},"featured_media":1410784207,"comment_status":"open","ping_status":"closed","template":"","meta":{"googlesitekit_rrm_CAow0N7NCw:productID":"","content-type":"","pmpro_default_level":"","_themeisle_gutenberg_block_has_review":false},"product_brand":[336],"product_cat":[256],"product_tag":[],"class_list":{"0":"post-1410784208","1":"product","2":"type-product","3":"status-publish","4":"has-post-thumbnail","6":"product_brand-quatree","7":"product_cat-racoes","8":"pmpro-has-access","10":"first","11":"outofstock","12":"taxable","13":"shipping-taxable","14":"purchasable","15":"product-type-simple"},"_links":{"self":[{"href":"https:\/\/dinhosreef.com\/en\/wp-json\/wp\/v2\/product\/1410784208","targetHints":{"allow":["GET"]}}],"collection":[{"href":"https:\/\/dinhosreef.com\/en\/wp-json\/wp\/v2\/product"}],"about":[{"href":"https:\/\/dinhosreef.com\/en\/wp-json\/wp\/v2\/types\/product"}],"replies":[{"embeddable":true,"href":"https:\/\/dinhosreef.com\/en\/wp-json\/wp\/v2\/comments?post=1410784208"}],"wp:featuredmedia":[{"embeddable":true,"href":"https:\/\/dinhosreef.com\/en\/wp-json\/wp\/v2\/media\/1410784207"}],"wp:attachment":[{"href":"https:\/\/dinhosreef.com\/en\/wp-json\/wp\/v2\/media?parent=1410784208"}],"wp:term":[{"taxonomy":"product_brand","embeddable":true,"href":"https:\/\/dinhosreef.com\/en\/wp-json\/wp\/v2\/product_brand?post=1410784208"},{"taxonomy":"product_cat","embeddable":true,"href":"https:\/\/dinhosreef.com\/en\/wp-json\/wp\/v2\/product_cat?post=1410784208"},{"taxonomy":"product_tag","embeddable":true,"href":"https:\/\/dinhosreef.com\/en\/wp-json\/wp\/v2\/product_tag?post=1410784208"}],"curies":[{"name":"wp","href":"https:\/\/api.w.org\/{rel}","templated":true}]}}