{"id":1410784212,"date":"2025-06-25T19:12:54","date_gmt":"2025-06-25T22:12:54","guid":{"rendered":"https:\/\/dinhosreef.com\/produto\/quatree-select-gatos-castrados-frango-10-1kg\/"},"modified":"2026-04-24T09:47:17","modified_gmt":"2026-04-24T12:47:17","slug":"quatree-select-gatos-castrados-frango-10-1kg","status":"publish","type":"product","link":"https:\/\/dinhosreef.com\/en\/product\/quatree-select-gatos-castrados-frango-10-1kg\/","title":{"rendered":"QUATREE SELECT GATOS CASTRADOS FRANGO 10.1KG"},"content":{"rendered":"<h2 class=\"ui-pdp-description__title\" data-testid=\"title\">Descri\u00e7\u00e3o<\/h2>\n<p class=\"ui-pdp-description__content\" data-testid=\"content\">Ra\u00e7\u00e3o Quatree Select Gatos Castrados Frango e Arroz \u2013 10,1kg<\/p>\n<p>&#8211; Indicado para gatos;<br \/>\n&#8211; Para gatos castrados;<br \/>\n&#8211; Cont\u00e9m \u00d4mega 3 e 6;<br \/>\n&#8211; Controle do pH urin\u00e1rio;<br \/>\n&#8211; Controle do peso ideal.<\/p>\n<p>Quatree Select Gatos Castrados Frango tem controle do pH urin\u00e1rio e equil\u00edbrio dos minerais que auxiliam na sa\u00fade do trato urin\u00e1rio. Sua f\u00f3rmula com batata doce promove mais energia e saciedade.<\/p>\n<p>Com altos n\u00edveis de \u00f4mega 3 e 6, mant\u00e9m a sa\u00fade da pele e pelagem, e ainda possui fibras especiais que auxiliam na elimina\u00e7\u00e3o natural da bola de pelo.<\/p>\n<p>Possui L-carnitina, fibras especiais e n\u00edveis reduzidos de calorias para ajudar a manter o peso ideal.<\/p>\n<p>Modo de usar<br \/>\nFornecer diariamente o alimento Quatree Select Gatos Castrados Frango de acordo com a idade ou o peso do animal. As quantidades indicadas na tabela acima s\u00e3o uma refer\u00eancia, podendo variar conforme a ra\u00e7a, idade e atividade do gato ou de acordo com a orienta\u00e7\u00e3o do m\u00e9dico-veterin\u00e1rio.<\/p>\n<p>Quantidade Di\u00e1ria<br \/>\nFilhotes &#8211; 6 a 12 meses<br \/>\nIdade Por\u00e7\u00e3o<br \/>\n6 a 9 meses 55g a 60g<br \/>\n9 a 12 meses 60g a 65g<\/p>\n<p>Adultos<br \/>\nPeso do gato adulto Por\u00e7\u00e3o<br \/>\n2kg 30g<br \/>\n3kg 40g<br \/>\n4kg 45g<br \/>\n5kg 55g<br \/>\n6kg 60g<br \/>\n7kg 65g<br \/>\n8kg 75g<\/p>\n<p>Um copo de 250ml equivale a aproximadamente 105g de Quatree Select Gatos Castrados Frango.<\/p>\n<p>Composi\u00e7\u00e3o<br \/>\nFarinha de v\u00edsceras de frango (m\u00edn. 20%), farinha de torresmo (m\u00edn. 2%), milho mo\u00eddo, quirera de arroz (m\u00edn. 5%), farinha de batata doce (m\u00edn. 0,5%), sorgo integral mo\u00eddo, farelo de gl\u00faten de milho-60, \u00f3leo de aves, gordura su\u00edna, farinha de peixes (m\u00edn. 0,5%), polpa desidratada de beterraba, gr\u00e3o de linha\u00e7a, levedura de cervejaria inativada desidratada, celulose, lignocelulose, ze\u00f3lita, cloreto de pot\u00e1ssio, cloreto de s\u00f3dio, parede celular de levedura, hidrolisado de f\u00edgado de aves e su\u00edno, mananoligossacar\u00eddeo (MOS) (m\u00edn. 0,1%), extrato de yucca (m\u00edn. 0,03%), metionina, \u00e1cido fosf\u00f3rico, taurina, L-carnitina, BHT\/BHA, acetato de retinol (vit. A), colecalciferol (vit. D3), \u00e1cido asc\u00f3rbico (vit. C), acetato de DL-alfa-tocoferol (vit. E), mononitrato de tiamina (vit. B1), riboflavina (vit. B2), cloridrato de piridoxina (vit. B6), cianocobalamina (vit. B12), bissulfito de menadiona nicotinamida (vit. K3), biotina, cloreto de colina, niacina (\u00e1cido nicot\u00ednico), \u00e1cido f\u00f3lico, D-pantotenato de c\u00e1lcio (\u00e1cido pantot\u00eanico), sulfato de cobre monohidratado, sulfato de ferro, sulfato de zinco, sulfato de mangan\u00eas, selenito de s\u00f3dio, iodato de c\u00e1lcio, proteinato de mangan\u00eas, proteinato de sel\u00eanio, proteinato de zinco.<\/p>","protected":false},"excerpt":{"rendered":"<p>Descri\u00e7\u00e3o Ra\u00e7\u00e3o Quatree Select Gatos Castrados Frango e Arroz \u2013 10,1kg &#8211; Indicado para gatos; &#8211; Para gatos castrados; &#8211; Cont\u00e9m \u00d4mega 3 e 6; &#8211; Controle do pH urin\u00e1rio; &#8211; Controle do peso ideal. Quatree Select Gatos Castrados Frango tem controle do pH urin\u00e1rio e equil\u00edbrio dos minerais que auxiliam na sa\u00fade do trato [&hellip;]<\/p>\n","protected":false},"featured_media":1410784211,"comment_status":"open","ping_status":"closed","template":"","meta":{"googlesitekit_rrm_CAow0N7NCw:productID":"","content-type":"","pmpro_default_level":"","_themeisle_gutenberg_block_has_review":false},"product_brand":[336],"product_cat":[256],"product_tag":[],"class_list":{"0":"post-1410784212","1":"product","2":"type-product","3":"status-publish","4":"has-post-thumbnail","6":"product_brand-quatree","7":"product_cat-racoes","8":"pmpro-has-access","10":"first","11":"outofstock","12":"taxable","13":"shipping-taxable","14":"purchasable","15":"product-type-simple"},"_links":{"self":[{"href":"https:\/\/dinhosreef.com\/en\/wp-json\/wp\/v2\/product\/1410784212","targetHints":{"allow":["GET"]}}],"collection":[{"href":"https:\/\/dinhosreef.com\/en\/wp-json\/wp\/v2\/product"}],"about":[{"href":"https:\/\/dinhosreef.com\/en\/wp-json\/wp\/v2\/types\/product"}],"replies":[{"embeddable":true,"href":"https:\/\/dinhosreef.com\/en\/wp-json\/wp\/v2\/comments?post=1410784212"}],"wp:featuredmedia":[{"embeddable":true,"href":"https:\/\/dinhosreef.com\/en\/wp-json\/wp\/v2\/media\/1410784211"}],"wp:attachment":[{"href":"https:\/\/dinhosreef.com\/en\/wp-json\/wp\/v2\/media?parent=1410784212"}],"wp:term":[{"taxonomy":"product_brand","embeddable":true,"href":"https:\/\/dinhosreef.com\/en\/wp-json\/wp\/v2\/product_brand?post=1410784212"},{"taxonomy":"product_cat","embeddable":true,"href":"https:\/\/dinhosreef.com\/en\/wp-json\/wp\/v2\/product_cat?post=1410784212"},{"taxonomy":"product_tag","embeddable":true,"href":"https:\/\/dinhosreef.com\/en\/wp-json\/wp\/v2\/product_tag?post=1410784212"}],"curies":[{"name":"wp","href":"https:\/\/api.w.org\/{rel}","templated":true}]}}